{"id":60332,"date":"2022-10-11T12:57:38","date_gmt":"2022-10-11T10:57:38","guid":{"rendered":"https:\/\/galicianparts.com\/shop\/producto\/0k553-61c14a-filtro-habitaculo-kia-carnival-1999-2007-nuevo-original\/"},"modified":"2024-07-26T18:05:33","modified_gmt":"2024-07-26T16:05:33","slug":"0k553-61c14a-filtro-habitaculo-kia-carnival-1999-2007-nuevo-original","status":"publish","type":"product","link":"https:\/\/galicianparts.com\/shop\/producto\/0k553-61c14a-filtro-habitaculo-kia-carnival-1999-2007-nuevo-original\/","title":{"rendered":"0K553-61C14A Filtro habit\u00e1culo Kia Carnival (1999-2007) NUEVO ORIGINAL"},"content":{"rendered":"<p>Filtro de polen de:<br \/>\nKIA Carnival I (UP)<br \/>\n2.5 V6, A\u00f1o 08.1999 &#8211; 10.2001, 2497 , 165<br \/>\n2.9 TD, A\u00f1o 08.1999 &#8211; 10.2001, 2903 , 126<br \/>\nKIA Carnival I (GQ)<br \/>\n2.5 V6, A\u00f1o 10.2001 &#8211; 06.2006, 2497 , 150<br \/>\n2.9 CRDi, A\u00f1o 10.2001 &#8211; 06.2006, 2902 , 144<br \/>\n2.9 TD, A\u00f1o 01.1999 &#8211; 09.2007, 2903 , 126<br \/>\n3.5, A\u00f1o 07.2002 &#8211; 04.2006, 3497 , 194<\/p>\n<p>LA PIEZA ES NUEVA Y ORIGINAL.<\/p>\n","protected":false},"excerpt":{"rendered":"<p>Filtro de polen de: KIA Carnival I (UP) 2.5 V6, A\u00f1o 08.1999 &#8211; 10.2001, 2497 , 165 2.9 TD, A\u00f1o 08.1999 &#8211; 10.2001, 2903 , 126 KIA Carnival I (GQ) 2.5 V6, A\u00f1o 10.2001 &#8211; 06.2006, 2497 , 150 2.9 CRDi, A\u00f1o 10.2001 &#8211; 06.2006, 2902 , 144 2.9 TD, A\u00f1o 01.1999 &#8211; 09.2007, 2903 [&hellip;]<\/p>\n","protected":false},"featured_media":60336,"template":"","meta":{"_seopress_robots_primary_cat":"","_seopress_titles_title":"","_seopress_titles_desc":"","_seopress_robots_index":""},"product_cat":[254,22],"product_tag":[],"class_list":{"0":"post-60332","1":"product","2":"type-product","3":"status-publish","4":"has-post-thumbnail","6":"product_cat-recambios-kia-carnival","7":"product_cat-recambios-kia","9":"first","10":"outofstock","11":"taxable","12":"shipping-taxable","13":"purchasable","14":"product-type-simple"},"_links":{"self":[{"href":"https:\/\/galicianparts.com\/shop\/wp-json\/wp\/v2\/product\/60332"}],"collection":[{"href":"https:\/\/galicianparts.com\/shop\/wp-json\/wp\/v2\/product"}],"about":[{"href":"https:\/\/galicianparts.com\/shop\/wp-json\/wp\/v2\/types\/product"}],"wp:featuredmedia":[{"embeddable":true,"href":"https:\/\/galicianparts.com\/shop\/wp-json\/wp\/v2\/media\/60336"}],"wp:attachment":[{"href":"https:\/\/galicianparts.com\/shop\/wp-json\/wp\/v2\/media?parent=60332"}],"wp:term":[{"taxonomy":"product_cat","embeddable":true,"href":"https:\/\/galicianparts.com\/shop\/wp-json\/wp\/v2\/product_cat?post=60332"},{"taxonomy":"product_tag","embeddable":true,"href":"https:\/\/galicianparts.com\/shop\/wp-json\/wp\/v2\/product_tag?post=60332"}],"curies":[{"name":"wp","href":"https:\/\/api.w.org\/{rel}","templated":true}]}}