{"id":60339,"date":"2022-10-11T13:12:52","date_gmt":"2022-10-11T11:12:52","guid":{"rendered":"https:\/\/galicianparts.com\/shop\/producto\/4464828-casquillo-ciguenal-lancia-delta-hf-tb-beta-1-6-nuevo-original\/"},"modified":"2022-10-11T13:14:26","modified_gmt":"2022-10-11T11:14:26","slug":"4464828-casquillo-ciguenal-lancia-delta-hf-tb-beta-1-6-nuevo-original","status":"publish","type":"product","link":"https:\/\/galicianparts.com\/shop\/producto\/4464828-casquillo-ciguenal-lancia-delta-hf-tb-beta-1-6-nuevo-original\/","title":{"rendered":"4464828 Casquillo cig\u00fce\u00f1al Lancia Delta HF TB \/Beta 1.6 NUEVO ORIGINAL"},"content":{"rendered":"<p>Anillo separador del cig\u00fce\u00f1al del lado del volante de motor de:<br \/>\nDi\u00e1metro interior: 15 mm<br \/>\nDi\u00e1metro exterior: 35 mm<br \/>\nAltura: 16 mm<\/p>\n<p>LANCIA &#8211; TB DELTA R.86 (1986-1992) 1600 MPI \/ 1600 SPI USA 83 \/ 1600 MPI TB \/ 1600 MPI TB USA 83<br \/>\nLANCIA &#8211; BETA 1.6<\/p>\n<p>LA PIEZA ES NUEVA Y ORIGINAL.<\/p>\n","protected":false},"excerpt":{"rendered":"<p>Anillo separador del cig\u00fce\u00f1al del lado del volante de motor de: Di\u00e1metro interior: 15 mm Di\u00e1metro exterior: 35 mm Altura: 16 mm LANCIA &#8211; TB DELTA R.86 (1986-1992) 1600 MPI \/ 1600 SPI USA 83 \/ 1600 MPI TB \/ 1600 MPI TB USA 83 LANCIA &#8211; BETA 1.6 LA PIEZA ES NUEVA Y ORIGINAL.<\/p>\n","protected":false},"featured_media":60342,"template":"","meta":{"_seopress_robots_primary_cat":"","_seopress_titles_title":"","_seopress_titles_desc":"","_seopress_robots_index":""},"product_cat":[116,118,21],"product_tag":[],"class_list":{"0":"post-60339","1":"product","2":"type-product","3":"status-publish","4":"has-post-thumbnail","6":"product_cat-recambios-lancia-beta","7":"product_cat-recambios-lancia-delta","8":"product_cat-recambios-lancia","10":"first","11":"instock","12":"taxable","13":"shipping-taxable","14":"purchasable","15":"product-type-simple"},"_links":{"self":[{"href":"https:\/\/galicianparts.com\/shop\/wp-json\/wp\/v2\/product\/60339"}],"collection":[{"href":"https:\/\/galicianparts.com\/shop\/wp-json\/wp\/v2\/product"}],"about":[{"href":"https:\/\/galicianparts.com\/shop\/wp-json\/wp\/v2\/types\/product"}],"wp:featuredmedia":[{"embeddable":true,"href":"https:\/\/galicianparts.com\/shop\/wp-json\/wp\/v2\/media\/60342"}],"wp:attachment":[{"href":"https:\/\/galicianparts.com\/shop\/wp-json\/wp\/v2\/media?parent=60339"}],"wp:term":[{"taxonomy":"product_cat","embeddable":true,"href":"https:\/\/galicianparts.com\/shop\/wp-json\/wp\/v2\/product_cat?post=60339"},{"taxonomy":"product_tag","embeddable":true,"href":"https:\/\/galicianparts.com\/shop\/wp-json\/wp\/v2\/product_tag?post=60339"}],"curies":[{"name":"wp","href":"https:\/\/api.w.org\/{rel}","templated":true}]}}