{"id":60372,"date":"2022-10-13T09:10:07","date_gmt":"2022-10-13T07:10:07","guid":{"rendered":"https:\/\/galicianparts.com\/shop\/producto\/4472695-tapa-ciguenal-fiat-uno-1-5-1989-1995-nueva-original\/"},"modified":"2022-10-13T09:12:29","modified_gmt":"2022-10-13T07:12:29","slug":"4472695-tapa-ciguenal-fiat-uno-1-5-1989-1995-nueva-original","status":"publish","type":"product","link":"https:\/\/galicianparts.com\/shop\/producto\/4472695-tapa-ciguenal-fiat-uno-1-5-1989-1995-nueva-original\/","title":{"rendered":"4472695 Tapa cig\u00fce\u00f1al Fiat Uno 1.5 (1989-1995) NUEVA ORIGINAL"},"content":{"rendered":"<p>7771938 Tapa del c\u00e1rter, apoyo del ret\u00e9n del cig\u00fce\u00f1al del lado de la correa de distribuci\u00f3n de:<br \/>\nFIAT &#8211; MS UNO R\/89 (1989-1995) 1500 SPI USA&#8217;83<\/p>\n<p>LA PIEZA ES NUEVA Y ORIGINAL.<\/p>\n","protected":false},"excerpt":{"rendered":"<p>7771938 Tapa del c\u00e1rter, apoyo del ret\u00e9n del cig\u00fce\u00f1al del lado de la correa de distribuci\u00f3n de: FIAT &#8211; MS UNO R\/89 (1989-1995) 1500 SPI USA&#8217;83 LA PIEZA ES NUEVA Y ORIGINAL.<\/p>\n","protected":false},"featured_media":60375,"template":"","meta":{"_seopress_robots_primary_cat":"","_seopress_titles_title":"","_seopress_titles_desc":"","_seopress_robots_index":""},"product_cat":[20,114],"product_tag":[],"class_list":{"0":"post-60372","1":"product","2":"type-product","3":"status-publish","4":"has-post-thumbnail","6":"product_cat-recambios-fiat","7":"product_cat-recambios-fiat-uno","9":"first","10":"instock","11":"taxable","12":"shipping-taxable","13":"purchasable","14":"product-type-simple"},"_links":{"self":[{"href":"https:\/\/galicianparts.com\/shop\/wp-json\/wp\/v2\/product\/60372"}],"collection":[{"href":"https:\/\/galicianparts.com\/shop\/wp-json\/wp\/v2\/product"}],"about":[{"href":"https:\/\/galicianparts.com\/shop\/wp-json\/wp\/v2\/types\/product"}],"wp:featuredmedia":[{"embeddable":true,"href":"https:\/\/galicianparts.com\/shop\/wp-json\/wp\/v2\/media\/60375"}],"wp:attachment":[{"href":"https:\/\/galicianparts.com\/shop\/wp-json\/wp\/v2\/media?parent=60372"}],"wp:term":[{"taxonomy":"product_cat","embeddable":true,"href":"https:\/\/galicianparts.com\/shop\/wp-json\/wp\/v2\/product_cat?post=60372"},{"taxonomy":"product_tag","embeddable":true,"href":"https:\/\/galicianparts.com\/shop\/wp-json\/wp\/v2\/product_tag?post=60372"}],"curies":[{"name":"wp","href":"https:\/\/api.w.org\/{rel}","templated":true}]}}