{"id":60401,"date":"2022-10-13T10:07:07","date_gmt":"2022-10-13T08:07:07","guid":{"rendered":"https:\/\/galicianparts.com\/shop\/producto\/7627756-cable-borne-negativo-bateria-fiat-panda-1991-2003-nuevo-original\/"},"modified":"2023-06-19T13:01:10","modified_gmt":"2023-06-19T11:01:10","slug":"7627756-cable-borne-negativo-bateria-fiat-panda-1991-2003-nuevo-original","status":"publish","type":"product","link":"https:\/\/galicianparts.com\/shop\/producto\/7627756-cable-borne-negativo-bateria-fiat-panda-1991-2003-nuevo-original\/","title":{"rendered":"7627756 Cable borne negativo bater\u00eda Fiat Panda (1991-2003) NUEVO ORIGINAL"},"content":{"rendered":"<p>Cable el\u00e9ctrico del borne negativo de la bater\u00eda de:<br \/>\nFIAT &#8211; 1S PANDA 4X2 MAQ 91 (1991-2003) 1000 SPI USA 83 WEBER \/ 1100 SPI USA 83 \/ 1000 SPI CF2 \/ 1100 SPI CF2 \/ 1100 MPI CF3 \/ 1000\u00a0SPI\u00a0USA\u00a083\u00a0BOSCH<\/p>\n<p>LA PIEZA ES NUEVA Y ORIGINAL.<\/p>\n","protected":false},"excerpt":{"rendered":"<p>Cable el\u00e9ctrico del borne negativo de la bater\u00eda de: FIAT &#8211; 1S PANDA 4X2 MAQ 91 (1991-2003) 1000 SPI USA 83 WEBER \/ 1100 SPI USA 83 \/ 1000 SPI CF2 \/ 1100 SPI CF2 \/ 1100 MPI CF3 \/ 1000\u00a0SPI\u00a0USA\u00a083\u00a0BOSCH LA PIEZA ES NUEVA Y ORIGINAL.<\/p>\n","protected":false},"featured_media":60403,"template":"","meta":{"_seopress_robots_primary_cat":"","_seopress_titles_title":"","_seopress_titles_desc":"","_seopress_robots_index":""},"product_cat":[20,99],"product_tag":[],"class_list":{"0":"post-60401","1":"product","2":"type-product","3":"status-publish","4":"has-post-thumbnail","6":"product_cat-recambios-fiat","7":"product_cat-recambios-fiat-panda","9":"first","10":"outofstock","11":"taxable","12":"shipping-taxable","13":"purchasable","14":"product-type-simple"},"_links":{"self":[{"href":"https:\/\/galicianparts.com\/shop\/wp-json\/wp\/v2\/product\/60401"}],"collection":[{"href":"https:\/\/galicianparts.com\/shop\/wp-json\/wp\/v2\/product"}],"about":[{"href":"https:\/\/galicianparts.com\/shop\/wp-json\/wp\/v2\/types\/product"}],"wp:featuredmedia":[{"embeddable":true,"href":"https:\/\/galicianparts.com\/shop\/wp-json\/wp\/v2\/media\/60403"}],"wp:attachment":[{"href":"https:\/\/galicianparts.com\/shop\/wp-json\/wp\/v2\/media?parent=60401"}],"wp:term":[{"taxonomy":"product_cat","embeddable":true,"href":"https:\/\/galicianparts.com\/shop\/wp-json\/wp\/v2\/product_cat?post=60401"},{"taxonomy":"product_tag","embeddable":true,"href":"https:\/\/galicianparts.com\/shop\/wp-json\/wp\/v2\/product_tag?post=60401"}],"curies":[{"name":"wp","href":"https:\/\/api.w.org\/{rel}","templated":true}]}}