{"id":60413,"date":"2022-10-13T10:59:51","date_gmt":"2022-10-13T08:59:51","guid":{"rendered":"https:\/\/galicianparts.com\/shop\/producto\/4419037-muelle-palanca-guia-asiento-fiat-panda-1985-1993-nuevo-original\/"},"modified":"2022-10-13T11:01:39","modified_gmt":"2022-10-13T09:01:39","slug":"4419037-muelle-palanca-guia-asiento-fiat-panda-1985-1993-nuevo-original","status":"publish","type":"product","link":"https:\/\/galicianparts.com\/shop\/producto\/4419037-muelle-palanca-guia-asiento-fiat-panda-1985-1993-nuevo-original\/","title":{"rendered":"4419037 Muelle palanca gu\u00eda asiento Fiat Panda (1985-1993) NUEVO ORIGINAL"},"content":{"rendered":"<p>Resorte de la palanca de la gu\u00eda de regulaci\u00f3n de los asientos delanteros de:<br \/>\nFIAT &#8211; LV PANDA 4X2 RL\/86 (1985-1991)<br \/>\nFIAT &#8211; 2P PANDA DS (1986-1993) BERLINA \/ VAN (RL\/86)<\/p>\n<p>LA PIEZA ES NUEVA Y ORIGINAL.<\/p>\n","protected":false},"excerpt":{"rendered":"<p>Resorte de la palanca de la gu\u00eda de regulaci\u00f3n de los asientos delanteros de: FIAT &#8211; LV PANDA 4X2 RL\/86 (1985-1991) FIAT &#8211; 2P PANDA DS (1986-1993) BERLINA \/ VAN (RL\/86) LA PIEZA ES NUEVA Y ORIGINAL.<\/p>\n","protected":false},"featured_media":60416,"template":"","meta":{"_seopress_robots_primary_cat":"","_seopress_titles_title":"","_seopress_titles_desc":"","_seopress_robots_index":""},"product_cat":[20,99],"product_tag":[],"class_list":{"0":"post-60413","1":"product","2":"type-product","3":"status-publish","4":"has-post-thumbnail","6":"product_cat-recambios-fiat","7":"product_cat-recambios-fiat-panda","9":"first","10":"instock","11":"taxable","12":"shipping-taxable","13":"purchasable","14":"product-type-simple"},"_links":{"self":[{"href":"https:\/\/galicianparts.com\/shop\/wp-json\/wp\/v2\/product\/60413"}],"collection":[{"href":"https:\/\/galicianparts.com\/shop\/wp-json\/wp\/v2\/product"}],"about":[{"href":"https:\/\/galicianparts.com\/shop\/wp-json\/wp\/v2\/types\/product"}],"wp:featuredmedia":[{"embeddable":true,"href":"https:\/\/galicianparts.com\/shop\/wp-json\/wp\/v2\/media\/60416"}],"wp:attachment":[{"href":"https:\/\/galicianparts.com\/shop\/wp-json\/wp\/v2\/media?parent=60413"}],"wp:term":[{"taxonomy":"product_cat","embeddable":true,"href":"https:\/\/galicianparts.com\/shop\/wp-json\/wp\/v2\/product_cat?post=60413"},{"taxonomy":"product_tag","embeddable":true,"href":"https:\/\/galicianparts.com\/shop\/wp-json\/wp\/v2\/product_tag?post=60413"}],"curies":[{"name":"wp","href":"https:\/\/api.w.org\/{rel}","templated":true}]}}