{"id":60460,"date":"2022-10-14T10:51:59","date_gmt":"2022-10-14T08:51:59","guid":{"rendered":"https:\/\/galicianparts.com\/shop\/producto\/4271589-casquillo-arbol-de-levas-fiat-panda-uno-seicento-cinquecento-nuevo-original\/"},"modified":"2023-03-16T17:35:05","modified_gmt":"2023-03-16T15:35:05","slug":"4271589-casquillo-arbol-de-levas-fiat-panda-uno-seicento-cinquecento-nuevo-original","status":"publish","type":"product","link":"https:\/\/galicianparts.com\/shop\/producto\/4271589-casquillo-arbol-de-levas-fiat-panda-uno-seicento-cinquecento-nuevo-original\/","title":{"rendered":"4271589 Casquillo \u00e1rbol de levas Fiat Panda \/Uno \/Seicento \/Cinquecento NUEVO ORIGINAL"},"content":{"rendered":"<p>Cojinete del \u00e1rbol de levas de:<br \/>\nDi\u00e1metro exterior: 50,495 mm<br \/>\nDi\u00e1metro interior: 38 mm<br \/>\nAltura: 28 mm<\/p>\n<p>FIAT &#8211; NM CINQUECENTO (1992-1998) 903 CARB. \/ 903 SPI\u00bbW\u00bb USA&#8217;83 \/ 899 SPI\u00bbW\u00bb \/ 899 CARB.<br \/>\nFIAT &#8211; 1S PANDA 4X2 MAQ 91 (1991-2003) 750 ACB CARB \/ 900 ACB CARB \/ 900 SPI USA 83<br \/>\nFIAT &#8211; LV PANDA 4X2 RL\/86 (1985-1991) 750 ACB \/ 900 ACB<br \/>\nFIAT &#8211; 1E SEICENTO (1998-2010) 899 SPI<br \/>\nFIAT &#8211; MR UNO R\/89 (1989-1995) 903<\/p>\n<p>LA PIEZA ES NUEVA Y ORIGINAL.<\/p>\n","protected":false},"excerpt":{"rendered":"<p>Cojinete del \u00e1rbol de levas de: Di\u00e1metro exterior: 50,495 mm Di\u00e1metro interior: 38 mm Altura: 28 mm FIAT &#8211; NM CINQUECENTO (1992-1998) 903 CARB. \/ 903 SPI\u00bbW\u00bb USA&#8217;83 \/ 899 SPI\u00bbW\u00bb \/ 899 CARB. FIAT &#8211; 1S PANDA 4X2 MAQ 91 (1991-2003) 750 ACB CARB \/ 900 ACB CARB \/ 900 SPI USA 83 FIAT [&hellip;]<\/p>\n","protected":false},"featured_media":60464,"template":"","meta":{"_seopress_robots_primary_cat":"","_seopress_titles_title":"","_seopress_titles_desc":"","_seopress_robots_index":""},"product_cat":[84,20,99,106,114],"product_tag":[],"class_list":{"0":"post-60460","1":"product","2":"type-product","3":"status-publish","4":"has-post-thumbnail","6":"product_cat-recambios-fiat-cinquecento","7":"product_cat-recambios-fiat","8":"product_cat-recambios-fiat-panda","9":"product_cat-recambios-fiat-seicento","10":"product_cat-recambios-fiat-uno","12":"first","13":"outofstock","14":"taxable","15":"shipping-taxable","16":"purchasable","17":"product-type-simple"},"_links":{"self":[{"href":"https:\/\/galicianparts.com\/shop\/wp-json\/wp\/v2\/product\/60460"}],"collection":[{"href":"https:\/\/galicianparts.com\/shop\/wp-json\/wp\/v2\/product"}],"about":[{"href":"https:\/\/galicianparts.com\/shop\/wp-json\/wp\/v2\/types\/product"}],"wp:featuredmedia":[{"embeddable":true,"href":"https:\/\/galicianparts.com\/shop\/wp-json\/wp\/v2\/media\/60464"}],"wp:attachment":[{"href":"https:\/\/galicianparts.com\/shop\/wp-json\/wp\/v2\/media?parent=60460"}],"wp:term":[{"taxonomy":"product_cat","embeddable":true,"href":"https:\/\/galicianparts.com\/shop\/wp-json\/wp\/v2\/product_cat?post=60460"},{"taxonomy":"product_tag","embeddable":true,"href":"https:\/\/galicianparts.com\/shop\/wp-json\/wp\/v2\/product_tag?post=60460"}],"curies":[{"name":"wp","href":"https:\/\/api.w.org\/{rel}","templated":true}]}}