{"id":60550,"date":"2022-10-17T08:51:45","date_gmt":"2022-10-17T06:51:45","guid":{"rendered":"https:\/\/galicianparts.com\/shop\/producto\/5942666-deposito-limpiaparabrisas-fiat-uno-c-automatico-1989-1995-nuevo-original\/"},"modified":"2023-02-10T13:09:41","modified_gmt":"2023-02-10T11:09:41","slug":"5942666-deposito-limpiaparabrisas-fiat-uno-c-automatico-1989-1995-nuevo-original","status":"publish","type":"product","link":"https:\/\/galicianparts.com\/shop\/producto\/5942666-deposito-limpiaparabrisas-fiat-uno-c-automatico-1989-1995-nuevo-original\/","title":{"rendered":"5942666 Dep\u00f3sito limpiaparabrisas Fiat Uno C.Autom\u00e1tico (1989-1995) NUEVO ORIGINAL"},"content":{"rendered":"<p>5952121 Bolsa de dep\u00f3sito del l\u00edquido del limpiaparabrisas de:<br \/>\nFIAT &#8211; MS UNO R\/89 1.1-1370-1.5 (1989-1995) CAMBIO AUTOMATICO<\/p>\n<p>LA PIEZA ES NUEVA Y ORIGINAL.<\/p>\n","protected":false},"excerpt":{"rendered":"<p>5952121 Bolsa de dep\u00f3sito del l\u00edquido del limpiaparabrisas de: FIAT &#8211; MS UNO R\/89 1.1-1370-1.5 (1989-1995) CAMBIO AUTOMATICO LA PIEZA ES NUEVA Y ORIGINAL.<\/p>\n","protected":false},"featured_media":60554,"template":"","meta":{"_seopress_robots_primary_cat":"","_seopress_titles_title":"","_seopress_titles_desc":"","_seopress_robots_index":""},"product_cat":[20,114],"product_tag":[],"class_list":{"0":"post-60550","1":"product","2":"type-product","3":"status-publish","4":"has-post-thumbnail","6":"product_cat-recambios-fiat","7":"product_cat-recambios-fiat-uno","9":"first","10":"instock","11":"taxable","12":"shipping-taxable","13":"purchasable","14":"product-type-simple"},"_links":{"self":[{"href":"https:\/\/galicianparts.com\/shop\/wp-json\/wp\/v2\/product\/60550"}],"collection":[{"href":"https:\/\/galicianparts.com\/shop\/wp-json\/wp\/v2\/product"}],"about":[{"href":"https:\/\/galicianparts.com\/shop\/wp-json\/wp\/v2\/types\/product"}],"wp:featuredmedia":[{"embeddable":true,"href":"https:\/\/galicianparts.com\/shop\/wp-json\/wp\/v2\/media\/60554"}],"wp:attachment":[{"href":"https:\/\/galicianparts.com\/shop\/wp-json\/wp\/v2\/media?parent=60550"}],"wp:term":[{"taxonomy":"product_cat","embeddable":true,"href":"https:\/\/galicianparts.com\/shop\/wp-json\/wp\/v2\/product_cat?post=60550"},{"taxonomy":"product_tag","embeddable":true,"href":"https:\/\/galicianparts.com\/shop\/wp-json\/wp\/v2\/product_tag?post=60550"}],"curies":[{"name":"wp","href":"https:\/\/api.w.org\/{rel}","templated":true}]}}