{"id":60565,"date":"2022-10-17T11:38:14","date_gmt":"2022-10-17T09:38:14","guid":{"rendered":"https:\/\/galicianparts.com\/shop\/producto\/26300-02501-filtro-aceite-kia-hyundai-original\/"},"modified":"2024-07-15T11:41:28","modified_gmt":"2024-07-15T09:41:28","slug":"26300-02501-filtro-aceite-kia-hyundai-original","status":"publish","type":"product","link":"https:\/\/galicianparts.com\/shop\/producto\/26300-02501-filtro-aceite-kia-hyundai-original\/","title":{"rendered":"26300-02501 Filtro aceite Kia \/ Hyundai ORIGINAL"},"content":{"rendered":"<p>Filtro de aceite del motor de:<br \/>\nAltura: 72 mm<br \/>\nMedida de rosca: M20 X 1.5<br \/>\nDi\u00e1metro junta: 63 mm <\/p>\n<p>HYUNDAI Atos (MX)<br \/>\n1.0, A\u00f1o 09.2005 &#8211; 08.2008, 999 , 63<br \/>\n1.0 i, A\u00f1o 02.1998 &#8211; 12.2000, 999 , 54<br \/>\n1.0 i, A\u00f1o 03.2001 &#8211; 07.2003, 999 , 58<br \/>\n1.1, A\u00f1o 08.2003 &#8211; 12.2008, 1086 , 58<br \/>\n1.1, A\u00f1o 06.2003 &#8211; 12.2010, 1086 , 61<br \/>\n1.1, A\u00f1o 08.2003 &#8211; 12.2008, 1086 , 63<br \/>\nHYUNDAI Getz (TB)<br \/>\n1.1, A\u00f1o 09.2002 &#8211; 09.2005, 1086 , 63<br \/>\n1.1, A\u00f1o 09.2005 &#8211; 06.2009, 1086 , 67<br \/>\nHYUNDAI i10 I (PA)<br \/>\n1.0, A\u00f1o 01.2011 &#8211; 12.2017, 998 , 69<br \/>\n1.1, A\u00f1o 12.2007 &#8211; 12.2013, 1086 , 65<br \/>\n1.1, A\u00f1o 01.2008 &#8211; 12.2013, 1086 , 67<br \/>\n1.1, A\u00f1o 04.2011 &#8211; 12.2013, 1086 , 69<br \/>\n1.1 LPG, A\u00f1o 04.2011 &#8211; 12.2013, 1086 , 69<br \/>\n1.2, A\u00f1o 11.2008 &#8211; 12.2011, 1248 , 78<br \/>\n1.2, A\u00f1o 04.2011 &#8211; 12.2013, 1248 , 86<br \/>\nHYUNDAI i20 I Hatchback (PB)<br \/>\n1.2, A\u00f1o 09.2008 &#8211; 12.2012, 1248 , 78<br \/>\nHYUNDAI i10 II Hatchback (IA, BA)<br \/>\n1.0 LPG, A\u00f1o 02.2014 &#8211; &#8230;, 998 , 69<br \/>\n1.0, A\u00f1o 08.2013 &#8211; &#8230;, 998 , 67<br \/>\n1.2, A\u00f1o 12.2013 &#8211; &#8230;, 1248 , 87<br \/>\nHYUNDAI i20 II Hatchback (GB, IB)<br \/>\n1.2, A\u00f1o 11.2014 &#8211; &#8230;, 1248 , 75<br \/>\n1.2, A\u00f1o 11.2014 &#8211; &#8230;, 1248 , 84<\/p>\n<p>KIA Sephia I (FA)<br \/>\n1.5 i, A\u00f1o 02.1996 &#8211; 10.1997, 1498 , 80<br \/>\n1.6 i, A\u00f1o 09.1993 &#8211; 10.1997, 1598 , 80<br \/>\n1.8 i 16V, A\u00f1o 01.1995 &#8211; 10.1997, 1793 , 112<br \/>\nKIA Pride Hatchback (DA)<br \/>\n1.1 i, A\u00f1o 01.1991 &#8211; 10.2000, 1138 , 52<br \/>\n1.3, A\u00f1o 05.1994 &#8211; 05.1997, 1324 , 73<br \/>\n1.3 16V, A\u00f1o 01.1990 &#8211; 10.2000, 1324 , 60<br \/>\n1.3 16V, A\u00f1o 10.1996 &#8211; 05.2001, 1324 , 64<br \/>\n1.3 16V, A\u00f1o 01.1990 &#8211; 09.2001, 1324 , 72<br \/>\n1.3 i, A\u00f1o 01.1990 &#8211; 05.1997, 1324 , 69<br \/>\nKIA Clarus (K9A)<br \/>\n1.8 i 16V, A\u00f1o 07.1996 &#8211; 08.2001, 1793 , 116<br \/>\n2.0 i 16V, A\u00f1o 07.1996 &#8211; 11.2001, 1998 , 133<br \/>\nKIA Shuma \/ Sephia II Berlina (FB)<br \/>\n1.5, A\u00f1o 03.1996 &#8211; 12.1998, 1498 , 80<br \/>\n1.5 i 16V, A\u00f1o 10.1997 &#8211; 10.2001, 1498 , 88<br \/>\nKIA Shuma I Hatchback (FB)<br \/>\n1.5 i 16V, A\u00f1o 10.1997 &#8211; 03.2001, 1498 , 88<br \/>\n1.6, A\u00f1o 01.2001 &#8211; 12.2001, 1594 , 101<br \/>\n1.8 i 16V, A\u00f1o 10.1997 &#8211; 03.2001, 1793 , 110<br \/>\nKIA Roadster<br \/>\n1.8, A\u00f1o 08.1999 &#8211; &#8230;, 1793 , 136<br \/>\nKIA Rio I Familiar (DC)<br \/>\n1.3, A\u00f1o 08.2000 &#8211; 02.2005, 1343 , 75<br \/>\n1.3, A\u00f1o 08.2000 &#8211; 02.2005, 1343 , 82<br \/>\n1.5 16V, A\u00f1o 09.2002 &#8211; 02.2005, 1493 , 97<br \/>\n1.5 16V, A\u00f1o 08.2000 &#8211; 02.2005, 1493 , 98<br \/>\nKIA Carens I (FC)<br \/>\n1.8 i, A\u00f1o 11.2000 &#8211; 07.2002, 1793 , 110<br \/>\nKIA Rio I Berlina (DC) (A\u00f1o 07.2000 &#8211; 02.2005)<br \/>\n1.3, A\u00f1o 09.2000 &#8211; 02.2005, 1343 , 75<br \/>\n1.3, A\u00f1o 08.2002 &#8211; 02.2005, 1343 , 82<br \/>\n1.5, A\u00f1o 09.2002 &#8211; 02.2005, 1493 , 95<br \/>\n1.5 16V, A\u00f1o 09.2000 &#8211; 02.2005, 1493 , 98<br \/>\nKIA Shuma II (FB)<br \/>\n1.6, A\u00f1o 05.2001 &#8211; 08.2004, 1594 , 101<br \/>\n1.8, A\u00f1o 05.2001 &#8211; 06.2004, 1793 , 110<br \/>\n1.8, A\u00f1o 04.2003 &#8211; 08.2004, 1793 , 114<br \/>\nKIA Carens II (FJ)<br \/>\n1.6, A\u00f1o 07.2002 &#8211; &#8230;, 1594 , 105<br \/>\n1.8, A\u00f1o 07.2002 &#8211; &#8230;, 1793 , 126<br \/>\nKIA Picanto I (SA)<br \/>\n1.0, A\u00f1o 04.2004 &#8211; &#8230;, 999 , 61<br \/>\n1.0, A\u00f1o 09.2007 &#8211; &#8230;, 999 , 63<br \/>\n1.0, A\u00f1o 04.2004 &#8211; 04.2011, 999 , 72<br \/>\n1.0 LPG, A\u00f1o 01.2009 &#8211; 04.2011, 999 , 61<br \/>\n1.1, A\u00f1o 04.2004 &#8211; &#8230;, 1086 , 65<br \/>\n1.1 LPG, A\u00f1o 01.2009 &#8211; 04.2011, 1086 , 65<br \/>\nKIA Picanto II (TA)<br \/>\n1.0, A\u00f1o 05.2011 &#8211; &#8230;, 998 , 69<br \/>\n1.0 Bi-Fuel, A\u00f1o 05.2011 &#8211; &#8230;, 998 , 82<br \/>\nKIA Rio III Hatchback (UB)<br \/>\n1.25 LPG, A\u00f1o 09.2011 &#8211; &#8230;, 1248 , 86<\/p>\n<p>LA PIEZA ES NUEVA Y ORIGINAL.<\/p>\n","protected":false},"excerpt":{"rendered":"<p>Filtro de aceite del motor de: Altura: 72 mm Medida de rosca: M20 X 1.5 Di\u00e1metro junta: 63 mm HYUNDAI Atos (MX) 1.0, A\u00f1o 09.2005 &#8211; 08.2008, 999 , 63 1.0 i, A\u00f1o 02.1998 &#8211; 12.2000, 999 , 54 1.0 i, A\u00f1o 03.2001 &#8211; 07.2003, 999 , 58 1.1, A\u00f1o 08.2003 &#8211; 12.2008, 1086 , [&hellip;]<\/p>\n","protected":false},"featured_media":60566,"template":"","meta":{"_seopress_robots_primary_cat":"","_seopress_titles_title":"","_seopress_titles_desc":"","_seopress_robots_index":""},"product_cat":[320,212,267,288,271,293,294,22,60,201,253,268,202,258],"product_tag":[],"class_list":{"0":"post-60565","1":"product","2":"type-product","3":"status-publish","4":"has-post-thumbnail","6":"product_cat-recambios-hyundai-atos","7":"product_cat-recambios-kia-carens","8":"product_cat-recambios-kia-clarus","9":"product_cat-recambios-hyundai-getz","10":"product_cat-recambios-hyundai","11":"product_cat-recambios-hyundai-i10","12":"product_cat-recambios-hyundai-i20","13":"product_cat-recambios-kia","14":"product_cat-recambios-kia-picanto","15":"product_cat-recambios-kia-pride","16":"product_cat-recambios-kia-rio","17":"product_cat-recambios-kia-roadster","18":"product_cat-recambios-kia-sephia","19":"product_cat-recambios-kia-shuma","21":"first","22":"outofstock","23":"taxable","24":"shipping-taxable","25":"purchasable","26":"product-type-simple"},"_links":{"self":[{"href":"https:\/\/galicianparts.com\/shop\/wp-json\/wp\/v2\/product\/60565"}],"collection":[{"href":"https:\/\/galicianparts.com\/shop\/wp-json\/wp\/v2\/product"}],"about":[{"href":"https:\/\/galicianparts.com\/shop\/wp-json\/wp\/v2\/types\/product"}],"wp:featuredmedia":[{"embeddable":true,"href":"https:\/\/galicianparts.com\/shop\/wp-json\/wp\/v2\/media\/60566"}],"wp:attachment":[{"href":"https:\/\/galicianparts.com\/shop\/wp-json\/wp\/v2\/media?parent=60565"}],"wp:term":[{"taxonomy":"product_cat","embeddable":true,"href":"https:\/\/galicianparts.com\/shop\/wp-json\/wp\/v2\/product_cat?post=60565"},{"taxonomy":"product_tag","embeddable":true,"href":"https:\/\/galicianparts.com\/shop\/wp-json\/wp\/v2\/product_tag?post=60565"}],"curies":[{"name":"wp","href":"https:\/\/api.w.org\/{rel}","templated":true}]}}