{"id":60633,"date":"2022-10-17T17:10:45","date_gmt":"2022-10-17T15:10:45","guid":{"rendered":"https:\/\/galicianparts.com\/shop\/producto\/5881118-pack-cojinetes-bancada-0762-fiat-127-850-panda-seat-autobianchi-original\/"},"modified":"2022-10-17T17:13:14","modified_gmt":"2022-10-17T15:13:14","slug":"5881118-pack-cojinetes-bancada-0762-fiat-127-850-panda-seat-autobianchi-original","status":"publish","type":"product","link":"https:\/\/galicianparts.com\/shop\/producto\/5881118-pack-cojinetes-bancada-0762-fiat-127-850-panda-seat-autobianchi-original\/","title":{"rendered":"5881118 Pack cojinetes bancada 0,762 Fiat 127 \/850 \/Panda \/Seat \/Autobianchi ORIGINAL"},"content":{"rendered":"<p>Juego, set de casquillos del cig\u00fce\u00f1al de:<br \/>\nSobremedida: 0.762 mm<\/p>\n<p>FIAT Cinquecento (170)<br \/>\n0.9, A\u00f1o 07.1991 &#8211; 12.1993, 903 , 41<br \/>\n0.9 i.e., A\u00f1o 07.1991 &#8211; 12.1993, 903 , 41<br \/>\n0.9 i.e. S, A\u00f1o 07.1991 &#8211; 07.1999, 899 , 40<br \/>\nFIAT 850 Coup\u00e9 (100)<br \/>\n0.9 Sport, A\u00f1o 02.1968 &#8211; 10.1972, 903 , 52<br \/>\n0.9 Sport, A\u00f1o 09.1969 &#8211; 12.1971, 903 , 58<br \/>\nFIAT 127 (127)<br \/>\n0.9, A\u00f1o 06.1971 &#8211; 05.1983, 903 , 40<br \/>\n0.9, A\u00f1o 06.1971 &#8211; 12.1986, 903 , 45<br \/>\n1.0, A\u00f1o 04.1977 &#8211; 12.1986, 1049 , 50<br \/>\nFIAT Panda I Hatchback (141)<br \/>\n0.9 Fire S A las 4 ruedas, A\u00f1o 10.1980 &#8211; 04.1986, 903 , 45<br \/>\n0.8, A\u00f1o 02.1981 &#8211; 12.1985, 837 , 34<br \/>\n0.9, A\u00f1o 04.1992 &#8211; 12.1996, 899 , 40<br \/>\n0.9, A\u00f1o 10.1980 &#8211; 06.1994, 903 , 45<br \/>\n1.0, A\u00f1o 09.1982 &#8211; 08.1983, 965 , 48<br \/>\n1.0 4&#215;4, A\u00f1o 09.1983 &#8211; 12.1986, 965 , 48<br \/>\nFIAT Fiorino (127)<br \/>\n1.0, A\u00f1o 01.1980 &#8211; 12.1987, 1049 , 50<br \/>\n0.9, A\u00f1o 10.1977 &#8211; 10.1986, 903 , 45<br \/>\nFIAT Uno (146)<br \/>\n0.9, A\u00f1o 02.1984 &#8211; 08.1989, 903 , 41<br \/>\n0.9, A\u00f1o 03.1983 &#8211; 09.1992, 903 , 45<br \/>\n0.9 45, A\u00f1o 02.1984 &#8211; 12.1988, 903 , 46<br \/>\nFIAT 850 Spider<br \/>\n0.8, A\u00f1o 10.1965 &#8211; 10.1968, 843 , 49<br \/>\n0.9 Sport, A\u00f1o 09.1971 &#8211; 12.1973, 903 , 48<br \/>\n0.9 Sport, A\u00f1o 03.1968 &#8211; 12.1972, 903 , 52<br \/>\nFIAT 850 Berlina<br \/>\n0.8, A\u00f1o 07.1964 &#8211; 10.1972, 843 , 34<br \/>\n0.8, A\u00f1o 07.1964 &#8211; 10.1972, 843 , 37<br \/>\n0.8 Special, A\u00f1o 03.1968 &#8211; 10.1972, 843 , 48<br \/>\n0.9 (100G), A\u00f1o 01.1969 &#8211; 12.1971, 903 , 52<br \/>\nFIAT Seicento \/ 600 Hatchback (187)<br \/>\n0.9, A\u00f1o 01.1998 &#8211; 01.2010, 899 , 39<br \/>\nFIAT 900 T\/E Pulmino (200_)<br \/>\n0.9, A\u00f1o 01.1978 &#8211; 01.1986, 903 , 35<br \/>\nFIAT 147 Hatchback<br \/>\n1.0, A\u00f1o 10.1976 &#8211; 12.1995, 1049 , 50<br \/>\nFIAT Seicento \/ 600 Van (287)<br \/>\n0.9, A\u00f1o 01.1998 &#8211; 01.2010, 899 , 39<br \/>\nFIAT Cinquecento Furg\u00f3n \/ Hatchback (170)<br \/>\n0.9 iE (170CF), A\u00f1o 07.1991 &#8211; 02.1998, 899 , 39<\/p>\n<p>LANCIA A 112 Hatchback<br \/>\n0.9 Junior (A112B\/2), A\u00f1o 03.1981 &#8211; 06.1986, 903 , 40<br \/>\n1.0 LX, A\u00f1o 03.1984 &#8211; 12.1986, 965 , 48<\/p>\n<p>SEAT Marbella (28)<br \/>\n0.8, A\u00f1o 08.1986 &#8211; 12.1993, 843 , 34<br \/>\n0.9, A\u00f1o 01.1987 &#8211; 12.1993, 903 , 40<br \/>\n0.9, A\u00f1o 07.1997 &#8211; 10.1998, 899 , 44<br \/>\n0.9 CAT, A\u00f1o 01.1990 &#8211; 11.1996, 903 , 40<br \/>\n0.9 CAT, A\u00f1o 11.1996 &#8211; 10.1998, 899 , 41<br \/>\nSEAT Terra (24)<br \/>\n0.9, A\u00f1o 02.1987 &#8211; 12.1996, 903 , 40<br \/>\n0.9 CAT, A\u00f1o 02.1992 &#8211; 12.1994, 903 , 40<br \/>\nSEAT Fura (025A)<br \/>\n0.9, A\u00f1o 03.1984 &#8211; 12.1986, 903 , 40<br \/>\n0.9, A\u00f1o 01.1982 &#8211; 06.1986, 903 , 43<br \/>\n0.9, A\u00f1o 01.1982 &#8211; 06.1986, 903 , 45<br \/>\nSEAT Ibiza I Hatchback (021A)<br \/>\n0.9, A\u00f1o 08.1990 &#8211; 05.1993, 903 , 40<br \/>\n0.9, A\u00f1o 08.1986 &#8211; 05.1993, 903 , 44<br \/>\nSEAT Panda (141A)<br \/>\n0.9, A\u00f1o 10.1980 &#8211; 12.1986, 903 , 42<br \/>\nSEAT 127<br \/>\n0.9, A\u00f1o 04.1972 &#8211; 12.1982, 903 , 45<br \/>\nSEAT 850 Berlina<br \/>\n0.9, A\u00f1o 02.1972 &#8211; 07.1975, 843 , 34<br \/>\n0.9, A\u00f1o 01.1966 &#8211; 12.1974, 843 , 37<br \/>\n0.9, A\u00f1o 01.1966 &#8211; 12.1974, 843 , 47<br \/>\n0.9, A\u00f1o 07.1970 &#8211; 10.1975, 903 , 52<\/p>\n<p>AUTOBIANCHI A 112 Hatchback<br \/>\n0.9, A\u00f1o 10.1969 &#8211; 12.1972, 903 , 44<br \/>\n0.9, A\u00f1o 01.1976 &#8211; 12.1978, 903 , 45<br \/>\n0.9 E, A\u00f1o 01.1973 &#8211; 12.1977, 903 , 47<br \/>\n0.9 Junior, A\u00f1o 07.1975 &#8211; 12.1985, 903 , 42<br \/>\n1.0 Abarth, A\u00f1o 09.1971 &#8211; 12.1975, 982 , 58<br \/>\n1.0 E,Elite,LX, A\u00f1o 11.1977 &#8211; 12.1985, 965 , 48<\/p>\n<p>LA PIEZA ES NUEVA Y ORIGINAL.<\/p>\n","protected":false},"excerpt":{"rendered":"<p>Juego, set de casquillos del cig\u00fce\u00f1al de: Sobremedida: 0.762 mm FIAT Cinquecento (170) 0.9, A\u00f1o 07.1991 &#8211; 12.1993, 903 , 41 0.9 i.e., A\u00f1o 07.1991 &#8211; 12.1993, 903 , 41 0.9 i.e. S, A\u00f1o 07.1991 &#8211; 07.1999, 899 , 40 FIAT 850 Coup\u00e9 (100) 0.9 Sport, A\u00f1o 02.1968 &#8211; 10.1972, 903 , 52 0.9 Sport, [&hellip;]<\/p>\n","protected":false},"featured_media":60634,"template":"","meta":{"_seopress_robots_primary_cat":"","_seopress_titles_title":"","_seopress_titles_desc":"","_seopress_robots_index":""},"product_cat":[179,68,222,76,167,186,369,63,25,84,20,91,208,162,21,207,99,237,26,106,233,114],"product_tag":[],"class_list":{"0":"post-60633","1":"product","2":"type-product","3":"status-publish","4":"has-post-thumbnail","6":"product_cat-recambios-seat-127","7":"product_cat-recambios-fiat-127","8":"product_cat-recambios-fiat-147","9":"product_cat-recambios-fiat-850","10":"product_cat-recambios-seat-850","11":"product_cat-recambios-fiat-900","12":"product_cat-recambios-lancia-a112","13":"product_cat-recambios-autobianchi-a112","14":"product_cat-recambios-autobianchi","15":"product_cat-recambios-fiat-cinquecento","16":"product_cat-recambios-fiat","17":"product_cat-recambios-fiat-fiorino","18":"product_cat-recambios-seat-fura","19":"product_cat-recambios-seat-ibiza","20":"product_cat-recambios-lancia","21":"product_cat-recambios-seat-marbella","22":"product_cat-recambios-fiat-panda","23":"product_cat-recambios-seat-panda","24":"product_cat-recambios-seat","25":"product_cat-recambios-fiat-seicento","26":"product_cat-recambios-seat-terra","27":"product_cat-recambios-fiat-uno","29":"first","30":"instock","31":"taxable","32":"shipping-taxable","33":"purchasable","34":"product-type-simple"},"_links":{"self":[{"href":"https:\/\/galicianparts.com\/shop\/wp-json\/wp\/v2\/product\/60633"}],"collection":[{"href":"https:\/\/galicianparts.com\/shop\/wp-json\/wp\/v2\/product"}],"about":[{"href":"https:\/\/galicianparts.com\/shop\/wp-json\/wp\/v2\/types\/product"}],"wp:featuredmedia":[{"embeddable":true,"href":"https:\/\/galicianparts.com\/shop\/wp-json\/wp\/v2\/media\/60634"}],"wp:attachment":[{"href":"https:\/\/galicianparts.com\/shop\/wp-json\/wp\/v2\/media?parent=60633"}],"wp:term":[{"taxonomy":"product_cat","embeddable":true,"href":"https:\/\/galicianparts.com\/shop\/wp-json\/wp\/v2\/product_cat?post=60633"},{"taxonomy":"product_tag","embeddable":true,"href":"https:\/\/galicianparts.com\/shop\/wp-json\/wp\/v2\/product_tag?post=60633"}],"curies":[{"name":"wp","href":"https:\/\/api.w.org\/{rel}","templated":true}]}}