{"id":60680,"date":"2022-10-17T18:46:09","date_gmt":"2022-10-17T16:46:09","guid":{"rendered":"https:\/\/galicianparts.com\/shop\/producto\/7609698-amortiguador-trasero-fiat-ritmo-regata-seat-ronda-ibiza-ritmo-nuevo-original\/"},"modified":"2022-10-17T18:52:57","modified_gmt":"2022-10-17T16:52:57","slug":"7609698-amortiguador-trasero-fiat-ritmo-regata-seat-ronda-ibiza-ritmo-nuevo-original","status":"publish","type":"product","link":"https:\/\/galicianparts.com\/shop\/producto\/7609698-amortiguador-trasero-fiat-ritmo-regata-seat-ronda-ibiza-ritmo-nuevo-original\/","title":{"rendered":"7609698 Amortiguador trasero Fiat Ritmo \/Regata \/Seat Ronda \/Ibiza \/Ritmo NUEVO ORIGINAL"},"content":{"rendered":"<p>Amortiguador de gas de la suspensi\u00f3n trasera de:<br \/>\nFIAT Regata Berlina (138)<br \/>\n1.6 Super 100, A\u00f1o 10.1983 &#8211; 07.1989, 1585 , 95<br \/>\n1.6 Super 100, A\u00f1o 10.1983 &#8211; 12.1990, 1585 , 101<br \/>\n1.7 Di\u00e9sel 60, A\u00f1o 09.1983 &#8211; 12.1986, 1714 , 58<br \/>\n1.7 Di\u00e9sel 60, A\u00f1o 05.1985 &#8211; 03.1989, 1698 , 60<br \/>\n1.9 Di\u00e9sel 65, A\u00f1o 04.1984 &#8211; 07.1989, 1929 , 65<br \/>\n1.3 70, A\u00f1o 09.1983 &#8211; 07.1989, 1301 , 65<br \/>\n1.3 70, A\u00f1o 09.1983 &#8211; 07.1986, 1301 , 68<br \/>\n1.5 75, A\u00f1o 12.1983 &#8211; 07.1989, 1498 , 75<br \/>\n1.9 Turbodi\u00e9sel 80, A\u00f1o 05.1986 &#8211; 07.1989, 1929 , 80<br \/>\n1.5 85, A\u00f1o 05.1985 &#8211; 12.1987, 1498 , 79<br \/>\n1.6 85, A\u00f1o 10.1983 &#8211; 06.1990, 1585 , 82<br \/>\n1.5 Super 85, A\u00f1o 09.1983 &#8211; 04.1985, 1498 , 82<br \/>\n1.6 i.e. 90, A\u00f1o 01.1987 &#8211; 07.1989, 1595 , 90<br \/>\nFIAT Ritmo I Hatchback (138)<br \/>\n1.0 60, A\u00f1o 09.1978 &#8211; 09.1982, 1049 , 60<br \/>\n1.1 60, A\u00f1o 10.1982 &#8211; 12.1987, 1116 , 55<br \/>\n1.1 60, A\u00f1o 04.1985 &#8211; 12.1987, 1116 , 58<br \/>\n1.3 65, A\u00f1o 01.1978 &#8211; 08.1985, 1301 , 65<br \/>\n1.3 70, A\u00f1o 01.1983 &#8211; 04.1985, 1301 , 68<br \/>\n1.3 75, A\u00f1o 01.1981 &#8211; 09.1982, 1301 , 75<br \/>\n1.5 75, A\u00f1o 01.1978 &#8211; 12.1988, 1498 , 75<br \/>\n1.5 85, A\u00f1o 08.1985 &#8211; 05.1987, 1498 , 79<br \/>\n1.5 85, A\u00f1o 01.1983 &#8211; 12.1987, 1498 , 82<br \/>\n1.5 85, A\u00f1o 01.1981 &#8211; 05.1987, 1498 , 85<br \/>\n1.6, A\u00f1o 12.1985 &#8211; 12.1987, 1585 , 90<br \/>\n1.6 100, A\u00f1o 01.1983 &#8211; 12.1987, 1585 , 100<br \/>\n1.6 Sport 105, A\u00f1o 05.1981 &#8211; 12.1987, 1585 , 105<br \/>\n1.7 Di\u00e9sel 55, A\u00f1o 10.1979 &#8211; 09.1982, 1714 , 55<br \/>\n1.7 Di\u00e9sel 60, A\u00f1o 05.1985 &#8211; 12.1987, 1698 , 60<br \/>\n1.9 Turbodi\u00e9sel 80, A\u00f1o 12.1985 &#8211; 12.1987, 1929 , 80<br \/>\nFIAT RITMO ABARTH (138A_)<br \/>\n2.0 TC Abarth 125, A\u00f1o 11.1981 &#8211; 12.1987, 1995 , 125<br \/>\n2.0 TC Abarth 130, A\u00f1o 04.1983 &#8211; 12.1987, 1995 , 130<\/p>\n<p>SEAT Ronda (022A)<br \/>\n1.2, A\u00f1o 10.1984 &#8211; 12.1986, 1193 , 60<br \/>\n1.2, A\u00f1o 08.1983 &#8211; 05.1985, 1193 , 64<br \/>\n1.4, A\u00f1o 06.1982 &#8211; 11.1988, 1438 , 73<br \/>\n1.5, A\u00f1o 09.1984 &#8211; 12.1986, 1461 , 85<br \/>\n1.6, A\u00f1o 08.1983 &#8211; 09.1985, 1592 , 92<br \/>\n1.7 Di\u00e9sel, A\u00f1o 06.1982 &#8211; 12.1986, 1714 , 54<br \/>\n1.7 Di\u00e9sel, A\u00f1o 06.1982 &#8211; 12.1986, 1714 , 56<br \/>\nSEAT Malaga (023A)<br \/>\n1.2, A\u00f1o 05.1985 &#8211; 12.1993, 1193 , 60<br \/>\n1.2, A\u00f1o 11.1984 &#8211; 12.1993, 1193 , 64<br \/>\n1.2 i, A\u00f1o 12.1989 &#8211; 12.1993, 1193 , 71<br \/>\n1.5, A\u00f1o 05.1985 &#8211; 12.1993, 1461 , 85<br \/>\n1.5 i, A\u00f1o 01.1987 &#8211; 12.1993, 1461 , 100<br \/>\n1.5 i CAT, A\u00f1o 10.1986 &#8211; 12.1993, 1461 , 90<br \/>\n1.7 D, A\u00f1o 05.1985 &#8211; 12.1993, 1714 , 54<br \/>\n1.7 D, A\u00f1o 05.1990 &#8211; 12.1993, 1714 , 57<br \/>\nSEAT Ibiza I Hatchback (021A)<br \/>\n0.9, A\u00f1o 08.1990 &#8211; 05.1993, 903 , 40<br \/>\n0.9, A\u00f1o 08.1986 &#8211; 05.1993, 903 , 44<br \/>\n1.2, A\u00f1o 11.1984 &#8211; 12.1993, 1193 , 60<br \/>\n1.2, A\u00f1o 11.1984 &#8211; 12.1993, 1193 , 64<br \/>\n1.2 i, A\u00f1o 01.1989 &#8211; 05.1993, 1193 , 71<br \/>\n1.5, A\u00f1o 11.1984 &#8211; 05.1993, 1461 , 85<br \/>\n1.5 i, A\u00f1o 10.1986 &#8211; 05.1993, 1461 , 89<br \/>\n1.5 i, A\u00f1o 10.1986 &#8211; 05.1993, 1461 , 100<br \/>\n1.5 i CAT, A\u00f1o 10.1986 &#8211; 05.1993, 1461 , 90<br \/>\n1.7, A\u00f1o 01.1991 &#8211; 05.1993, 1675 , 98<br \/>\n1.7 D, A\u00f1o 06.1984 &#8211; 05.1993, 1714 , 54<br \/>\n1.7 D, A\u00f1o 08.1990 &#8211; 05.1993, 1714 , 57<br \/>\nSEAT Ritmo (138)<br \/>\n1.4, A\u00f1o 07.1978 &#8211; 09.1983, 1438 , 77<br \/>\n1.7 D, A\u00f1o 10.1979 &#8211; 09.1983, 1714 , 56<\/p>\n<p>LA PIEZA ES NUEVA Y ORIGINAL.<\/p>\n","protected":false},"excerpt":{"rendered":"<p>Amortiguador de gas de la suspensi\u00f3n trasera de: FIAT Regata Berlina (138) 1.6 Super 100, A\u00f1o 10.1983 &#8211; 07.1989, 1585 , 95 1.6 Super 100, A\u00f1o 10.1983 &#8211; 12.1990, 1585 , 101 1.7 Di\u00e9sel 60, A\u00f1o 09.1983 &#8211; 12.1986, 1714 , 58 1.7 Di\u00e9sel 60, A\u00f1o 05.1985 &#8211; 03.1989, 1698 , 60 1.9 Di\u00e9sel 65, [&hellip;]<\/p>\n","protected":false},"featured_media":60683,"template":"","meta":{"_seopress_robots_primary_cat":"","_seopress_titles_title":"","_seopress_titles_desc":"","_seopress_robots_index":""},"product_cat":[20,162,164,102,198,103,165,26],"product_tag":[],"class_list":{"0":"post-60680","1":"product","2":"type-product","3":"status-publish","4":"has-post-thumbnail","6":"product_cat-recambios-fiat","7":"product_cat-recambios-seat-ibiza","8":"product_cat-recambios-seat-malaga","9":"product_cat-recambios-fiat-regata","10":"product_cat-recambios-seat-ritmo","11":"product_cat-recambios-fiat-ritmo","12":"product_cat-recambios-seat-ronda","13":"product_cat-recambios-seat","15":"first","16":"instock","17":"taxable","18":"shipping-taxable","19":"purchasable","20":"product-type-simple"},"_links":{"self":[{"href":"https:\/\/galicianparts.com\/shop\/wp-json\/wp\/v2\/product\/60680"}],"collection":[{"href":"https:\/\/galicianparts.com\/shop\/wp-json\/wp\/v2\/product"}],"about":[{"href":"https:\/\/galicianparts.com\/shop\/wp-json\/wp\/v2\/types\/product"}],"wp:featuredmedia":[{"embeddable":true,"href":"https:\/\/galicianparts.com\/shop\/wp-json\/wp\/v2\/media\/60683"}],"wp:attachment":[{"href":"https:\/\/galicianparts.com\/shop\/wp-json\/wp\/v2\/media?parent=60680"}],"wp:term":[{"taxonomy":"product_cat","embeddable":true,"href":"https:\/\/galicianparts.com\/shop\/wp-json\/wp\/v2\/product_cat?post=60680"},{"taxonomy":"product_tag","embeddable":true,"href":"https:\/\/galicianparts.com\/shop\/wp-json\/wp\/v2\/product_tag?post=60680"}],"curies":[{"name":"wp","href":"https:\/\/api.w.org\/{rel}","templated":true}]}}