{"id":60728,"date":"2022-10-18T09:33:14","date_gmt":"2022-10-18T07:33:14","guid":{"rendered":"https:\/\/galicianparts.com\/shop\/producto\/7699088-tubo-retorno-deposito-gasolina-fiat-uno-1989-1995-nuevo-original\/"},"modified":"2022-10-18T09:36:07","modified_gmt":"2022-10-18T07:36:07","slug":"7699088-tubo-retorno-deposito-gasolina-fiat-uno-1989-1995-nuevo-original","status":"publish","type":"product","link":"https:\/\/galicianparts.com\/shop\/producto\/7699088-tubo-retorno-deposito-gasolina-fiat-uno-1989-1995-nuevo-original\/","title":{"rendered":"7699088 Tubo retorno dep\u00f3sito gasolina Fiat Uno (1989-1995) NUEVO ORIGINAL"},"content":{"rendered":"<p>Manguito r\u00edgido de retorno de la inyecci\u00f3n al dep\u00f3sito de combustible de:<br \/>\nFIAT &#8211; MS UNO R\/89 (1989-1995) 1370 DAV-15<br \/>\nFIAT &#8211; MS UNO R\/89 (1989-1995) 1500 SPI USA&#8217;83 \/ APARATO ANTIEVAPORACION<br \/>\nFIAT &#8211; MR UNO R\/89 (1989-1995) 1000 \/ 1108<br \/>\nFIAT &#8211; MR UNO R\/89 (1989-1995) 1000 USA&#8217;83 \/ 1108 USA&#8217;83 (51CV) \/ 1100 USA&#8217;83 (49CV) \/ 994 SPI<\/p>\n<p>LA PIEZA ES NUEVA Y ORIGINAL.<\/p>\n","protected":false},"excerpt":{"rendered":"<p>Manguito r\u00edgido de retorno de la inyecci\u00f3n al dep\u00f3sito de combustible de: FIAT &#8211; MS UNO R\/89 (1989-1995) 1370 DAV-15 FIAT &#8211; MS UNO R\/89 (1989-1995) 1500 SPI USA&#8217;83 \/ APARATO ANTIEVAPORACION FIAT &#8211; MR UNO R\/89 (1989-1995) 1000 \/ 1108 FIAT &#8211; MR UNO R\/89 (1989-1995) 1000 USA&#8217;83 \/ 1108 USA&#8217;83 (51CV) \/ 1100 [&hellip;]<\/p>\n","protected":false},"featured_media":60733,"template":"","meta":{"_seopress_robots_primary_cat":"","_seopress_titles_title":"","_seopress_titles_desc":"","_seopress_robots_index":""},"product_cat":[20,114],"product_tag":[],"class_list":{"0":"post-60728","1":"product","2":"type-product","3":"status-publish","4":"has-post-thumbnail","6":"product_cat-recambios-fiat","7":"product_cat-recambios-fiat-uno","9":"first","10":"instock","11":"taxable","12":"shipping-taxable","13":"purchasable","14":"product-type-simple"},"_links":{"self":[{"href":"https:\/\/galicianparts.com\/shop\/wp-json\/wp\/v2\/product\/60728"}],"collection":[{"href":"https:\/\/galicianparts.com\/shop\/wp-json\/wp\/v2\/product"}],"about":[{"href":"https:\/\/galicianparts.com\/shop\/wp-json\/wp\/v2\/types\/product"}],"wp:featuredmedia":[{"embeddable":true,"href":"https:\/\/galicianparts.com\/shop\/wp-json\/wp\/v2\/media\/60733"}],"wp:attachment":[{"href":"https:\/\/galicianparts.com\/shop\/wp-json\/wp\/v2\/media?parent=60728"}],"wp:term":[{"taxonomy":"product_cat","embeddable":true,"href":"https:\/\/galicianparts.com\/shop\/wp-json\/wp\/v2\/product_cat?post=60728"},{"taxonomy":"product_tag","embeddable":true,"href":"https:\/\/galicianparts.com\/shop\/wp-json\/wp\/v2\/product_tag?post=60728"}],"curies":[{"name":"wp","href":"https:\/\/api.w.org\/{rel}","templated":true}]}}