{"id":60784,"date":"2022-10-18T11:15:07","date_gmt":"2022-10-18T09:15:07","guid":{"rendered":"https:\/\/galicianparts.com\/shop\/producto\/1351194080-amortiguador-delantero-fiat-ducato-94-11-citroen-jumper-peugeot-boxer-original\/"},"modified":"2024-06-24T12:43:08","modified_gmt":"2024-06-24T10:43:08","slug":"1351194080-amortiguador-delantero-fiat-ducato-94-11-citroen-jumper-peugeot-boxer-original","status":"publish","type":"product","link":"https:\/\/galicianparts.com\/shop\/producto\/1351194080-amortiguador-delantero-fiat-ducato-94-11-citroen-jumper-peugeot-boxer-original\/","title":{"rendered":"1351194080 Amortiguador delantero Fiat Ducato (94-11) Citro\u00ebn Jumper \/Peugeot Boxer ORIGINAL"},"content":{"rendered":"<p>Amortiguador de la suspensi\u00f3n delantera de:<br \/>\nFIAT PROFESSIONAL &#8211; PD DUCATO &#8217;94 BENZINA (1994-2002) CAPACIDAD 10Q \/ CON CAPACIDAD 14Q<br \/>\nFIAT PROFESSIONAL &#8211; 2E DUCATO RESTYL. (2001-2006) CAPACIDAD 11 QUINTALES \/ CAPACIDAD 15 Q \/ 2000 BZ MPI CF3 \/ 2000 GASOLINA MPI CF3 DECAT.<br \/>\nFIAT PROFESSIONAL &#8211; 2E DUCATO RESTYL. (2001-2006) CAPACIDAD 11 QUINTALES \/ CAPACIDAD 15 Q \/ 2000 JTD DW 10 \/ 2300\u00a0JTD \/ 2300\u00a0JTD\u00a0EGR \/ 2800 JTD \/ 2800 JTD EGR \/ 2800\u00a0JTD\u00a0CGV \/ 2800 TD \/ 2800 TD EGR<br \/>\nFIAT PROFESSIONAL &#8211; 2E DUCATO RESTYL. (2001-2006) CAPACIDAD 18Q \/ AUTOCARAVANA DIST.ENTRE EJES CORTA \/ AUTOCARAVANA DIST.ENTRE EJES MEDIA \/ AUTOCARAVANA DIST.ENTRE EJES LARGA \/ AUTOCARAVANA ALARGADA \/ 2000 JTD DW 10 \/ 2300\u00a0JTD \/ 2300\u00a0JTD\u00a0EGR \/ 2800 JTD \/ 2800 JTD EGR \/ 2800\u00a0JTD\u00a0CGV \/ 2800 TD \/ 2800 TD EGR<br \/>\nFIAT PROFESSIONAL &#8211; 3T DUCATO RUSSIA 2008 (2008-2011) CAPACIDAD 11 QUINTALES \/ CAPACIDAD 15 Q \/ 2300\u00a0JTD \/ 2300\u00a0JTD\u00a0EGR<br \/>\nFIAT PROFESSIONAL &#8211; PE DUCATO&#8217;94 DIESEL (1994-2002) CAPACIDAD 10Q \/ CAPACIDAD 14Q<\/p>\n<p>CITROEN jumper I Bus (230) (A\u00f1o 02.1994 &#8211; 04.2002)<br \/>\nCITRO\u00cbN Jumper I Furg\u00f3n (230) (A\u00f1o 02.1994 &#8211; 04.2002)<br \/>\nCITRO\u00cbN Jumper I Cami\u00f3n de plataforma\/Chasis (230) (A\u00f1o 03.1994 &#8211; 04.2002)<br \/>\nCITRO\u00cbN Jumper I Bus (244) (A\u00f1o 04.2002 &#8211; &#8230;)<br \/>\nCITRO\u00cbN Jumper I Furg\u00f3n (244) (A\u00f1o 04.2002 &#8211; &#8230;)<br \/>\nCITRO\u00cbN Jumper I Cami\u00f3n de plataforma\/Chasis (244) (A\u00f1o 02.2002 &#8211; &#8230;)<\/p>\n<p>PEUGEOT Boxer Bus (230) (A\u00f1o 03.1994 &#8211; 04.2002)<br \/>\nPEUGEOT Boxer Furg\u00f3n (230) (A\u00f1o 03.1994 &#8211; 06.2003)<br \/>\nPEUGEOT Boxer Cami\u00f3n de plataforma\/Chasis (230) (A\u00f1o 03.1994 &#8211; 04.2002)<br \/>\nPEUGEOT Boxer Bus (244) (A\u00f1o 12.2001 &#8211; &#8230;)<br \/>\nPEUGEOT Boxer Furg\u00f3n (244) (A\u00f1o 12.2001 &#8211; &#8230;)<br \/>\nPEUGEOT Boxer Cami\u00f3n de plataforma\/Chasis (244) (A\u00f1o 12.2001 &#8211; &#8230;)<\/p>\n<p>LA PIEZA ES NUEVA Y ORIGINAL.<\/p>\n","protected":false},"excerpt":{"rendered":"<p>Amortiguador de la suspensi\u00f3n delantera de: FIAT PROFESSIONAL &#8211; PD DUCATO &#8217;94 BENZINA (1994-2002) CAPACIDAD 10Q \/ CON CAPACIDAD 14Q FIAT PROFESSIONAL &#8211; 2E DUCATO RESTYL. (2001-2006) CAPACIDAD 11 QUINTALES \/ CAPACIDAD 15 Q \/ 2000 BZ MPI CF3 \/ 2000 GASOLINA MPI CF3 DECAT. FIAT PROFESSIONAL &#8211; 2E DUCATO RESTYL. (2001-2006) CAPACIDAD 11 QUINTALES [&hellip;]<\/p>\n","protected":false},"featured_media":60789,"template":"","meta":{"_seopress_robots_primary_cat":"","_seopress_titles_title":"","_seopress_titles_desc":"","_seopress_robots_index":""},"product_cat":[155,23,88,20,137,24],"product_tag":[],"class_list":{"0":"post-60784","1":"product","2":"type-product","3":"status-publish","4":"has-post-thumbnail","6":"product_cat-recambios-peugeot-boxer","7":"product_cat-recambios-citroen","8":"product_cat-recambios-fiat-ducato","9":"product_cat-recambios-fiat","10":"product_cat-recambios-citroen-jumper","11":"product_cat-recambios-peugeot","13":"first","14":"outofstock","15":"taxable","16":"shipping-taxable","17":"purchasable","18":"product-type-simple"},"_links":{"self":[{"href":"https:\/\/galicianparts.com\/shop\/wp-json\/wp\/v2\/product\/60784"}],"collection":[{"href":"https:\/\/galicianparts.com\/shop\/wp-json\/wp\/v2\/product"}],"about":[{"href":"https:\/\/galicianparts.com\/shop\/wp-json\/wp\/v2\/types\/product"}],"wp:featuredmedia":[{"embeddable":true,"href":"https:\/\/galicianparts.com\/shop\/wp-json\/wp\/v2\/media\/60789"}],"wp:attachment":[{"href":"https:\/\/galicianparts.com\/shop\/wp-json\/wp\/v2\/media?parent=60784"}],"wp:term":[{"taxonomy":"product_cat","embeddable":true,"href":"https:\/\/galicianparts.com\/shop\/wp-json\/wp\/v2\/product_cat?post=60784"},{"taxonomy":"product_tag","embeddable":true,"href":"https:\/\/galicianparts.com\/shop\/wp-json\/wp\/v2\/product_tag?post=60784"}],"curies":[{"name":"wp","href":"https:\/\/api.w.org\/{rel}","templated":true}]}}