{"id":60811,"date":"2022-10-18T13:49:31","date_gmt":"2022-10-18T11:49:31","guid":{"rendered":"https:\/\/galicianparts.com\/shop\/producto\/5952036-boton-marron-luneta-termica-trasera-fiat-uno-mki-original\/"},"modified":"2022-10-18T13:53:38","modified_gmt":"2022-10-18T11:53:38","slug":"5952036-boton-marron-luneta-termica-trasera-fiat-uno-mki-original","status":"publish","type":"product","link":"https:\/\/galicianparts.com\/shop\/producto\/5952036-boton-marron-luneta-termica-trasera-fiat-uno-mki-original\/","title":{"rendered":"5952036 Bot\u00f3n marr\u00f3n luneta t\u00e9rmica trasera Fiat Uno MKI ORIGINAL"},"content":{"rendered":"<p>Interruptor color marr\u00f3n, con las patillas inferiores traseras rotas, de la resistencia para desempa\u00f1ar el cristal del port\u00f3n trasero de:<br \/>\nFIAT UNO PRIMERA SERIE (1983-1989)<\/p>\n<p>LA PIEZA ES NUEVA Y ORIGINAL PERO TIENE LAS PATILLAS ROTAS A CAUSA DE ,AL ALMACENAJE.<\/p>\n","protected":false},"excerpt":{"rendered":"<p>Interruptor color marr\u00f3n, con las patillas inferiores traseras rotas, de la resistencia para desempa\u00f1ar el cristal del port\u00f3n trasero de: FIAT UNO PRIMERA SERIE (1983-1989) LA PIEZA ES NUEVA Y ORIGINAL PERO TIENE LAS PATILLAS ROTAS A CAUSA DE ,AL ALMACENAJE.<\/p>\n","protected":false},"featured_media":60812,"template":"","meta":{"_seopress_robots_primary_cat":"","_seopress_titles_title":"","_seopress_titles_desc":"","_seopress_robots_index":""},"product_cat":[20,114],"product_tag":[],"class_list":{"0":"post-60811","1":"product","2":"type-product","3":"status-publish","4":"has-post-thumbnail","6":"product_cat-recambios-fiat","7":"product_cat-recambios-fiat-uno","9":"first","10":"instock","11":"taxable","12":"shipping-taxable","13":"purchasable","14":"product-type-simple"},"_links":{"self":[{"href":"https:\/\/galicianparts.com\/shop\/wp-json\/wp\/v2\/product\/60811"}],"collection":[{"href":"https:\/\/galicianparts.com\/shop\/wp-json\/wp\/v2\/product"}],"about":[{"href":"https:\/\/galicianparts.com\/shop\/wp-json\/wp\/v2\/types\/product"}],"wp:featuredmedia":[{"embeddable":true,"href":"https:\/\/galicianparts.com\/shop\/wp-json\/wp\/v2\/media\/60812"}],"wp:attachment":[{"href":"https:\/\/galicianparts.com\/shop\/wp-json\/wp\/v2\/media?parent=60811"}],"wp:term":[{"taxonomy":"product_cat","embeddable":true,"href":"https:\/\/galicianparts.com\/shop\/wp-json\/wp\/v2\/product_cat?post=60811"},{"taxonomy":"product_tag","embeddable":true,"href":"https:\/\/galicianparts.com\/shop\/wp-json\/wp\/v2\/product_tag?post=60811"}],"curies":[{"name":"wp","href":"https:\/\/api.w.org\/{rel}","templated":true}]}}