{"id":60856,"date":"2022-10-18T18:08:17","date_gmt":"2022-10-18T16:08:17","guid":{"rendered":"https:\/\/galicianparts.com\/shop\/producto\/51800010-cerradura-electrica-puerta-trasera-der-fiat-linea-2007-nuevo-original\/"},"modified":"2024-11-14T14:11:48","modified_gmt":"2024-11-14T12:11:48","slug":"51800010-cerradura-electrica-puerta-trasera-der-fiat-linea-2007-nuevo-original","status":"publish","type":"product","link":"https:\/\/galicianparts.com\/shop\/producto\/51800010-cerradura-electrica-puerta-trasera-der-fiat-linea-2007-nuevo-original\/","title":{"rendered":"51800010 Cerradura el\u00e9ctrica puerta trasera der. Fiat Linea (2007-&#8230;) NUEVO ORIGINAL"},"content":{"rendered":"<p>51812333 Cerradura de la puerta trasera derecha con cierre centralizado el\u00e9ctrico de:<br \/>\nFIAT &#8211; 3M LINEA (2007-&#8230;.) BLOCAPUERTAS EL\u00c9CTRICO<br \/>\nFIAT &#8211; 3M LINEA (2007-&#8230;.) BLOCAPUERTAS EL\u00c9CTRICO \/ ADAPTACI\u00d3N PARA PA\u00cdSES FR\u00cdOS<\/p>\n<p>LA PIEZA ES NUEVA Y ORIGINAL.<\/p>\n","protected":false},"excerpt":{"rendered":"<p>51812333 Cerradura de la puerta trasera derecha con cierre centralizado el\u00e9ctrico de: FIAT &#8211; 3M LINEA (2007-&#8230;.) BLOCAPUERTAS EL\u00c9CTRICO FIAT &#8211; 3M LINEA (2007-&#8230;.) BLOCAPUERTAS EL\u00c9CTRICO \/ ADAPTACI\u00d3N PARA PA\u00cdSES FR\u00cdOS LA PIEZA ES NUEVA Y ORIGINAL.<\/p>\n","protected":false},"featured_media":60861,"template":"","meta":{"_seopress_robots_primary_cat":"","_seopress_titles_title":"","_seopress_titles_desc":"","_seopress_robots_index":""},"product_cat":[20,94],"product_tag":[],"class_list":{"0":"post-60856","1":"product","2":"type-product","3":"status-publish","4":"has-post-thumbnail","6":"product_cat-recambios-fiat","7":"product_cat-recambios-fiat-linea","9":"first","10":"outofstock","11":"taxable","12":"shipping-taxable","13":"purchasable","14":"product-type-simple"},"_links":{"self":[{"href":"https:\/\/galicianparts.com\/shop\/wp-json\/wp\/v2\/product\/60856"}],"collection":[{"href":"https:\/\/galicianparts.com\/shop\/wp-json\/wp\/v2\/product"}],"about":[{"href":"https:\/\/galicianparts.com\/shop\/wp-json\/wp\/v2\/types\/product"}],"wp:featuredmedia":[{"embeddable":true,"href":"https:\/\/galicianparts.com\/shop\/wp-json\/wp\/v2\/media\/60861"}],"wp:attachment":[{"href":"https:\/\/galicianparts.com\/shop\/wp-json\/wp\/v2\/media?parent=60856"}],"wp:term":[{"taxonomy":"product_cat","embeddable":true,"href":"https:\/\/galicianparts.com\/shop\/wp-json\/wp\/v2\/product_cat?post=60856"},{"taxonomy":"product_tag","embeddable":true,"href":"https:\/\/galicianparts.com\/shop\/wp-json\/wp\/v2\/product_tag?post=60856"}],"curies":[{"name":"wp","href":"https:\/\/api.w.org\/{rel}","templated":true}]}}