{"id":60864,"date":"2022-10-18T18:38:12","date_gmt":"2022-10-18T16:38:12","guid":{"rendered":"https:\/\/galicianparts.com\/shop\/producto\/7720119-deposito-refrigerante-fiat-uno-turbo-1989-1993-nuevo-original\/"},"modified":"2022-10-20T09:47:42","modified_gmt":"2022-10-20T07:47:42","slug":"7720119-deposito-refrigerante-fiat-uno-turbo-1989-1993-nuevo-original","status":"publish","type":"product","link":"https:\/\/galicianparts.com\/shop\/producto\/7720119-deposito-refrigerante-fiat-uno-turbo-1989-1993-nuevo-original\/","title":{"rendered":"7720119 Dep\u00f3sito refrigerante Fiat Uno Turbo (1989-1993) NUEVO ORIGINAL"},"content":{"rendered":"<p>Vaso de expansi\u00f3n, dep\u00f3sito de recuperaci\u00f3n del refrigerante para modelos con ABS de:<br \/>\nFIAT &#8211; MT UNO TURBO R\/89 (1989-1993) ANTISKID<\/p>\n<p>LA PIEZA ES NUEVA Y ORIGINAL.<\/p>\n","protected":false},"excerpt":{"rendered":"<p>Vaso de expansi\u00f3n, dep\u00f3sito de recuperaci\u00f3n del refrigerante para modelos con ABS de: FIAT &#8211; MT UNO TURBO R\/89 (1989-1993) ANTISKID LA PIEZA ES NUEVA Y ORIGINAL.<\/p>\n","protected":false},"featured_media":60868,"template":"","meta":{"_seopress_robots_primary_cat":"","_seopress_titles_title":"","_seopress_titles_desc":"","_seopress_robots_index":""},"product_cat":[20,114],"product_tag":[],"class_list":{"0":"post-60864","1":"product","2":"type-product","3":"status-publish","4":"has-post-thumbnail","6":"product_cat-recambios-fiat","7":"product_cat-recambios-fiat-uno","9":"first","10":"outofstock","11":"taxable","12":"shipping-taxable","13":"purchasable","14":"product-type-simple"},"_links":{"self":[{"href":"https:\/\/galicianparts.com\/shop\/wp-json\/wp\/v2\/product\/60864"}],"collection":[{"href":"https:\/\/galicianparts.com\/shop\/wp-json\/wp\/v2\/product"}],"about":[{"href":"https:\/\/galicianparts.com\/shop\/wp-json\/wp\/v2\/types\/product"}],"wp:featuredmedia":[{"embeddable":true,"href":"https:\/\/galicianparts.com\/shop\/wp-json\/wp\/v2\/media\/60868"}],"wp:attachment":[{"href":"https:\/\/galicianparts.com\/shop\/wp-json\/wp\/v2\/media?parent=60864"}],"wp:term":[{"taxonomy":"product_cat","embeddable":true,"href":"https:\/\/galicianparts.com\/shop\/wp-json\/wp\/v2\/product_cat?post=60864"},{"taxonomy":"product_tag","embeddable":true,"href":"https:\/\/galicianparts.com\/shop\/wp-json\/wp\/v2\/product_tag?post=60864"}],"curies":[{"name":"wp","href":"https:\/\/api.w.org\/{rel}","templated":true}]}}