{"id":60881,"date":"2022-10-18T19:01:43","date_gmt":"2022-10-18T17:01:43","guid":{"rendered":"https:\/\/galicianparts.com\/shop\/producto\/7560597-tubo-radiador-calefaccion-fiat-850-124-panda-seat-marbella-lancia-thema-original\/"},"modified":"2022-11-21T19:41:49","modified_gmt":"2022-11-21T17:41:49","slug":"7560597-tubo-radiador-calefaccion-fiat-850-124-panda-seat-marbella-lancia-thema-original","status":"publish","type":"product","link":"https:\/\/galicianparts.com\/shop\/producto\/7560597-tubo-radiador-calefaccion-fiat-850-124-panda-seat-marbella-lancia-thema-original\/","title":{"rendered":"7560597 Tubo radiador calefacci\u00f3n Fiat 850 \/124 \/Panda \/Seat Marbella \/Lancia Thema ORIGINAL"},"content":{"rendered":"<p>Tubo del radiador de la calefacci\u00f3n de:<br \/>\nFIAT 850 Coup\u00e9 (100)<br \/>\n0.9 Sport, A\u00f1o 02.1968 &#8211; 10.1972, 903 , 52<br \/>\nFIAT 850 Spider<br \/>\n0.8, A\u00f1o 10.1965 &#8211; 10.1968, 843 , 49<br \/>\n0.9 Sport, A\u00f1o 03.1968 &#8211; 12.1972, 903 , 52<br \/>\nFIAT 850 Berlina<br \/>\n0.8 Special, A\u00f1o 03.1968 &#8211; 10.1972, 843 , 48<br \/>\nFIAT Croma I (154)<br \/>\n1.6, A\u00f1o 12.1985 &#8211; 12.1990, 1585 , 83<br \/>\n2.0 i.e., A\u00f1o 03.1986 &#8211; 09.1990, 1995 , 113<br \/>\nFIAT Panda I (141)<br \/>\n1.0, A\u00f1o 01.1986 &#8211; 04.1992, 999 , 44<br \/>\n1.0, A\u00f1o 01.1985 &#8211; 12.1992, 999 , 50<br \/>\n1.0 i.e. KAT, A\u00f1o 10.1987 &#8211; 08.1998, 999 , 45<br \/>\n1.1, A\u00f1o 05.1991 &#8211; 12.1999, 1108 , 50<br \/>\n1.3 D, A\u00f1o 04.1986 &#8211; 12.1992, 1302 , 37<br \/>\n0.7, A\u00f1o 01.1986 &#8211; 10.2003, 770 , 34<br \/>\n0.9, A\u00f1o 10.1980 &#8211; 06.1994, 903 , 45<br \/>\nFIAT 124 Berlina (124)<br \/>\n1.6, A\u00f1o 01.1973 &#8211; 07.1975, 1592 , 95<br \/>\nFIAT 124 Coup\u00e9 (124)<br \/>\n1.4 Sport, A\u00f1o 06.1967 &#8211; 10.1972, 1438 , 90<\/p>\n<p>LANCIA Thema (834)<br \/>\n2.0 16V Turbo, A\u00f1o 12.1988 &#8211; 06.1990, 1995 , 181<br \/>\n2.0 i.e. 16V, A\u00f1o 05.1988 &#8211; 08.1992, 1995 , 147<br \/>\n2.0 i.e. 16V, A\u00f1o 02.1989 &#8211; 05.1992, 1995 , 141<br \/>\n2.0 i.e. 16V Turbo, A\u00f1o 04.1989 &#8211; 05.1992, 1995 , 177<br \/>\n2.0 i.e. Turbo, A\u00f1o 11.1984 &#8211; 12.1989, 1995 , 166<br \/>\n2.0 i.e.Turbo, A\u00f1o 07.1986 &#8211; 05.1990, 1995 , 150<\/p>\n<p>SEAT Marbella (28)<br \/>\n0.8, A\u00f1o 08.1986 &#8211; 12.1993, 843 , 34<\/p>\n<p>LA PIEZA ES NUEVA Y ORIGINAL.<\/p>\n","protected":false},"excerpt":{"rendered":"<p>Tubo del radiador de la calefacci\u00f3n de: FIAT 850 Coup\u00e9 (100) 0.9 Sport, A\u00f1o 02.1968 &#8211; 10.1972, 903 , 52 FIAT 850 Spider 0.8, A\u00f1o 10.1965 &#8211; 10.1968, 843 , 49 0.9 Sport, A\u00f1o 03.1968 &#8211; 12.1972, 903 , 52 FIAT 850 Berlina 0.8 Special, A\u00f1o 03.1968 &#8211; 10.1972, 843 , 48 FIAT Croma I [&hellip;]<\/p>\n","protected":false},"featured_media":60882,"template":"","meta":{"_seopress_robots_primary_cat":"","_seopress_titles_title":"","_seopress_titles_desc":"","_seopress_robots_index":""},"product_cat":[65,76,86,20,21,207,99,26,124],"product_tag":[],"class_list":{"0":"post-60881","1":"product","2":"type-product","3":"status-publish","4":"has-post-thumbnail","6":"product_cat-recambios-fiat-124","7":"product_cat-recambios-fiat-850","8":"product_cat-recambios-fiat-croma","9":"product_cat-recambios-fiat","10":"product_cat-recambios-lancia","11":"product_cat-recambios-seat-marbella","12":"product_cat-recambios-fiat-panda","13":"product_cat-recambios-seat","14":"product_cat-recambios-lancia-thema","16":"first","17":"outofstock","18":"taxable","19":"shipping-taxable","20":"purchasable","21":"product-type-simple"},"_links":{"self":[{"href":"https:\/\/galicianparts.com\/shop\/wp-json\/wp\/v2\/product\/60881"}],"collection":[{"href":"https:\/\/galicianparts.com\/shop\/wp-json\/wp\/v2\/product"}],"about":[{"href":"https:\/\/galicianparts.com\/shop\/wp-json\/wp\/v2\/types\/product"}],"wp:featuredmedia":[{"embeddable":true,"href":"https:\/\/galicianparts.com\/shop\/wp-json\/wp\/v2\/media\/60882"}],"wp:attachment":[{"href":"https:\/\/galicianparts.com\/shop\/wp-json\/wp\/v2\/media?parent=60881"}],"wp:term":[{"taxonomy":"product_cat","embeddable":true,"href":"https:\/\/galicianparts.com\/shop\/wp-json\/wp\/v2\/product_cat?post=60881"},{"taxonomy":"product_tag","embeddable":true,"href":"https:\/\/galicianparts.com\/shop\/wp-json\/wp\/v2\/product_tag?post=60881"}],"curies":[{"name":"wp","href":"https:\/\/api.w.org\/{rel}","templated":true}]}}