{"id":60958,"date":"2022-10-19T11:42:45","date_gmt":"2022-10-19T09:42:45","guid":{"rendered":"https:\/\/galicianparts.com\/shop\/producto\/5939982-tapa-presion-neumaticos-fiat-lancia-seat-clasico-nueva-original\/"},"modified":"2026-01-12T15:31:33","modified_gmt":"2026-01-12T13:31:33","slug":"5939982-tapa-presion-neumaticos-fiat-lancia-seat-clasico-nueva-original","status":"publish","type":"product","link":"https:\/\/galicianparts.com\/shop\/producto\/5939982-tapa-presion-neumaticos-fiat-lancia-seat-clasico-nueva-original\/","title":{"rendered":"5939982 Tapa presi\u00f3n neum\u00e1ticos Fiat \/ Lancia \/ Seat cl\u00e1sico NUEVA ORIGINAL"},"content":{"rendered":"<p>Embellecedor, indicador de la presi\u00f3n de neum\u00e1ticos en portugu\u00e9s de Fiat \/ Lancia \/ Seat cl\u00e1sico.<\/p>\n<p>LA PIEZA ES NUEVA Y ORIGINAL.<\/p>\n","protected":false},"excerpt":{"rendered":"<p>Embellecedor, indicador de la presi\u00f3n de neum\u00e1ticos en portugu\u00e9s de Fiat \/ Lancia \/ Seat cl\u00e1sico. LA PIEZA ES NUEVA Y ORIGINAL.<\/p>\n","protected":false},"featured_media":60959,"template":"","meta":{"_seopress_robots_primary_cat":"","_seopress_titles_title":"","_seopress_titles_desc":"","_seopress_robots_index":""},"product_cat":[20,21,26],"product_tag":[],"class_list":{"0":"post-60958","1":"product","2":"type-product","3":"status-publish","4":"has-post-thumbnail","6":"product_cat-recambios-fiat","7":"product_cat-recambios-lancia","8":"product_cat-recambios-seat","10":"first","11":"outofstock","12":"taxable","13":"shipping-taxable","14":"purchasable","15":"product-type-simple"},"_links":{"self":[{"href":"https:\/\/galicianparts.com\/shop\/wp-json\/wp\/v2\/product\/60958"}],"collection":[{"href":"https:\/\/galicianparts.com\/shop\/wp-json\/wp\/v2\/product"}],"about":[{"href":"https:\/\/galicianparts.com\/shop\/wp-json\/wp\/v2\/types\/product"}],"wp:featuredmedia":[{"embeddable":true,"href":"https:\/\/galicianparts.com\/shop\/wp-json\/wp\/v2\/media\/60959"}],"wp:attachment":[{"href":"https:\/\/galicianparts.com\/shop\/wp-json\/wp\/v2\/media?parent=60958"}],"wp:term":[{"taxonomy":"product_cat","embeddable":true,"href":"https:\/\/galicianparts.com\/shop\/wp-json\/wp\/v2\/product_cat?post=60958"},{"taxonomy":"product_tag","embeddable":true,"href":"https:\/\/galicianparts.com\/shop\/wp-json\/wp\/v2\/product_tag?post=60958"}],"curies":[{"name":"wp","href":"https:\/\/api.w.org\/{rel}","templated":true}]}}