{"id":60963,"date":"2022-10-19T11:45:48","date_gmt":"2022-10-19T09:45:48","guid":{"rendered":"https:\/\/galicianparts.com\/shop\/producto\/71773175-filtro-aceite-fiat-lancia-alfa-romeo-original\/"},"modified":"2023-01-17T03:02:14","modified_gmt":"2023-01-17T01:02:14","slug":"71773175-filtro-aceite-fiat-lancia-alfa-romeo-original","status":"publish","type":"product","link":"https:\/\/galicianparts.com\/shop\/producto\/71773175-filtro-aceite-fiat-lancia-alfa-romeo-original\/","title":{"rendered":"71773175 Filtro aceite Fiat \/ Lancia \/ Alfa Romeo ORIGINAL"},"content":{"rendered":"<p>Filtro de aceite del motor de:<br \/>\nAltura: 64 mm<br \/>\nDi\u00e1metro junta: 71 mm<br \/>\nDi\u00e1metro interior: 19 mm<\/p>\n<p>ALFA ROMEO 145 (930)<br \/>\n1.4 i.e. 16V T.S. (930.A3A), A\u00f1o 12.1996 &#8211; 01.2001, 1370 , 103<br \/>\n1.6 16V T.S. (930.A2C), A\u00f1o 09.1997 &#8211; 12.2000, 1598 , 112<br \/>\n1.6 i.e. 16V T.S. (930.A2), A\u00f1o 12.1996 &#8211; 01.2001, 1598 , 120<br \/>\n1.8 i.e. 16V (930.A1A), A\u00f1o 03.1998 &#8211; 01.2001, 1747 , 144<br \/>\n1.8 i.e. 16V T.S. (930.A1A), A\u00f1o 12.1996 &#8211; 12.1998, 1747 , 140<br \/>\n2.0 16V (930.A5), A\u00f1o 03.1998 &#8211; 01.2001, 1970 , 155<br \/>\n2.0 16V T.S. (930.A5), A\u00f1o 10.1995 &#8211; 01.2001, 1970 , 150<br \/>\nALFA ROMEO 155 (167)<br \/>\n1.6 16V T.S. (167.A6A), A\u00f1o 05.1996 &#8211; 12.1997, 1598 , 120<br \/>\n1.7 T.S. 16V (167.A4N), A\u00f1o 05.1996 &#8211; 12.1997, 1747 , 140<br \/>\n2.0 T.S. 16V, A\u00f1o 03.1995 &#8211; 12.1997, 1970 , 150<br \/>\nALFA ROMEO 146 (930)<br \/>\n1.4 i.e. 16V T.S. (930.B3A), A\u00f1o 11.1996 &#8211; 01.2001, 1370 , 103<br \/>\n1.6 16V T.S. (930.B2C), A\u00f1o 09.1997 &#8211; 12.2000, 1598 , 112<br \/>\n1.6 i.e. 16V T.S. (930.B2B), A\u00f1o 11.1996 &#8211; 01.2001, 1598 , 120<br \/>\n1.8 i.e. 16V T.S. (930.B1A), A\u00f1o 11.1996 &#8211; 01.2001, 1747 , 140<br \/>\n1.8 i.e. 16V T.S. (930.B1A), A\u00f1o 03.1998 &#8211; 01.2001, 1747 , 144<br \/>\n2.0 16V (930.B5), A\u00f1o 03.1998 &#8211; 01.2001, 1970 , 155<br \/>\n2.0 16V T.S. (930.B5), A\u00f1o 10.1995 &#8211; 01.2001, 1970 , 150<br \/>\nALFA ROMEO GTV (916, 916C)<br \/>\n1.8 16V, A\u00f1o 05.1998 &#8211; 10.2005, 1747 , 144<br \/>\n2.0 JTS, A\u00f1o 04.2003 &#8211; 10.2005, 1970 , 165<br \/>\n2.0 T.SPARK 16V, A\u00f1o 06.1995 &#8211; 10.2005, 1970 , 150<br \/>\n2.0 T.SPARK 16V, A\u00f1o 05.1998 &#8211; 08.2000, 1970 , 155<br \/>\nALFA ROMEO Spider (916, 916S)<br \/>\n1.8 16V, A\u00f1o 05.1998 &#8211; 04.2005, 1747 , 144<br \/>\n2.0 JTS, A\u00f1o 04.2003 &#8211; 04.2005, 1970 , 165<br \/>\n2.0 T.SPARK 16V, A\u00f1o 05.1998 &#8211; 08.2000, 1970 , 155<br \/>\n2.0 T.SPARK 16V, A\u00f1o 06.1995 &#8211; 04.2005, 1970 , 150<br \/>\nALFA ROMEO 156 Berlina (932)<br \/>\n1.6 16V T.SPARK, A\u00f1o 09.1997 &#8211; 09.2005, 1598 , 112<br \/>\n1.6 16V T.SPARK, A\u00f1o 09.1997 &#8211; 09.2005, 1598 , 120<br \/>\n1.8 16V T.SPARK, A\u00f1o 09.1997 &#8211; 10.2000, 1747 , 144<br \/>\n1.8 16V T.SPARK, A\u00f1o 10.2000 &#8211; 09.2005, 1747 , 140<br \/>\n1.9 JTD, A\u00f1o 11.2003 &#8211; 09.2005, 1910 , 126<br \/>\n1.9 JTD, A\u00f1o 05.2001 &#8211; 09.2005, 1910 , 115<br \/>\n1.9 JTD (932.AXN00, 932.BXE00), A\u00f1o 07.2004 &#8211; 09.2005, 1910 , 150<br \/>\n1.9 JTD 16V, A\u00f1o 11.2002 &#8211; 09.2005, 1910 , 140<br \/>\n2.0 16V T.SPARK, A\u00f1o 09.1997 &#8211; 06.2002, 1970 , 155<br \/>\n2.0 16V T.SPARK, A\u00f1o 10.2000 &#8211; 03.2002, 1970 , 150<br \/>\n2.0 JTS, A\u00f1o 01.2002 &#8211; 09.2005, 1970 , 160<br \/>\n2.0 JTS, A\u00f1o 03.2002 &#8211; 09.2005, 1970 , 166<br \/>\n2.4 JTD, A\u00f1o 06.2003 &#8211; 09.2005, 2387 , 163<br \/>\n2.4 JTD, A\u00f1o 10.2003 &#8211; 09.2005, 2387 , 175<br \/>\n2.5 V6 24V, A\u00f1o 09.1997 &#8211; 12.2001, 2492 , 190<br \/>\n2.5 V6 24V, A\u00f1o 10.2000 &#8211; 09.2005, 2492 , 192<br \/>\nALFA ROMEO 156 Sportwagon (932)<br \/>\n1.6 16V T.SPARK, A\u00f1o 01.2000 &#8211; 09.2005, 1598 , 112<br \/>\n1.6 16V T.SPARK., A\u00f1o 05.2000 &#8211; 05.2006, 1598 , 120<br \/>\n1.8 16V T.SPARK, A\u00f1o 05.2000 &#8211; 10.2000, 1747 , 144<br \/>\n1.8 16V T.SPARK, A\u00f1o 10.2000 &#8211; 05.2006, 1747 , 140<br \/>\n1.9 JTD, A\u00f1o 11.2003 &#8211; 05.2006, 1910 , 126<br \/>\n1.9 JTD, A\u00f1o 11.2002 &#8211; 11.2004, 1910 , 136<br \/>\n1.9 JTD, A\u00f1o 03.2005 &#8211; 05.2006, 1910 , 150<br \/>\n1.9 JTD, A\u00f1o 05.2001 &#8211; 05.2006, 1910 , 115<br \/>\n1.9 JTD 16V, A\u00f1o 11.2002 &#8211; 05.2006, 1910 , 140<br \/>\n1.9 JTD 16V Q4, A\u00f1o 07.2004 &#8211; 05.2006, 1910 , 150<br \/>\n2.0 16V T.SPARK, A\u00f1o 05.2000 &#8211; 06.2002, 1970 , 155<br \/>\n2.0 16V T.SPARK, A\u00f1o 10.2000 &#8211; 03.2002, 1970 , 150<br \/>\n2.0 JTS, A\u00f1o 03.2002 &#8211; 05.2006, 1970 , 162<br \/>\n2.0 JTS, A\u00f1o 03.2002 &#8211; 05.2006, 1970 , 166<br \/>\n2.4 JTD, A\u00f1o 10.2003 &#8211; 05.2006, 2387 , 175<br \/>\n2.5 V6 24V, A\u00f1o 05.2000 &#8211; 08.2003, 2492 , 190<br \/>\n2.5 V6 24V, A\u00f1o 10.2000 &#8211; 05.2006, 2492 , 192<br \/>\nALFA ROMEO 166 (936)<br \/>\n2.0 T.Spark, A\u00f1o 09.1998 &#8211; 10.2000, 1970 , 155<br \/>\n2.0 T.Spark, A\u00f1o 10.2000 &#8211; 06.2007, 1970 , 150<br \/>\n2.4 JTD, A\u00f1o 04.2002 &#8211; 06.2007, 2387 , 150<br \/>\n2.4 JTD, A\u00f1o 10.2003 &#8211; 06.2007, 2387 , 163<br \/>\n2.4 JTD, A\u00f1o 10.2003 &#8211; 06.2007, 2387 , 175<br \/>\n2.4 JTD, A\u00f1o 07.2006 &#8211; 06.2007, 2387 , 180<br \/>\n2.4 JTD, A\u00f1o 07.2005 &#8211; 06.2007, 2387 , 185<br \/>\n2.4 JTD, A\u00f1o 10.2000 &#8211; 06.2007, 2387 , 140<br \/>\n2.5 V6 24V, A\u00f1o 09.1998 &#8211; 12.2006, 2492 , 190<br \/>\nALFA ROMEO 147 (937)<br \/>\n1.6 16V T.SPARK, A\u00f1o 01.2001 &#8211; 03.2010, 1598 , 120<br \/>\n1.6 16V T.SPARK ECO, A\u00f1o 01.2001 &#8211; 03.2010, 1598 , 105<br \/>\n1.6 LPG (937AXA1A), A\u00f1o 01.2009 &#8211; 03.2010, 1598 , 105<br \/>\n1.6 LPG (937BXB1A), A\u00f1o 03.2001 &#8211; 12.2009, 1598 , 120<br \/>\n1.9 JTD, A\u00f1o 04.2001 &#8211; 03.2010, 1910 , 115<br \/>\n1.9 JTD (937.AXF1A, 937.BXF1A), A\u00f1o 06.2003 &#8211; 03.2010, 1910 , 101<br \/>\n1.9 JTD 16V (937.AXG1B, 937.BXG1B), A\u00f1o 09.2003 &#8211; 09.2004, 1910 , 126<br \/>\n1.9 JTD 16V (937.AXG1B, 937.BXG1B), A\u00f1o 11.2002 &#8211; 03.2010, 1910 , 140<br \/>\n1.9 JTD 16V (937.AXM1B, 937.AXS1B), A\u00f1o 10.2004 &#8211; 03.2010, 1910 , 136<br \/>\n1.9 JTDM (937.AXD1A, 937.AXV1A, 937.BXB1A), A\u00f1o 10.2004 &#8211; 03.2010, 1910 , 115<br \/>\n1.9 JTDM 16V (937.AXN1B, 937.AXZ1B), A\u00f1o 06.2008 &#8211; 03.2010, 1910 , 170<br \/>\n1.9 JTDM 16V (937.AXN1B, 937.BXN1B), A\u00f1o 09.2004 &#8211; 03.2010, 1910 , 150<br \/>\n1.9 JTDM 8V (937.AXD1A, 937.AXU1A, 937.BXU1A), A\u00f1o 07.2005 &#8211; 03.2010, 1910 , 120<br \/>\n2.0 16V T.SPARK, A\u00f1o 01.2001 &#8211; 03.2010, 1970 , 150<br \/>\nALFA ROMEO GT (937)<br \/>\n1.8 TS, A\u00f1o 11.2003 &#8211; 09.2010, 1747 , 140<br \/>\n1.9 JTD, A\u00f1o 11.2003 &#8211; 09.2010, 1910 , 150<br \/>\n1.9 JTD, A\u00f1o 05.2008 &#8211; 09.2010, 1910 , 170<br \/>\n2.0 JTS, A\u00f1o 12.2006 &#8211; 09.2010, 1970 , 162<br \/>\n2.0 JTS, A\u00f1o 11.2003 &#8211; 09.2010, 1970 , 165<\/p>\n<p>FIAT Barchetta (183)<br \/>\n1.8 16V, A\u00f1o 04.1995 &#8211; 05.2005, 1747 , 130<br \/>\nFIAT Brava Hatchback (182)<br \/>\n1.4, A\u00f1o 10.1995 &#8211; 10.2001, 1370 , 75<br \/>\n1.4 12 V, A\u00f1o 10.1995 &#8211; 08.1998, 1370 , 80<br \/>\n1.6 16V, A\u00f1o 02.1996 &#8211; 10.2001, 1581 , 103<br \/>\n1.6 16V, A\u00f1o 10.1995 &#8211; 10.2001, 1581 , 90<br \/>\n1.8 GT 16V, A\u00f1o 10.1995 &#8211; 10.2001, 1747 , 113<br \/>\nFIAT Bravo I Hatchback (182)<br \/>\n1.4, A\u00f1o 10.1995 &#8211; 10.2001, 1370 , 80<br \/>\n1.4, A\u00f1o 10.1995 &#8211; 10.2001, 1370 , 75<br \/>\n1.6 16V, A\u00f1o 03.1996 &#8211; 10.2001, 1581 , 103<br \/>\n1.6 16V, A\u00f1o 10.1995 &#8211; 10.2001, 1581 , 90<br \/>\n1.8 GT, A\u00f1o 10.1995 &#8211; 10.2001, 1747 , 113<br \/>\n2.0 HGT 20V, A\u00f1o 10.1995 &#8211; 07.1998, 1998 , 147<br \/>\n2.0 HGT 20V, A\u00f1o 07.1998 &#8211; 10.2001, 1998 , 154<br \/>\nFIAT Marea  (185)<br \/>\n1.8 115 16V, A\u00f1o 09.1996 &#8211; 05.2002, 1747 , 113<br \/>\n1.9 JTD 110, A\u00f1o 01.2001 &#8211; 05.2002, 1910 , 110<br \/>\n2.0 150 20V, A\u00f1o 09.1996 &#8211; 04.1999, 1998 , 147<br \/>\n2.0 150 20V, A\u00f1o 01.2001 &#8211; 05.2002, 1998 , 150<br \/>\n2.0 155 20V, A\u00f1o 04.1999 &#8211; 01.2001, 1998 , 154<br \/>\n1.2, A\u00f1o 06.1998 &#8211; &#8230;, 1242 , 73<br \/>\nFIAT Palio I (178)<br \/>\n1.2, A\u00f1o 07.1997 &#8211; 10.2004, 1242 , 60<br \/>\n1.2, A\u00f1o 06.1999 &#8211; 10.2002, 1242 , 68<br \/>\n1.2, A\u00f1o 04.1996 &#8211; 02.2001, 1242 , 73<br \/>\n1.2, A\u00f1o 09.2001 &#8211; 10.2004, 1242 , 80<br \/>\nFIAT Seicento \/ 600 (187)<br \/>\n1.1, A\u00f1o 01.1998 &#8211; 01.2010, 1108 , 54<br \/>\nFIAT Coupe (175)<br \/>\n1.8 16V, A\u00f1o 03.1996 &#8211; 08.2000, 1747 , 131<br \/>\n2.0 20V, A\u00f1o 08.1996 &#8211; 04.1998, 1998 , 147<br \/>\n2.0 20V, A\u00f1o 04.1998 &#8211; 08.2000, 1998 , 154<br \/>\n2.0 20V Turbo, A\u00f1o 08.1996 &#8211; 08.2000, 1998 , 220<br \/>\nFIAT Multipla (186)<br \/>\n1.9 JTD, A\u00f1o 04.2002 &#8211; 06.2010, 1910 , 120<br \/>\n1.9 JTD 110, A\u00f1o 03.2001 &#8211; 07.2002, 1910 , 110<br \/>\n1.9 JTD 115, A\u00f1o 07.2002 &#8211; 06.2010, 1910 , 115<br \/>\nFIAT Punto II (188)<br \/>\n1.2 60, A\u00f1o 09.1999 &#8211; 12.2010, 1242 , 60<br \/>\n1.2 Bipower (188BXA1A), A\u00f1o 08.2001 &#8211; 05.2003, 1242 , 60<br \/>\n1.2 Natural Power, A\u00f1o 09.2003 &#8211; 03.2012, 1242 , 60<br \/>\n1.8 130 HGT, A\u00f1o 09.1999 &#8211; 03.2012, 1747 , 130<br \/>\n1.9 JTD, A\u00f1o 06.2003 &#8211; 03.2012, 1910 , 101<br \/>\nFIAT Doblo I (119, 223)<br \/>\n1.2, A\u00f1o 03.2001 &#8211; &#8230;, 1242 , 65<br \/>\n1.9 D Multijet, A\u00f1o 10.2005 &#8211; &#8230;, 1910 , 120<br \/>\n1.9 JTD, A\u00f1o 07.2003 &#8211; &#8230;, 1910 , 105<br \/>\n1.9 JTD, A\u00f1o 10.2001 &#8211; &#8230;, 1910 , 100<br \/>\n1.9 JTD Multijet, A\u00f1o 12.2006 &#8211; &#8230;, 1910 , 120<br \/>\n1.2 Natural Power (188CXA1A), A\u00f1o 01.2003 &#8211; 12.2010, 1242 , 60<br \/>\nFIAT Stilo Hatchback (192)<br \/>\n1.8 16V, A\u00f1o 10.2001 &#8211; 11.2006, 1747 , 133<br \/>\n1.9 D Multijet, A\u00f1o 09.2005 &#8211; 11.2006, 1910 , 100<br \/>\n1.9 D Multijet, A\u00f1o 09.2005 &#8211; 11.2006, 1910 , 120<br \/>\n1.9 D Multijet, A\u00f1o 09.2005 &#8211; 11.2006, 1910 , 150<br \/>\n1.9 JTD, A\u00f1o 09.2003 &#8211; 11.2006, 1910 , 126<br \/>\n1.9 JTD, A\u00f1o 04.2004 &#8211; 11.2006, 1910 , 136<br \/>\n1.9 JTD, A\u00f1o 01.2004 &#8211; 11.2006, 1910 , 140<br \/>\n1.9 JTD, A\u00f1o 09.2004 &#8211; 11.2006, 1910 , 90<br \/>\n1.9 JTD, A\u00f1o 10.2001 &#8211; 11.2006, 1910 , 115<br \/>\n1.9 JTD, A\u00f1o 02.2002 &#8211; 11.2006, 1910 , 80<br \/>\n2.4 20V, A\u00f1o 10.2001 &#8211; 11.2006, 2446 , 170<br \/>\nFIAT Stilo Multi Wagon (192)<br \/>\n1.8 16V, A\u00f1o 01.2003 &#8211; 08.2008, 1747 , 133<br \/>\n1.9 D, A\u00f1o 09.2004 &#8211; 08.2008, 1910 , 90<br \/>\n1.9 D Multijet, A\u00f1o 09.2005 &#8211; 08.2008, 1910 , 100<br \/>\n1.9 D Multijet, A\u00f1o 09.2005 &#8211; 08.2008, 1910 , 120<br \/>\n1.9 D Multijet (192DXT1B), A\u00f1o 09.2005 &#8211; 08.2008, 1910 , 150<br \/>\n1.9 JTD, A\u00f1o 01.2003 &#8211; 08.2008, 1910 , 80<br \/>\n1.9 JTD, A\u00f1o 01.2003 &#8211; 08.2008, 1910 , 115<br \/>\n1.9 JTD, A\u00f1o 09.2003 &#8211; 08.2008, 1910 , 126<br \/>\n1.9 JTD, A\u00f1o 04.2004 &#8211; 08.2008, 1910 , 136<br \/>\n1.9 JTD, A\u00f1o 01.2004 &#8211; 08.2008, 1910 , 140<br \/>\n2.4 20V, A\u00f1o 01.2004 &#8211; 08.2008, 2446 , 167<br \/>\nFIAT Stilo Furg\u00f3n \/ Familiar (192)<br \/>\n1.9 JTD (192DXE1A), A\u00f1o 10.2001 &#8211; 08.2005, 1910 , 116<br \/>\n1.9 JTD (192DXF1A), A\u00f1o 10.2001 &#8211; 08.2005, 1910 , 80<br \/>\n1.9 JTD (192DXG1B), A\u00f1o 09.2003 &#8211; 08.2005, 1910 , 126<br \/>\n1.9 JTD (192DXG1B), A\u00f1o 02.2004 &#8211; 08.2008, 1910 , 136<br \/>\n1.9 JTD (192DXG1B), A\u00f1o 09.2003 &#8211; 08.2005, 1910 , 140<br \/>\n1.9 JTD (192DXS1A), A\u00f1o 09.2005 &#8211; 08.2008, 1910 , 120<br \/>\n1.9 JTD (192DXT1B), A\u00f1o 09.2005 &#8211; 08.2008, 1910 , 150<br \/>\nFIAT Panda II (169)<br \/>\n1.1, A\u00f1o 09.2003 &#8211; &#8230;, 1108 , 54<br \/>\n1.2, A\u00f1o 09.2003 &#8211; &#8230;, 1242 , 60<br \/>\n1.2 4&#215;4, A\u00f1o 10.2004 &#8211; &#8230;, 1242 , 60<br \/>\n1.2 LPG, A\u00f1o 04.2009 &#8211; &#8230;, 1242 , 60<br \/>\n1.2 Natural Power, A\u00f1o 01.2007 &#8211; 12.2011, 1242 , 60<br \/>\nFIAT Idea (350)<br \/>\n1.9 JTD, A\u00f1o 01.2004 &#8211; &#8230;, 1910 , 101<br \/>\nFIAT Bravo II Hatchback (198)<br \/>\n1.9 D Multijet, A\u00f1o 04.2007 &#8211; 12.2008, 1910 , 90<br \/>\n1.9 D Multijet, A\u00f1o 11.2006 &#8211; 12.2009, 1910 , 116<br \/>\n1.9 D Multijet, A\u00f1o 04.2007 &#8211; 12.2014, 1910 , 120<br \/>\n1.9 D Multijet, A\u00f1o 04.2007 &#8211; 12.2014, 1910 , 150<br \/>\nFIAT 500 Hatchback (312)<br \/>\n1.0 Mild Hybrid (312.AYD1B), A\u00f1o 01.2020 &#8211; &#8230;, 999 , 69<br \/>\nFIAT Panda Van (169)<br \/>\n1.1, A\u00f1o 09.2004 &#8211; &#8230;, 1108 , 54<br \/>\n1.2, A\u00f1o 09.2004 &#8211; &#8230;, 1242 , 60<br \/>\n1.2 4&#215;4, A\u00f1o 09.2004 &#8211; &#8230;, 1242 , 60<br \/>\n1.2 LPG, A\u00f1o 04.2009 &#8211; &#8230;, 1242 , 60<br \/>\n1.2 Natural Power, A\u00f1o 01.2007 &#8211; 11.2009, 1242 , 60<br \/>\n1.0 Mild Hybrid (312.PYD1B), A\u00f1o 01.2020 &#8211; &#8230;, 999 , 69<\/p>\n<p>LANCIA Kappa (838)<br \/>\n2.0 20V, A\u00f1o 10.1994 &#8211; 10.2001, 1998 , 146<br \/>\n2.0 20V, A\u00f1o 07.1996 &#8211; 10.2001, 1998 , 155<br \/>\n2.0 20V Turbo, A\u00f1o 06.1998 &#8211; 10.2001, 1998 , 220<br \/>\nLANCIA Delta II (836)<br \/>\n1.8 i.e. 16V, A\u00f1o 03.1996 &#8211; 08.1999, 1747 , 113<br \/>\n1.8 i.e. 16V GT, A\u00f1o 03.1996 &#8211; 08.1999, 1747 , 131<br \/>\nLANCIA Lybra (839)<br \/>\n1.8 16V, A\u00f1o 07.1999 &#8211; 10.2005, 1747 , 131<br \/>\n1.9 JTD, A\u00f1o 05.2001 &#8211; 10.2005, 1910 , 116<br \/>\n2.0 20V, A\u00f1o 07.1999 &#8211; 09.2000, 1998 , 154<br \/>\n2.0 20V, A\u00f1o 09.2000 &#8211; 10.2005, 1998 , 150<br \/>\n2.4 JTD, A\u00f1o 05.2002 &#8211; 10.2005, 2387 , 150<br \/>\nLANCIA Thesis (841)<br \/>\n2.0 Turbo, A\u00f1o 07.2002 &#8211; 07.2009, 1998 , 185<br \/>\n2.4, A\u00f1o 07.2002 &#8211; 07.2009, 2446 , 170<br \/>\n2.4 D Multijet, A\u00f1o 04.2006 &#8211; 07.2009, 2387 , 185<br \/>\n2.4 JTD, A\u00f1o 09.2003 &#8211; 07.2009, 2387 , 163<br \/>\n2.4 JTD, A\u00f1o 05.2003 &#8211; 07.2009, 2387 , 175<br \/>\n2.4 JTD, A\u00f1o 07.2002 &#8211; 07.2009, 2387 , 150<br \/>\n3.0 V6, A\u00f1o 07.2002 &#8211; 07.2009, 2959 , 215<br \/>\n3.2 V6, A\u00f1o 05.2003 &#8211; 07.2009, 3179 , 230<br \/>\nLANCIA Ypsilon II (843)<br \/>\n1.2, A\u00f1o 10.2003 &#8211; 12.2011, 1242 , 60<br \/>\nLANCIA Musa (350)<br \/>\n1.9 D Multijet, A\u00f1o 10.2004 &#8211; 09.2012, 1910 , 101<\/p>\n<p>LA PIEZA ES NUEVA Y ORIGINAL.<\/p>\n","protected":false},"excerpt":{"rendered":"<p>Filtro de aceite del motor de: Altura: 64 mm Di\u00e1metro junta: 71 mm Di\u00e1metro interior: 19 mm ALFA ROMEO 145 (930) 1.4 i.e. 16V T.S. (930.A3A), A\u00f1o 12.1996 &#8211; 01.2001, 1370 , 103 1.6 16V T.S. (930.A2C), A\u00f1o 09.1997 &#8211; 12.2000, 1598 , 112 1.6 i.e. 16V T.S. (930.A2), A\u00f1o 12.1996 &#8211; 01.2001, 1598 , [&hellip;]<\/p>\n","protected":false},"featured_media":60969,"template":"","meta":{"_seopress_robots_primary_cat":"","_seopress_titles_title":"","_seopress_titles_desc":"","_seopress_robots_index":""},"product_cat":[45,46,44,48,49,57,74,16,80,81,82,85,118,87,20,50,55,93,119,21,120,95,96,121,98,99,106,56,108,125,127],"product_tag":[],"class_list":{"0":"post-60963","1":"product","2":"type-product","3":"status-publish","4":"has-post-thumbnail","6":"product_cat-recambios-alfa-romeo-145","7":"product_cat-recambios-alfa-romeo-146","8":"product_cat-recambios-alfa-romeo-147","9":"product_cat-recambios-alfa-romeo-155","10":"product_cat-recambios-alfa-romeo-156","11":"product_cat-recambios-alfa-romeo-166","12":"product_cat-recambios-fiat-500","13":"product_cat-recambios-alfa-romeo","14":"product_cat-recambios-fiat-barchetta","15":"product_cat-recambios-fiat-brava","16":"product_cat-recambios-fiat-bravo","17":"product_cat-recambios-fiat-coupe","18":"product_cat-recambios-lancia-delta","19":"product_cat-recambios-fiat-doblo","20":"product_cat-recambios-fiat","21":"product_cat-recambios-alfa-romeo-gt","22":"product_cat-recambios-alfa-romeo-gtv","23":"product_cat-recambios-fiat-idea","24":"product_cat-recambios-lancia-kappa","25":"product_cat-recambios-lancia","26":"product_cat-recambios-lancia-lybra","27":"product_cat-recambios-fiat-marea","28":"product_cat-recambios-fiat-multipla","29":"product_cat-recambios-lancia-musa","30":"product_cat-recambios-fiat-palio","31":"product_cat-recambios-fiat-panda","32":"product_cat-recambios-fiat-seicento","33":"product_cat-recambios-alfa-romeo-spider","34":"product_cat-recambios-fiat-stilo","35":"product_cat-recambios-lancia-thesis","36":"product_cat-recambios-lancia-ypsilon","38":"first","39":"outofstock","40":"taxable","41":"shipping-taxable","42":"purchasable","43":"product-type-simple"},"_links":{"self":[{"href":"https:\/\/galicianparts.com\/shop\/wp-json\/wp\/v2\/product\/60963"}],"collection":[{"href":"https:\/\/galicianparts.com\/shop\/wp-json\/wp\/v2\/product"}],"about":[{"href":"https:\/\/galicianparts.com\/shop\/wp-json\/wp\/v2\/types\/product"}],"wp:featuredmedia":[{"embeddable":true,"href":"https:\/\/galicianparts.com\/shop\/wp-json\/wp\/v2\/media\/60969"}],"wp:attachment":[{"href":"https:\/\/galicianparts.com\/shop\/wp-json\/wp\/v2\/media?parent=60963"}],"wp:term":[{"taxonomy":"product_cat","embeddable":true,"href":"https:\/\/galicianparts.com\/shop\/wp-json\/wp\/v2\/product_cat?post=60963"},{"taxonomy":"product_tag","embeddable":true,"href":"https:\/\/galicianparts.com\/shop\/wp-json\/wp\/v2\/product_tag?post=60963"}],"curies":[{"name":"wp","href":"https:\/\/api.w.org\/{rel}","templated":true}]}}