{"id":61196,"date":"2022-10-21T12:34:42","date_gmt":"2022-10-21T10:34:42","guid":{"rendered":"https:\/\/galicianparts.com\/shop\/producto\/5526989-kit-casquillo-bobinado-motor-arranque-fiat-ducato-90-94-citroen-c25-peugeot-j5-original\/"},"modified":"2022-10-21T12:40:11","modified_gmt":"2022-10-21T10:40:11","slug":"5526989-kit-casquillo-bobinado-motor-arranque-fiat-ducato-90-94-citroen-c25-peugeot-j5-original","status":"publish","type":"product","link":"https:\/\/galicianparts.com\/shop\/producto\/5526989-kit-casquillo-bobinado-motor-arranque-fiat-ducato-90-94-citroen-c25-peugeot-j5-original\/","title":{"rendered":"5526989 Kit casquillo bobinado motor arranque Fiat Ducato (90-94) Citroen C25 \/Peugeot J5 ORIGINAL"},"content":{"rendered":"<p>Kit de casquillo y presilla de sujeci\u00f3n del bobinado interior del motor de arranque de:<br \/>\nDi\u00e1metro exterior: 18,6mm<br \/>\nDi\u00e1metro interior: 12mm<br \/>\nAncho: 5mm<\/p>\n<p>FIAT PROFESSIONAL &#8211; ND DUCATO 4X4 R.90 (1990-1994) 2000 GASOLINA<br \/>\nFIAT PROFESSIONAL &#8211; NB NUOVO DUCATO R.90 (1990-1994) GASOLINA<br \/>\nFIAT PROFESSIONAL &#8211; NB NUOVO DUCATO BZ R.90 (1990-1994) NORD-EUROPA<br \/>\nFIAT PROFESSIONAL &#8211; NC TALENTO R.90 (1990-1994) GASOLINA<br \/>\nCITROEN C25 GASOLINA<br \/>\nPEUGEOT J5 GASOLINA<\/p>\n<p>LA PIEZA ES NUEVA Y ORIGINAL.<\/p>\n","protected":false},"excerpt":{"rendered":"<p>Kit de casquillo y presilla de sujeci\u00f3n del bobinado interior del motor de arranque de: Di\u00e1metro exterior: 18,6mm Di\u00e1metro interior: 12mm Ancho: 5mm FIAT PROFESSIONAL &#8211; ND DUCATO 4X4 R.90 (1990-1994) 2000 GASOLINA FIAT PROFESSIONAL &#8211; NB NUOVO DUCATO R.90 (1990-1994) GASOLINA FIAT PROFESSIONAL &#8211; NB NUOVO DUCATO BZ R.90 (1990-1994) NORD-EUROPA FIAT PROFESSIONAL &#8211; [&hellip;]<\/p>\n","protected":false},"featured_media":61197,"template":"","meta":{"_seopress_robots_primary_cat":"","_seopress_titles_title":"","_seopress_titles_desc":"","_seopress_robots_index":""},"product_cat":[132,23,88,20,157,24,110],"product_tag":[],"class_list":{"0":"post-61196","1":"product","2":"type-product","3":"status-publish","4":"has-post-thumbnail","6":"product_cat-recambios-citroen-c25","7":"product_cat-recambios-citroen","8":"product_cat-recambios-fiat-ducato","9":"product_cat-recambios-fiat","10":"product_cat-recambios-peugeot-j5","11":"product_cat-recambios-peugeot","12":"product_cat-recambios-fiat-talento","14":"first","15":"instock","16":"taxable","17":"shipping-taxable","18":"purchasable","19":"product-type-simple"},"_links":{"self":[{"href":"https:\/\/galicianparts.com\/shop\/wp-json\/wp\/v2\/product\/61196"}],"collection":[{"href":"https:\/\/galicianparts.com\/shop\/wp-json\/wp\/v2\/product"}],"about":[{"href":"https:\/\/galicianparts.com\/shop\/wp-json\/wp\/v2\/types\/product"}],"wp:featuredmedia":[{"embeddable":true,"href":"https:\/\/galicianparts.com\/shop\/wp-json\/wp\/v2\/media\/61197"}],"wp:attachment":[{"href":"https:\/\/galicianparts.com\/shop\/wp-json\/wp\/v2\/media?parent=61196"}],"wp:term":[{"taxonomy":"product_cat","embeddable":true,"href":"https:\/\/galicianparts.com\/shop\/wp-json\/wp\/v2\/product_cat?post=61196"},{"taxonomy":"product_tag","embeddable":true,"href":"https:\/\/galicianparts.com\/shop\/wp-json\/wp\/v2\/product_tag?post=61196"}],"curies":[{"name":"wp","href":"https:\/\/api.w.org\/{rel}","templated":true}]}}