{"id":6120,"date":"2020-10-06T13:21:36","date_gmt":"2020-10-06T11:21:36","guid":{"rendered":"https:\/\/galicianparts.com\/shop\/producto\/4470076-anillo-separador-transmision-fiat-ducato-nuevo-original\/"},"modified":"2023-12-15T11:09:01","modified_gmt":"2023-12-15T09:09:01","slug":"4470076-anillo-separador-transmision-fiat-ducato-nuevo-original","status":"publish","type":"product","link":"https:\/\/galicianparts.com\/shop\/producto\/4470076-anillo-separador-transmision-fiat-ducato-nuevo-original\/","title":{"rendered":"4470076 Casquillo eje transmisi\u00f3n Fiat Ducato (1983-1990) NUEVO ORIGINAL"},"content":{"rendered":"<p>Anillo separador de los palieres de transmisi\u00f3n de:<br \/>\nDi\u00e1metro exterior: 57,3 mm<br \/>\nDi\u00e1metro interior: 50 mm<br \/>\nAltura: 18,7 mm<br \/>\nEspesor: 3,7 mm<\/p>\n<p>FIAT &#8211; DUCATO (1983-1990)<\/p>\n<p>LA PIEZA ES NUEVA Y ORIGINAL.<\/p>\n","protected":false},"excerpt":{"rendered":"<p>Anillo separador de los palieres de transmisi\u00f3n de: Di\u00e1metro exterior: 57,3 mm Di\u00e1metro interior: 50 mm Altura: 18,7 mm Espesor: 3,7 mm FIAT &#8211; DUCATO (1983-1990) LA PIEZA ES NUEVA Y ORIGINAL.<\/p>\n","protected":false},"featured_media":69316,"template":"","meta":{"_seopress_robots_primary_cat":"","_seopress_titles_title":"","_seopress_titles_desc":"","_seopress_robots_index":""},"product_cat":[88,20],"product_tag":[],"class_list":{"0":"post-6120","1":"product","2":"type-product","3":"status-publish","4":"has-post-thumbnail","6":"product_cat-recambios-fiat-ducato","7":"product_cat-recambios-fiat","9":"first","10":"instock","11":"taxable","12":"shipping-taxable","13":"purchasable","14":"product-type-simple"},"_links":{"self":[{"href":"https:\/\/galicianparts.com\/shop\/wp-json\/wp\/v2\/product\/6120"}],"collection":[{"href":"https:\/\/galicianparts.com\/shop\/wp-json\/wp\/v2\/product"}],"about":[{"href":"https:\/\/galicianparts.com\/shop\/wp-json\/wp\/v2\/types\/product"}],"wp:featuredmedia":[{"embeddable":true,"href":"https:\/\/galicianparts.com\/shop\/wp-json\/wp\/v2\/media\/69316"}],"wp:attachment":[{"href":"https:\/\/galicianparts.com\/shop\/wp-json\/wp\/v2\/media?parent=6120"}],"wp:term":[{"taxonomy":"product_cat","embeddable":true,"href":"https:\/\/galicianparts.com\/shop\/wp-json\/wp\/v2\/product_cat?post=6120"},{"taxonomy":"product_tag","embeddable":true,"href":"https:\/\/galicianparts.com\/shop\/wp-json\/wp\/v2\/product_tag?post=6120"}],"curies":[{"name":"wp","href":"https:\/\/api.w.org\/{rel}","templated":true}]}}