{"id":61281,"date":"2022-10-21T14:36:07","date_gmt":"2022-10-21T12:36:07","guid":{"rendered":"https:\/\/galicianparts.com\/shop\/producto\/5882012-kit-reparacion-pinza-freno-trasera-lancia-delta-integrale-dedra-fiat-original\/"},"modified":"2023-06-01T10:09:09","modified_gmt":"2023-06-01T08:09:09","slug":"5882012-kit-reparacion-pinza-freno-trasera-lancia-delta-integrale-dedra-fiat-original","status":"publish","type":"product","link":"https:\/\/galicianparts.com\/shop\/producto\/5882012-kit-reparacion-pinza-freno-trasera-lancia-delta-integrale-dedra-fiat-original\/","title":{"rendered":"5882012 Kit reparaci\u00f3n pinza freno trasera Lancia Delta Integrale \/Dedra \/Fiat ORIGINAL"},"content":{"rendered":"<p>Juego, set de juntas de la pinzas de freno traseras de:<br \/>\nDi\u00e1metro: 34mm<\/p>\n<p>FIAT Argenta (132)<br \/>\n2.0 i.e., A\u00f1o 06.1981 &#8211; 07.1986, 1995 , 122<br \/>\nFIAT Tempra (159)<br \/>\n1.4 i.e., A\u00f1o 03.1991 &#8211; 08.1996, 1372 , 78<br \/>\n1.4 i.e., A\u00f1o 04.1990 &#8211; 08.1996, 1372 , 69<br \/>\n1.6, A\u00f1o 04.1990 &#8211; 06.1993, 1581 , 69<br \/>\n1.6 (159.AD), A\u00f1o 03.1990 &#8211; 08.1996, 1581 , 86<br \/>\n1.6 i.e., A\u00f1o 06.1990 &#8211; 07.1992, 1581 , 78<br \/>\n1.6 i.e., A\u00f1o 06.1994 &#8211; 08.1996, 1581 , 87<br \/>\n1.6 i.e., A\u00f1o 06.1994 &#8211; 08.1996, 1581 , 90<br \/>\n1.6 i.e., A\u00f1o 06.1992 &#8211; 08.1996, 1581 , 75<br \/>\n1.8 i.e., A\u00f1o 03.1992 &#8211; 08.1996, 1756 , 105<br \/>\n1.8 i.e., A\u00f1o 03.1990 &#8211; 08.1996, 1756 , 110<br \/>\n1.8 i.e., A\u00f1o 09.1993 &#8211; 08.1996, 1756 , 103<br \/>\n1.8 i.e., A\u00f1o 09.1993 &#8211; 08.1996, 1756 , 90<br \/>\n1.8 i.e., A\u00f1o 10.1994 &#8211; 08.1996, 1756 , 101<br \/>\n1.9 D, A\u00f1o 07.1991 &#8211; 08.1996, 1929 , 65<br \/>\n1.9 TD, A\u00f1o 07.1992 &#8211; 08.1996, 1929 , 80<br \/>\n1.9 TD, A\u00f1o 05.1990 &#8211; 08.1996, 1929 , 90<br \/>\n2.0 i.e., A\u00f1o 10.1990 &#8211; 08.1996, 1995 , 113<br \/>\nFIAT Tipo Hatchback (160)<br \/>\n1.1, A\u00f1o 01.1988 &#8211; 10.1991, 1108 , 56<br \/>\n1.4, A\u00f1o 07.1987 &#8211; 12.1989, 1372 , 71<br \/>\n1.4 i.e., A\u00f1o 05.1989 &#8211; 04.1995, 1372 , 78<br \/>\n1.4 i.e., A\u00f1o 05.1989 &#8211; 04.1995, 1372 , 70<br \/>\n1.6, A\u00f1o 01.1988 &#8211; 10.1991, 1581 , 83<br \/>\n1.6 i.e., A\u00f1o 02.1988 &#8211; 05.1991, 1595 , 90<br \/>\n1.6 i.e., A\u00f1o 10.1992 &#8211; 04.1995, 1581 , 75<br \/>\n1.6 i.e., A\u00f1o 07.1990 &#8211; 01.1993, 1581 , 78<br \/>\n1.6 SX DGT, A\u00f1o 05.1989 &#8211; 10.1995, 1581 , 90<br \/>\n1.7 D, A\u00f1o 01.1988 &#8211; 10.1994, 1697 , 58<br \/>\n1.7 D, A\u00f1o 01.1988 &#8211; 10.1995, 1697 , 61<br \/>\n1.8 i.e, A\u00f1o 03.1993 &#8211; 04.1995, 1756 , 97<br \/>\n1.8 i.e., A\u00f1o 09.1993 &#8211; 04.1995, 1756 , 90<br \/>\n1.8 i.e., A\u00f1o 10.1990 &#8211; 06.1993, 1756 , 110<br \/>\n1.8 i.e., A\u00f1o 10.1990 &#8211; 06.1993, 1756 , 105<br \/>\n1.8 i.e., A\u00f1o 04.1993 &#8211; 04.1995, 1756 , 103<br \/>\n1.8 i.e., A\u00f1o 10.1994 &#8211; 10.1995, 1756 , 101<br \/>\n1.8 i.e.16V Sport, A\u00f1o 11.1989 &#8211; 06.1992, 1756 , 136<br \/>\n1.9 D, A\u00f1o 07.1991 &#8211; 08.1995, 1929 , 65<br \/>\n1.9 TD, A\u00f1o 03.1992 &#8211; 06.1993, 1929 , 80<br \/>\n1.9 TD, A\u00f1o 09.1990 &#8211; 04.1995, 1929 , 90<br \/>\n2.0 16V, A\u00f1o 07.1991 &#8211; 04.1995, 1995 , 146<br \/>\n2.0 i.e., A\u00f1o 06.1990 &#8211; 03.1992, 1995 , 109<br \/>\n2.0 i.e., A\u00f1o 03.1990 &#8211; 04.1995, 1995 , 113<br \/>\n2.0 i.e. 16V Sport, A\u00f1o 03.1993 &#8211; 04.1995, 1995 , 139<\/p>\n<p>LANCIA Dedra (835)<br \/>\n1.6 16V, A\u00f1o 01.1996 &#8211; 07.1999, 1581 , 103<br \/>\n1.6 i.e., A\u00f1o 08.1989 &#8211; 06.1994, 1581 , 90<br \/>\n1.6 i.e., A\u00f1o 08.1989 &#8211; 03.1993, 1581 , 78<br \/>\n1.6 i.e., A\u00f1o 04.1993 &#8211; 07.1999, 1581 , 75<br \/>\n1.6 LE KAT, A\u00f1o 07.1994 &#8211; 07.1999, 1581 , 90<br \/>\n1.8 16V LE, A\u00f1o 03.1996 &#8211; 07.1999, 1747 , 113<br \/>\n1.8 GT 16V, A\u00f1o 03.1996 &#8211; 07.1999, 1747 , 131<br \/>\n1.8 i.e., A\u00f1o 09.1989 &#8211; 06.1994, 1756 , 109<br \/>\n1.8 i.e., A\u00f1o 08.1993 &#8211; 07.1999, 1756 , 90<br \/>\n1.8 i.e., A\u00f1o 09.1989 &#8211; 07.1999, 1756 , 105<br \/>\n1.8 i.e., A\u00f1o 07.1994 &#8211; 07.1999, 1756 , 101<br \/>\n1.9 TDS, A\u00f1o 04.1989 &#8211; 07.1999, 1929 , 90<br \/>\n2.0 16V, A\u00f1o 07.1994 &#8211; 07.1999, 1995 , 139<br \/>\n2.0 HF Integrale, A\u00f1o 11.1990 &#8211; 07.1994, 1995 , 169<br \/>\n2.0 i.e., A\u00f1o 09.1989 &#8211; 07.1992, 1995 , 117<br \/>\n2.0 i.e., A\u00f1o 09.1989 &#8211; 07.1999, 1995 , 113<br \/>\n2.0 i.e. Turbo, A\u00f1o 04.1991 &#8211; 07.1999, 1995 , 162<br \/>\n2.0 i.e. Turbo Integrale, A\u00f1o 05.1990 &#8211; 07.1994, 1995 , 165<br \/>\n2.0 Turbo, A\u00f1o 11.1990 &#8211; 06.1994, 1995 , 177<br \/>\nLANCIA Delta I (831)<br \/>\n1.1, A\u00f1o 01.1986 &#8211; 12.1990, 1116 , 64<br \/>\n1.3, A\u00f1o 09.1983 &#8211; 08.1992, 1301 , 79<br \/>\n1.3, A\u00f1o 09.1979 &#8211; 08.1992, 1301 , 75<br \/>\n1.5, A\u00f1o 09.1979 &#8211; 12.1992, 1498 , 86<br \/>\n1.6 GT, A\u00f1o 11.1982 &#8211; 04.1986, 1585 , 105<br \/>\n1.6 GT i.e., A\u00f1o 05.1987 &#8211; 08.1992, 1585 , 90<br \/>\n1.6 GT i.e., A\u00f1o 08.1986 &#8211; 08.1988, 1585 , 109<br \/>\n1.6 HF Turbo, A\u00f1o 10.1983 &#8211; 12.1986, 1585 , 131<br \/>\n1.6 HF Turbo, A\u00f1o 08.1986 &#8211; 05.1993, 1585 , 166<br \/>\n1.6 HF Turbo, A\u00f1o 08.1986 &#8211; 08.1988, 1585 , 140<br \/>\n1.6 HF Turbo, A\u00f1o 04.1987 &#8211; 03.1989, 1585 , 132<br \/>\n1.9 Turbo DS, A\u00f1o 10.1986 &#8211; 12.1989, 1929 , 80<br \/>\n2.0 16V HF Integrale, A\u00f1o 03.1989 &#8211; 09.1991, 1995 , 196<br \/>\n2.0 HF Integrale, A\u00f1o 11.1986 &#8211; 08.1988, 1995 , 166<br \/>\n2.0 HF Integrale, A\u00f1o 10.1987 &#8211; 12.1991, 1995 , 181<br \/>\n2.0 HF Integrale, A\u00f1o 12.1986 &#8211; 12.1992, 1995 , 177<br \/>\nLANCIA Delta II (836)<br \/>\n1.4 i.e., A\u00f1o 10.1994 &#8211; 08.1999, 1372 , 69<br \/>\n1.6 i.e., A\u00f1o 06.1993 &#8211; 08.1999, 1581 , 75<br \/>\n1.6 i.e., A\u00f1o 03.1996 &#8211; 08.1999, 1581 , 90<br \/>\n1.6 i.e. 16V, A\u00f1o 01.1996 &#8211; 08.1999, 1581 , 103<br \/>\n1.8 i.e., A\u00f1o 06.1993 &#8211; 08.1999, 1756 , 103<br \/>\n1.8 i.e., A\u00f1o 07.1994 &#8211; 08.1999, 1756 , 90<br \/>\n1.8 i.e. 16V, A\u00f1o 03.1996 &#8211; 08.1999, 1747 , 113<br \/>\n1.8 i.e. 16V GT, A\u00f1o 03.1996 &#8211; 08.1999, 1747 , 131<br \/>\n1.9 TD, A\u00f1o 10.1994 &#8211; 08.1999, 1929 , 90<br \/>\n2.0 16V, A\u00f1o 06.1993 &#8211; 08.1999, 1995 , 139<br \/>\n2.0 16V Turbo, A\u00f1o 06.1993 &#8211; 08.1999, 1995 , 186<br \/>\n2.0 16V Turbo, A\u00f1o 07.1996 &#8211; 08.1999, 1995 , 193<br \/>\nLANCIA Prisma (831)<br \/>\n1.3, A\u00f1o 01.1983 &#8211; 12.1989, 1301 , 79<br \/>\n1.5, A\u00f1o 09.1985 &#8211; 02.1992, 1498 , 75<br \/>\n1.5, A\u00f1o 08.1986 &#8211; 02.1992, 1498 , 80<br \/>\n1.5, A\u00f1o 01.1983 &#8211; 04.1986, 1498 , 86<br \/>\n1.6, A\u00f1o 08.1986 &#8211; 02.1992, 1585 , 99<br \/>\n1.6, A\u00f1o 01.1983 &#8211; 04.1986, 1585 , 105<br \/>\n1.6 i.e., A\u00f1o 05.1986 &#8211; 12.1989, 1585 , 108<br \/>\n1.6 i.e. Super, A\u00f1o 05.1987 &#8211; 12.1989, 1585 , 90<br \/>\n1.9 Di\u00e9sel, A\u00f1o 01.1983 &#8211; 02.1992, 1911 , 65<br \/>\n1.9 Turbodi\u00e9sel, A\u00f1o 05.1985 &#8211; 12.1989, 1928 , 80<br \/>\n2.0 i.e. 4WD A\u00f1o 04.1986 &#8211; 12.1989, 1995 , 115<\/p>\n<p>LA PIEZA ES NUEVA Y ORIGINAL.<\/p>\n","protected":false},"excerpt":{"rendered":"<p>Juego, set de juntas de la pinzas de freno traseras de: Di\u00e1metro: 34mm FIAT Argenta (132) 2.0 i.e., A\u00f1o 06.1981 &#8211; 07.1986, 1995 , 122 FIAT Tempra (159) 1.4 i.e., A\u00f1o 03.1991 &#8211; 08.1996, 1372 , 78 1.4 i.e., A\u00f1o 04.1990 &#8211; 08.1996, 1372 , 69 1.6, A\u00f1o 04.1990 &#8211; 06.1993, 1581 , 69 1.6 [&hellip;]<\/p>\n","protected":false},"featured_media":61282,"template":"","meta":{"_seopress_robots_primary_cat":"","_seopress_titles_title":"","_seopress_titles_desc":"","_seopress_robots_index":""},"product_cat":[79,117,118,20,21,123,111,112],"product_tag":[],"class_list":{"0":"post-61281","1":"product","2":"type-product","3":"status-publish","4":"has-post-thumbnail","6":"product_cat-recambios-fiat-argenta","7":"product_cat-recambios-lancia-dedra","8":"product_cat-recambios-lancia-delta","9":"product_cat-recambios-fiat","10":"product_cat-recambios-lancia","11":"product_cat-recambios-lancia-prisma","12":"product_cat-recambios-fiat-tempra","13":"product_cat-recambios-fiat-tipo","15":"first","16":"outofstock","17":"taxable","18":"shipping-taxable","19":"purchasable","20":"product-type-simple"},"_links":{"self":[{"href":"https:\/\/galicianparts.com\/shop\/wp-json\/wp\/v2\/product\/61281"}],"collection":[{"href":"https:\/\/galicianparts.com\/shop\/wp-json\/wp\/v2\/product"}],"about":[{"href":"https:\/\/galicianparts.com\/shop\/wp-json\/wp\/v2\/types\/product"}],"wp:featuredmedia":[{"embeddable":true,"href":"https:\/\/galicianparts.com\/shop\/wp-json\/wp\/v2\/media\/61282"}],"wp:attachment":[{"href":"https:\/\/galicianparts.com\/shop\/wp-json\/wp\/v2\/media?parent=61281"}],"wp:term":[{"taxonomy":"product_cat","embeddable":true,"href":"https:\/\/galicianparts.com\/shop\/wp-json\/wp\/v2\/product_cat?post=61281"},{"taxonomy":"product_tag","embeddable":true,"href":"https:\/\/galicianparts.com\/shop\/wp-json\/wp\/v2\/product_tag?post=61281"}],"curies":[{"name":"wp","href":"https:\/\/api.w.org\/{rel}","templated":true}]}}