{"id":61292,"date":"2022-10-24T08:52:49","date_gmt":"2022-10-24T06:52:49","guid":{"rendered":"https:\/\/galicianparts.com\/shop\/producto\/adl142207-filtro-aire-lancia-delta-iii-fiat-bravo-original\/"},"modified":"2025-04-04T12:19:08","modified_gmt":"2025-04-04T10:19:08","slug":"adl142207-filtro-aire-lancia-delta-iii-fiat-bravo-original","status":"publish","type":"product","link":"https:\/\/galicianparts.com\/shop\/producto\/adl142207-filtro-aire-lancia-delta-iii-fiat-bravo-original\/","title":{"rendered":"ADL142207 Filtro aire Lancia Delta III \/ Fiat Bravo ORIGINAL"},"content":{"rendered":"<p>Filtro de aire de:<br \/>\nAltura: 260 mm.<br \/>\nDi\u00e1metro interior: 95 mm<\/p>\n<p>FIAT Bravo II (198)<br \/>\n1.4, A\u00f1o 04.2007 &#8211; 12.2014, 1368 , 90<br \/>\n1.4 16V, A\u00f1o 03.2008 &#8211; 12.2014, 1368 , 140<br \/>\n1.4 T-Jet, A\u00f1o 09.2007 &#8211; 12.2014, 1368 , 120<br \/>\n1.4 T-Jet, A\u00f1o 09.2007 &#8211; 12.2014, 1368 , 150<br \/>\n1.4 T-Jet, A\u00f1o 06.2011 &#8211; 12.2016, 1368 , 152<br \/>\n1.6 D Multijet, A\u00f1o 03.2008 &#8211; 12.2014, 1598 , 90<br \/>\n1.6 D Multijet, A\u00f1o 09.2007 &#8211; 12.2014, 1598 , 105<br \/>\n1.6 D Multijet, A\u00f1o 03.2008 &#8211; 12.2014, 1598 , 120<br \/>\n1.9 D Multijet, A\u00f1o 04.2007 &#8211; 12.2008, 1910 , 90<br \/>\n1.9 D Multijet, A\u00f1o 04.2007 &#8211; 12.2014, 1910 , 120<br \/>\n1.9 D Multijet, A\u00f1o 04.2007 &#8211; 12.2014, 1910 , 150<br \/>\n2.0 D Multijet, A\u00f1o 09.2008 &#8211; 12.2014, 1956 , 163<br \/>\n2.0 D Multijet, A\u00f1o 09.2008 &#8211; 12.2014, 1956 , 165<\/p>\n<p>LANCIA Delta III (844)<br \/>\n1.4, A\u00f1o 09.2008 &#8211; 08.2014, 1368 , 120<br \/>\n1.4, A\u00f1o 09.2008 &#8211; 08.2014, 1368 , 150<br \/>\n1.4 16V, A\u00f1o 07.2010 &#8211; 08.2014, 1368 , 140<br \/>\n1.4 Bifuel, A\u00f1o 07.2011 &#8211; 08.2014, 1368 , 120<br \/>\n1.6 D Multijet, A\u00f1o 04.2011 &#8211; 08.2014, 1598 , 105<br \/>\n1.6 D Multijet, A\u00f1o 08.2008 &#8211; 08.2014, 1598 , 116<br \/>\n1.6 D Multijet, A\u00f1o 09.2008 &#8211; 08.2014, 1598 , 120<br \/>\n1.8, A\u00f1o 01.2009 &#8211; 08.2014, 1742 , 200<br \/>\n1.9 D Multijet, A\u00f1o 01.2009 &#8211; 08.2014, 1910 , 190<br \/>\n2.0 D Multijet, A\u00f1o 09.2008 &#8211; 08.2014, 1956 , 163<br \/>\n2.0 D Multijet, A\u00f1o 09.2008 &#8211; 08.2014, 1956 , 165<\/p>\n<p>LA PIEZA ES NUEVA Y ORIGINAL.<\/p>\n","protected":false},"excerpt":{"rendered":"<p>Filtro de aire de: Altura: 260 mm. Di\u00e1metro interior: 95 mm FIAT Bravo II (198) 1.4, A\u00f1o 04.2007 &#8211; 12.2014, 1368 , 90 1.4 16V, A\u00f1o 03.2008 &#8211; 12.2014, 1368 , 140 1.4 T-Jet, A\u00f1o 09.2007 &#8211; 12.2014, 1368 , 120 1.4 T-Jet, A\u00f1o 09.2007 &#8211; 12.2014, 1368 , 150 1.4 T-Jet, A\u00f1o 06.2011 &#8211; [&hellip;]<\/p>\n","protected":false},"featured_media":61307,"template":"","meta":{"_seopress_robots_primary_cat":"","_seopress_titles_title":"","_seopress_titles_desc":"","_seopress_robots_index":""},"product_cat":[82,118,20,21],"product_tag":[],"class_list":{"0":"post-61292","1":"product","2":"type-product","3":"status-publish","4":"has-post-thumbnail","6":"product_cat-recambios-fiat-bravo","7":"product_cat-recambios-lancia-delta","8":"product_cat-recambios-fiat","9":"product_cat-recambios-lancia","11":"first","12":"outofstock","13":"taxable","14":"shipping-taxable","15":"purchasable","16":"product-type-simple"},"_links":{"self":[{"href":"https:\/\/galicianparts.com\/shop\/wp-json\/wp\/v2\/product\/61292"}],"collection":[{"href":"https:\/\/galicianparts.com\/shop\/wp-json\/wp\/v2\/product"}],"about":[{"href":"https:\/\/galicianparts.com\/shop\/wp-json\/wp\/v2\/types\/product"}],"wp:featuredmedia":[{"embeddable":true,"href":"https:\/\/galicianparts.com\/shop\/wp-json\/wp\/v2\/media\/61307"}],"wp:attachment":[{"href":"https:\/\/galicianparts.com\/shop\/wp-json\/wp\/v2\/media?parent=61292"}],"wp:term":[{"taxonomy":"product_cat","embeddable":true,"href":"https:\/\/galicianparts.com\/shop\/wp-json\/wp\/v2\/product_cat?post=61292"},{"taxonomy":"product_tag","embeddable":true,"href":"https:\/\/galicianparts.com\/shop\/wp-json\/wp\/v2\/product_tag?post=61292"}],"curies":[{"name":"wp","href":"https:\/\/api.w.org\/{rel}","templated":true}]}}