{"id":61412,"date":"2022-10-24T17:23:54","date_gmt":"2022-10-24T15:23:54","guid":{"rendered":"https:\/\/galicianparts.com\/shop\/producto\/82347245-deposito-refrigerante-lancia-delta-i-prisma-nuevo-original\/"},"modified":"2023-06-07T02:08:38","modified_gmt":"2023-06-07T00:08:38","slug":"82347245-deposito-refrigerante-lancia-delta-i-prisma-nuevo-original","status":"publish","type":"product","link":"https:\/\/galicianparts.com\/shop\/producto\/82347245-deposito-refrigerante-lancia-delta-i-prisma-nuevo-original\/","title":{"rendered":"82347245 Dep\u00f3sito refrigerante Lancia Delta I \/Prisma NUEVO ORIGINAL"},"content":{"rendered":"<p>Vaso de expansi\u00f3n, dep\u00f3sito de recuperaci\u00f3n del refrigerante del motor de:<br \/>\nLANCIA DELTA I<br \/>\nLANCIA PRISMA<\/p>\n<p>LA PIEZA ES NUEVA Y ORIGINAL.<\/p>\n","protected":false},"excerpt":{"rendered":"<p>Vaso de expansi\u00f3n, dep\u00f3sito de recuperaci\u00f3n del refrigerante del motor de: LANCIA DELTA I LANCIA PRISMA LA PIEZA ES NUEVA Y ORIGINAL.<\/p>\n","protected":false},"featured_media":61413,"template":"","meta":{"_seopress_robots_primary_cat":"","_seopress_titles_title":"","_seopress_titles_desc":"","_seopress_robots_index":""},"product_cat":[118,21,123],"product_tag":[],"class_list":{"0":"post-61412","1":"product","2":"type-product","3":"status-publish","4":"has-post-thumbnail","6":"product_cat-recambios-lancia-delta","7":"product_cat-recambios-lancia","8":"product_cat-recambios-lancia-prisma","10":"first","11":"outofstock","12":"taxable","13":"shipping-taxable","14":"purchasable","15":"product-type-simple"},"_links":{"self":[{"href":"https:\/\/galicianparts.com\/shop\/wp-json\/wp\/v2\/product\/61412"}],"collection":[{"href":"https:\/\/galicianparts.com\/shop\/wp-json\/wp\/v2\/product"}],"about":[{"href":"https:\/\/galicianparts.com\/shop\/wp-json\/wp\/v2\/types\/product"}],"wp:featuredmedia":[{"embeddable":true,"href":"https:\/\/galicianparts.com\/shop\/wp-json\/wp\/v2\/media\/61413"}],"wp:attachment":[{"href":"https:\/\/galicianparts.com\/shop\/wp-json\/wp\/v2\/media?parent=61412"}],"wp:term":[{"taxonomy":"product_cat","embeddable":true,"href":"https:\/\/galicianparts.com\/shop\/wp-json\/wp\/v2\/product_cat?post=61412"},{"taxonomy":"product_tag","embeddable":true,"href":"https:\/\/galicianparts.com\/shop\/wp-json\/wp\/v2\/product_tag?post=61412"}],"curies":[{"name":"wp","href":"https:\/\/api.w.org\/{rel}","templated":true}]}}