{"id":61692,"date":"2022-10-26T13:11:37","date_gmt":"2022-10-26T11:11:37","guid":{"rendered":"https:\/\/galicianparts.com\/shop\/producto\/4434852-filtro-aire-207x125mm-fiat-lancia-alfa-romeo-citroen-peugeot-nuevo\/"},"modified":"2024-02-22T13:48:06","modified_gmt":"2024-02-22T11:48:06","slug":"4434852-filtro-aire-207x125mm-fiat-lancia-alfa-romeo-citroen-peugeot-nuevo","status":"publish","type":"product","link":"https:\/\/galicianparts.com\/shop\/producto\/4434852-filtro-aire-207x125mm-fiat-lancia-alfa-romeo-citroen-peugeot-nuevo\/","title":{"rendered":"4434852 Filtro aire 207x125mm Fiat \/Lancia \/Alfa Romeo \/Citro\u00ebn \/Peugeot ORIGINAL"},"content":{"rendered":"<p>71736148 Filtro de aire de:<br \/>\nAltura: 207 mm<br \/>\nDi\u00e1metro interior: 64 mm<br \/>\nDi\u00e1metro exterior: 125 mm<\/p>\n<p>FIAT 127 (127)<br \/>\n1.3 Di\u00e9sel, A\u00f1o 04.1981 &#8211; 12.1986, 1301 , 45<br \/>\nFIAT 131 (131)<br \/>\n2.0 D, A\u00f1o 03.1978 &#8211; 03.1987, 1995 , 60<br \/>\n2.5 D, A\u00f1o 06.1978 &#8211; 02.1984, 2445 , 72<br \/>\nFIAT Argenta (132)<br \/>\n2.5 Di\u00e9sel, A\u00f1o 06.1981 &#8211; 11.1985, 2445 , 72<br \/>\nFIAT Fiorino II (146)<br \/>\n60 1.1, A\u00f1o 05.1988 &#8211; 12.1993, 1116 , 54<br \/>\n1.3, A\u00f1o 01.1988 &#8211; 12.1994, 1301 , 67<br \/>\n75 i.e. 1.5, A\u00f1o 05.1988 &#8211; 12.1993, 1499 , 75<br \/>\nFIAT Fiorino I (147)<br \/>\n1.1 60, A\u00f1o 11.1986 &#8211; 04.1988, 1116 , 55<br \/>\n1.3, A\u00f1o 12.1987 &#8211; 08.1993, 1301 , 67<br \/>\n1.3 D, A\u00f1o 03.1982 &#8211; 01.1988, 1288 , 45<br \/>\nFIAT Ducato I (280)<br \/>\n2.4 D, A\u00f1o 01.1982 &#8211; 08.1990, 2428 , 72<br \/>\n2.5 D, A\u00f1o 01.1982 &#8211; 08.1990, 2500 , 75<br \/>\nFIAT Duna (146)<br \/>\n60 1.1, A\u00f1o 01.1987 &#8211; 12.1991, 1116 , 58<br \/>\n70 1.3, A\u00f1o 01.1987 &#8211; 12.1991, 1301 , 67<br \/>\nFIAT 132 (132_)<br \/>\n2.5 D, A\u00f1o 07.1978 &#8211; 07.1982, 2445 , 72<br \/>\nFIAT 900 T\/E Pulmino (200_)<br \/>\n0.9, A\u00f1o 01.1978 &#8211; 01.1986, 903 , 35<br \/>\nFIAT 147 Panorama<br \/>\n1.3 D, A\u00f1o 07.1982 &#8211; 07.1983, 1301 , 45<\/p>\n<p>LANCIA Delta I (831)<br \/>\n1.9 Turbo DS, A\u00f1o 10.1986 &#8211; 12.1989, 1929 , 80<br \/>\nLANCIA Prisma (831)<br \/>\n1.9 Di\u00e9sel, A\u00f1o 01.1983 &#8211; 02.1992, 1911 , 65<br \/>\n1.9 Turbodi\u00e9sel, A\u00f1o 05.1985 &#8211; 12.1989, 1928 , 80<\/p>\n<p>PEUGEOT J5 (280)<br \/>\n2.5 D, A\u00f1o 09.1981 &#8211; 09.1990, 2498 , 73<\/p>\n<p>CITRO\u00cbN C35<br \/>\n2.5 D, A\u00f1o 02.1980 &#8211; 01.1994, 2498 , 69<\/p>\n<p>SEAT 131<br \/>\n2.4 Di\u00e9sel, A\u00f1o 06.1978 &#8211; 12.1986, 2445 , 72<\/p>\n<p>ALFA ROMEO AR6 Furg\u00f3n (280)<br \/>\n2.4 D, A\u00f1o 04.1985 &#8211; 02.1986, 2445 , 72<br \/>\n2.5 D, A\u00f1o 03.1986 &#8211; 12.1989, 2499 , 75<\/p>\n<p>LA PIEZA ES NUEVA Y ORIGINAL.<\/p>\n","protected":false},"excerpt":{"rendered":"<p>71736148 Filtro de aire de: Altura: 207 mm Di\u00e1metro interior: 64 mm Di\u00e1metro exterior: 125 mm FIAT 127 (127) 1.3 Di\u00e9sel, A\u00f1o 04.1981 &#8211; 12.1986, 1301 , 45 FIAT 131 (131) 2.0 D, A\u00f1o 03.1978 &#8211; 03.1987, 1995 , 60 2.5 D, A\u00f1o 06.1978 &#8211; 02.1984, 2445 , 72 FIAT Argenta (132) 2.5 Di\u00e9sel, A\u00f1o [&hellip;]<\/p>\n","protected":false},"featured_media":61694,"template":"","meta":{"_seopress_robots_primary_cat":"","_seopress_titles_title":"","_seopress_titles_desc":"","_seopress_robots_index":""},"product_cat":[68,70,71,222,186,16,184,79,133,23,118,88,89,20,91,157,21,24,123],"product_tag":[],"class_list":{"0":"post-61692","1":"product","2":"type-product","3":"status-publish","4":"has-post-thumbnail","6":"product_cat-recambios-fiat-127","7":"product_cat-recambios-fiat-131","8":"product_cat-recambios-fiat-132","9":"product_cat-recambios-fiat-147","10":"product_cat-recambios-fiat-900","11":"product_cat-recambios-alfa-romeo","12":"product_cat-recambios-alfa-romeo-ar6","13":"product_cat-recambios-fiat-argenta","14":"product_cat-recambios-citroen-c35","15":"product_cat-recambios-citroen","16":"product_cat-recambios-lancia-delta","17":"product_cat-recambios-fiat-ducato","18":"product_cat-recambios-fiat-duna","19":"product_cat-recambios-fiat","20":"product_cat-recambios-fiat-fiorino","21":"product_cat-recambios-peugeot-j5","22":"product_cat-recambios-lancia","23":"product_cat-recambios-peugeot","24":"product_cat-recambios-lancia-prisma","26":"first","27":"instock","28":"taxable","29":"shipping-taxable","30":"purchasable","31":"product-type-simple"},"_links":{"self":[{"href":"https:\/\/galicianparts.com\/shop\/wp-json\/wp\/v2\/product\/61692"}],"collection":[{"href":"https:\/\/galicianparts.com\/shop\/wp-json\/wp\/v2\/product"}],"about":[{"href":"https:\/\/galicianparts.com\/shop\/wp-json\/wp\/v2\/types\/product"}],"wp:featuredmedia":[{"embeddable":true,"href":"https:\/\/galicianparts.com\/shop\/wp-json\/wp\/v2\/media\/61694"}],"wp:attachment":[{"href":"https:\/\/galicianparts.com\/shop\/wp-json\/wp\/v2\/media?parent=61692"}],"wp:term":[{"taxonomy":"product_cat","embeddable":true,"href":"https:\/\/galicianparts.com\/shop\/wp-json\/wp\/v2\/product_cat?post=61692"},{"taxonomy":"product_tag","embeddable":true,"href":"https:\/\/galicianparts.com\/shop\/wp-json\/wp\/v2\/product_tag?post=61692"}],"curies":[{"name":"wp","href":"https:\/\/api.w.org\/{rel}","templated":true}]}}