{"id":61704,"date":"2022-10-26T13:26:10","date_gmt":"2022-10-26T11:26:10","guid":{"rendered":"https:\/\/galicianparts.com\/shop\/producto\/46723511-motor-calefaccion-fiat-stilo-2001-2007-nuevo-original\/"},"modified":"2022-10-26T13:27:57","modified_gmt":"2022-10-26T11:27:57","slug":"46723511-motor-calefaccion-fiat-stilo-2001-2007-nuevo-original","status":"publish","type":"product","link":"https:\/\/galicianparts.com\/shop\/producto\/46723511-motor-calefaccion-fiat-stilo-2001-2007-nuevo-original\/","title":{"rendered":"46723511 Motor calefacci\u00f3n Fiat Stilo (2001-2007) NUEVO ORIGINAL"},"content":{"rendered":"<p>Ventilador del m\u00f3dulo de la calefacci\u00f3n de:<br \/>\nFIAT &#8211; 2C STILO (2001-2003) CALEFACTOR\u00a0ADICIONAL AUT\u00d3NOMO \/ (1.9 JTD 58KW\/80CV \/ 1.9 JTD 85KW\/115CV)<br \/>\nFIAT &#8211; 2C STILO (2001-2003) 1.2 16V \/ 1.2 16V0 \/ 1.8 16V CF4 \/ 2.4 20V CF4<br \/>\nFIAT &#8211; 2C STILO (2001-2003) 1.9 JTD 58KW\/80CV \/ 1.9 JTD 85KW\/115CV<br \/>\nFIAT &#8211; 2C STILO (2001-2003) ADDITIONAL HEATER AND AIR VENTS \/ 1.9 JTD 58KW\/80CV \/ 1.9 JTD 85KW\/115CV<br \/>\nFIAT &#8211; 2V STILO F.L.L. 2003 (2003-2007) 1.4 16V CF4 95CV\/70KW \/ 1.4\u00a016V\u00a0CF4\u00a095CV\/66KW \/ 1.6 16V PETROL\/METHANE \/ 1.6 16V \/ 1.4 16V CF4 95CV\/70KW5<br \/>\nFIAT &#8211; 2V STILO F.L.L. 2003 (2003-2007) CONDUCCION A\u00a0IZQUIERDA \/ (1.9\u00a0JTD\u00a08V\u00a0CF4\u00a090CV\/66KW\u00a0MENOR POT. AUSTRIA \/ 1910\u00a0JTD\u00a0CF4\u00a08V\u00a0115CV\/85KW\u00a0MENOR POTENCIA BELGICA \/ 1.9 JTD CF4 8V 120HP 88KW)<br \/>\nFIAT &#8211; 2V STILO F.L.L. 2003 (2003-2007) 1.9 JTD 58KW\/80CV \/ 1.9\u00a0JTD\u00a08V\u00a0100\u00a0CV\/74KW \/ 1.9 JTD 85KW\/115CV \/ 1.9 JTD CF4 16V 150HP 110KW<br \/>\nFIAT &#8211; 2V STILO F.L.L. 2003 (2003-2007) CONDUCCION A\u00a0IZQUIERDA \/ ADDITIONAL HEATER AND AIR VENTS \/ (1.9 JTD 58KW\/80CV \/ 1.9\u00a0JTD\u00a08V\u00a0100\u00a0CV\/74KW \/ 1.9 JTD 85KW\/115CV)<br \/>\nFIAT &#8211; 2V STILO F.L.L. 2003 (2003-2007) CONDUCCION\u00a0A DERECHA \/ 1.9 JTD CF4 8V 120HP 88KW<br \/>\nFIAT &#8211; 2V STILO F.L.L. 2003 (2003-2007) CALEFACTOR\u00a0ADICIONAL AUT\u00d3NOMO \/ (1.9 JTD 58KW\/80CV \/ 1.9\u00a0JTD\u00a08V\u00a0100\u00a0CV\/74KW \/ 1.9 JTD 85KW\/115CV)<\/p>\n<p>LA PIEZA ES NUEVA Y ORIGINAL.<\/p>\n","protected":false},"excerpt":{"rendered":"<p>Ventilador del m\u00f3dulo de la calefacci\u00f3n de: FIAT &#8211; 2C STILO (2001-2003) CALEFACTOR\u00a0ADICIONAL AUT\u00d3NOMO \/ (1.9 JTD 58KW\/80CV \/ 1.9 JTD 85KW\/115CV) FIAT &#8211; 2C STILO (2001-2003) 1.2 16V \/ 1.2 16V0 \/ 1.8 16V CF4 \/ 2.4 20V CF4 FIAT &#8211; 2C STILO (2001-2003) 1.9 JTD 58KW\/80CV \/ 1.9 JTD 85KW\/115CV FIAT &#8211; 2C [&hellip;]<\/p>\n","protected":false},"featured_media":61708,"template":"","meta":{"_seopress_robots_primary_cat":"","_seopress_titles_title":"","_seopress_titles_desc":"","_seopress_robots_index":""},"product_cat":[20,108],"product_tag":[],"class_list":{"0":"post-61704","1":"product","2":"type-product","3":"status-publish","4":"has-post-thumbnail","6":"product_cat-recambios-fiat","7":"product_cat-recambios-fiat-stilo","9":"first","10":"instock","11":"taxable","12":"shipping-taxable","13":"purchasable","14":"product-type-simple"},"_links":{"self":[{"href":"https:\/\/galicianparts.com\/shop\/wp-json\/wp\/v2\/product\/61704"}],"collection":[{"href":"https:\/\/galicianparts.com\/shop\/wp-json\/wp\/v2\/product"}],"about":[{"href":"https:\/\/galicianparts.com\/shop\/wp-json\/wp\/v2\/types\/product"}],"wp:featuredmedia":[{"embeddable":true,"href":"https:\/\/galicianparts.com\/shop\/wp-json\/wp\/v2\/media\/61708"}],"wp:attachment":[{"href":"https:\/\/galicianparts.com\/shop\/wp-json\/wp\/v2\/media?parent=61704"}],"wp:term":[{"taxonomy":"product_cat","embeddable":true,"href":"https:\/\/galicianparts.com\/shop\/wp-json\/wp\/v2\/product_cat?post=61704"},{"taxonomy":"product_tag","embeddable":true,"href":"https:\/\/galicianparts.com\/shop\/wp-json\/wp\/v2\/product_tag?post=61704"}],"curies":[{"name":"wp","href":"https:\/\/api.w.org\/{rel}","templated":true}]}}