{"id":61807,"date":"2022-10-27T17:49:15","date_gmt":"2022-10-27T15:49:15","guid":{"rendered":"https:\/\/galicianparts.com\/shop\/producto\/4112286-casquillo-leva-selector-cambio-fiat-127-1100-1500-132-238-nuevo-original\/"},"modified":"2024-09-04T19:17:03","modified_gmt":"2024-09-04T17:17:03","slug":"4112286-casquillo-leva-selector-cambio-fiat-127-1100-1500-132-238-nuevo-original","status":"publish","type":"product","link":"https:\/\/galicianparts.com\/shop\/producto\/4112286-casquillo-leva-selector-cambio-fiat-127-1100-1500-132-238-nuevo-original\/","title":{"rendered":"4112286 Casquillo leva selector cambio Fiat 127 \/1100 \/1500 \/132 \/238 NUEVO ORIGINAL"},"content":{"rendered":"<p>Casquillo de goma de la palanca del selector de la caja de cambios de:<br \/>\nDi\u00e1metro interior: 8mm<br \/>\nDi\u00e1metro exterior: 17mm<\/p>\n<p>FIAT 127 Hatchback (127)<br \/>\n0.9, A\u00f1o 06.1971 &#8211; 05.1983, 903 , 40<br \/>\n0.9, A\u00f1o 06.1971 &#8211; 12.1986, 903 , 45<br \/>\n1.0, A\u00f1o 04.1977 &#8211; 12.1986, 1049 , 50<br \/>\n1.0 Sport, A\u00f1o 07.1978 &#8211; 02.1982, 1049 , 70<br \/>\n1.3 Di\u00e9sel, A\u00f1o 04.1981 &#8211; 12.1986, 1301 , 45<br \/>\n1.3 Sport, A\u00f1o 12.1981 &#8211; 05.1983, 1301 , 75<br \/>\nFIAT 238-Serie Bus<br \/>\n1.4, A\u00f1o 09.1966 &#8211; 06.1976, 1440 , 46<br \/>\n1.4, A\u00f1o 10.1967 &#8211; 06.1982, 1440 , 52<br \/>\nFIAT 1100 R<br \/>\nFIAT 1500-Serie Berlina<br \/>\n1500, A\u00f1o 11.1964 &#8211; 10.1968, 1471 , 75<br \/>\n1500 (116), A\u00f1o 11.1961 &#8211; 03.1969, 1471 , 67<br \/>\nFIAT 125 Berlina (125)<br \/>\n1.6, A\u00f1o 07.1967 &#8211; 03.1974, 1608 , 90<br \/>\n1.6, A\u00f1o 05.1969 &#8211; 10.1973, 1608 , 100<br \/>\nFIAT 2300 Berlina<br \/>\n1.5 L, A\u00f1o 10.1963 &#8211; 12.1970, 1471 , 75<br \/>\nFIAT 132 (132_)<br \/>\n1.6, A\u00f1o 05.1977 &#8211; 09.1982, 1585 , 88<br \/>\n1.6, A\u00f1o 03.1977 &#8211; 12.1981, 1585 , 90<br \/>\n1.6, A\u00f1o 01.1976 &#8211; 12.1982, 1585 , 98<br \/>\n1.6, A\u00f1o 04.1972 &#8211; 01.1976, 1592 , 98<br \/>\n1.7 GLS, A\u00f1o 04.1974 &#8211; 12.1975, 1756 , 107<br \/>\n1.7 GLS, A\u00f1o 11.1975 &#8211; 01.1977, 1756 , 112<br \/>\n2.0, A\u00f1o 01.1976 &#8211; 06.1981, 1995 , 112<br \/>\n2.0 i.e., A\u00f1o 01.1980 &#8211; 12.1982, 1995 , 122<br \/>\n2.5 D, A\u00f1o 07.1978 &#8211; 07.1982, 2445 , 72<\/p>\n<p>LA PIEZA ES NUEVA Y ORIGINAL.<\/p>\n","protected":false},"excerpt":{"rendered":"<p>Casquillo de goma de la palanca del selector de la caja de cambios de: Di\u00e1metro interior: 8mm Di\u00e1metro exterior: 17mm FIAT 127 Hatchback (127) 0.9, A\u00f1o 06.1971 &#8211; 05.1983, 903 , 40 0.9, A\u00f1o 06.1971 &#8211; 12.1986, 903 , 45 1.0, A\u00f1o 04.1977 &#8211; 12.1986, 1049 , 50 1.0 Sport, A\u00f1o 07.1978 &#8211; 02.1982, 1049 [&hellip;]<\/p>\n","protected":false},"featured_media":61808,"template":"","meta":{"_seopress_robots_primary_cat":"","_seopress_titles_title":"","_seopress_titles_desc":"","_seopress_robots_index":""},"product_cat":[177,68,71,78,172,209,20],"product_tag":[],"class_list":{"0":"post-61807","1":"product","2":"type-product","3":"status-publish","4":"has-post-thumbnail","6":"product_cat-recambios-fiat-1100","7":"product_cat-recambios-fiat-127","8":"product_cat-recambios-fiat-132","9":"product_cat-recambios-fiat-1500","10":"product_cat-recambios-fiat-2300","11":"product_cat-recambios-fiat-238","12":"product_cat-recambios-fiat","14":"first","15":"outofstock","16":"taxable","17":"shipping-taxable","18":"purchasable","19":"product-type-simple"},"_links":{"self":[{"href":"https:\/\/galicianparts.com\/shop\/wp-json\/wp\/v2\/product\/61807"}],"collection":[{"href":"https:\/\/galicianparts.com\/shop\/wp-json\/wp\/v2\/product"}],"about":[{"href":"https:\/\/galicianparts.com\/shop\/wp-json\/wp\/v2\/types\/product"}],"wp:featuredmedia":[{"embeddable":true,"href":"https:\/\/galicianparts.com\/shop\/wp-json\/wp\/v2\/media\/61808"}],"wp:attachment":[{"href":"https:\/\/galicianparts.com\/shop\/wp-json\/wp\/v2\/media?parent=61807"}],"wp:term":[{"taxonomy":"product_cat","embeddable":true,"href":"https:\/\/galicianparts.com\/shop\/wp-json\/wp\/v2\/product_cat?post=61807"},{"taxonomy":"product_tag","embeddable":true,"href":"https:\/\/galicianparts.com\/shop\/wp-json\/wp\/v2\/product_tag?post=61807"}],"curies":[{"name":"wp","href":"https:\/\/api.w.org\/{rel}","templated":true}]}}