{"id":62034,"date":"2022-11-03T10:09:32","date_gmt":"2022-11-03T08:09:32","guid":{"rendered":"https:\/\/galicianparts.com\/shop\/producto\/7760975-tubo-deposito-radiador-motor-fiat-punto-1993-1999-nuevo-original\/"},"modified":"2025-11-16T00:16:04","modified_gmt":"2025-11-15T22:16:04","slug":"7760975-tubo-deposito-radiador-motor-fiat-punto-1993-1999-nuevo-original","status":"publish","type":"product","link":"https:\/\/galicianparts.com\/shop\/producto\/7760975-tubo-deposito-radiador-motor-fiat-punto-1993-1999-nuevo-original\/","title":{"rendered":"7760975 Tubo dep\u00f3sito radiador motor Fiat Punto (1993-1999) NUEVO ORIGINAL"},"content":{"rendered":"<p>Manguito de recuperaci\u00f3n del refrigerante del radiador al vaso de expansi\u00f3n de:<br \/>\nFIAT &#8211; NX PUNTO D-TD (1993-1997) AIRE ACONDICIONADO<br \/>\nFIAT &#8211; 1B PUNTO TB.DS. GAMMA&#8217;97 (1997-1999) AIRE ACONDICIONADO<\/p>\n<p>LA PIEZA ES NUEVA Y ORIGINAL.<\/p>\n","protected":false},"excerpt":{"rendered":"<p>Manguito de recuperaci\u00f3n del refrigerante del radiador al vaso de expansi\u00f3n de: FIAT &#8211; NX PUNTO D-TD (1993-1997) AIRE ACONDICIONADO FIAT &#8211; 1B PUNTO TB.DS. GAMMA&#8217;97 (1997-1999) AIRE ACONDICIONADO LA PIEZA ES NUEVA Y ORIGINAL.<\/p>\n","protected":false},"featured_media":62035,"template":"","meta":{"_seopress_robots_primary_cat":"","_seopress_titles_title":"","_seopress_titles_desc":"","_seopress_robots_index":""},"product_cat":[20,101],"product_tag":[],"class_list":{"0":"post-62034","1":"product","2":"type-product","3":"status-publish","4":"has-post-thumbnail","6":"product_cat-recambios-fiat","7":"product_cat-recambios-fiat-punto","9":"first","10":"outofstock","11":"taxable","12":"shipping-taxable","13":"purchasable","14":"product-type-simple"},"_links":{"self":[{"href":"https:\/\/galicianparts.com\/shop\/wp-json\/wp\/v2\/product\/62034"}],"collection":[{"href":"https:\/\/galicianparts.com\/shop\/wp-json\/wp\/v2\/product"}],"about":[{"href":"https:\/\/galicianparts.com\/shop\/wp-json\/wp\/v2\/types\/product"}],"wp:featuredmedia":[{"embeddable":true,"href":"https:\/\/galicianparts.com\/shop\/wp-json\/wp\/v2\/media\/62035"}],"wp:attachment":[{"href":"https:\/\/galicianparts.com\/shop\/wp-json\/wp\/v2\/media?parent=62034"}],"wp:term":[{"taxonomy":"product_cat","embeddable":true,"href":"https:\/\/galicianparts.com\/shop\/wp-json\/wp\/v2\/product_cat?post=62034"},{"taxonomy":"product_tag","embeddable":true,"href":"https:\/\/galicianparts.com\/shop\/wp-json\/wp\/v2\/product_tag?post=62034"}],"curies":[{"name":"wp","href":"https:\/\/api.w.org\/{rel}","templated":true}]}}