{"id":62066,"date":"2022-11-03T11:13:28","date_gmt":"2022-11-03T09:13:28","guid":{"rendered":"https:\/\/galicianparts.com\/shop\/producto\/6pk1853-correa-auxiliar-alfa-romeo-147-156-gtv-spider-fiat-bravo-coupe-gates\/"},"modified":"2022-11-15T17:47:17","modified_gmt":"2022-11-15T15:47:17","slug":"6pk1853-correa-auxiliar-alfa-romeo-147-156-gtv-spider-fiat-bravo-coupe-gates","status":"publish","type":"product","link":"https:\/\/galicianparts.com\/shop\/producto\/6pk1853-correa-auxiliar-alfa-romeo-147-156-gtv-spider-fiat-bravo-coupe-gates\/","title":{"rendered":"6PK1853 Correa auxiliar Alfa Romeo 147 \/156 \/GTV \/Spider \/Fiat Bravo \/Coupe GATES"},"content":{"rendered":"<p>Correa de instrumentos de:<br \/>\nLongitud: 1853 mm<br \/>\nAncho: 20 mm<br \/>\nN\u00ba Nervaturas: 6<\/p>\n<p>ALFA ROMEO 145 (930)<br \/>\n1.4 i.e. 16V T.S. (930.A3A), A\u00f1o 12.1996 &#8211; 01.2001, 1370 , 103<br \/>\n1.6 16V T.S. (930.A2C), A\u00f1o 09.1997 &#8211; 12.2000, 1598 , 112<br \/>\n1.6 i.e. 16V T.S. (930.A2), A\u00f1o 12.1996 &#8211; 01.2001, 1598 , 120<br \/>\n1.8 i.e. 16V (930.A1A), A\u00f1o 03.1998 &#8211; 01.2001, 1747 , 144<br \/>\nALFA ROMEO 146 (930)<br \/>\n1.4 i.e. 16V T.S. (930.B3A), A\u00f1o 11.1996 &#8211; 01.2001, 1370 , 103<br \/>\n1.6 16V T.S. (930.B2C), A\u00f1o 09.1997 &#8211; 12.2000, 1598 , 112<br \/>\n1.6 i.e. 16V T.S. (930.B2B), A\u00f1o 11.1996 &#8211; 01.2001, 1598 , 120<br \/>\n1.8 i.e. 16V T.S. (930.B1A), A\u00f1o 03.1998 &#8211; 01.2001, 1747 , 144<br \/>\nALFA ROMEO GTV (916, 916C)<br \/>\n1.8 16V, A\u00f1o 05.1998 &#8211; 10.2005, 1747 , 144<br \/>\nALFA ROMEO Spider (916, 916S)<br \/>\n1.8 16V, A\u00f1o 05.1998 &#8211; 04.2005, 1747 , 144<br \/>\nALFA ROMEO 156 (932)<br \/>\n1.6 16V T.SPARK, A\u00f1o 09.1997 &#8211; 09.2005, 1598 , 112<br \/>\n1.6 16V T.SPARK, A\u00f1o 09.1997 &#8211; 09.2005, 1598 , 120<br \/>\n1.8 16V T.SPARK, A\u00f1o 09.1997 &#8211; 10.2000, 1747 , 144<br \/>\n1.8 16V T.SPARK, A\u00f1o 10.2000 &#8211; 09.2005, 1747 , 140<br \/>\nALFA ROMEO 147 (937)<br \/>\n1.6 16V T.SPARK, A\u00f1o 01.2001 &#8211; 03.2010, 1598 , 120<br \/>\n1.6 16V T.SPARK ECO, A\u00f1o 01.2001 &#8211; 03.2010, 1598 , 105<br \/>\n1.6 LPG (937BXB1A), A\u00f1o 03.2001 &#8211; 12.2009, 1598 , 120<\/p>\n<p>FIAT Brava Hatchback (182)<br \/>\n1.8 GT 16V, A\u00f1o 10.1995 &#8211; 10.2001, 1747 , 113<br \/>\nFIAT Bravo I Hatchback (182)<br \/>\n1.8 GT, A\u00f1o 10.1995 &#8211; 10.2001, 1747 , 113<br \/>\nFIAT Marea (185)<br \/>\n1.8 115 16V, A\u00f1o 09.1996 &#8211; 05.2002, 1747 , 113<br \/>\nFIAT Palio I Weekend (178)<br \/>\n1.9 JTD, A\u00f1o 09.2001 &#8211; &#8230;, 1910 , 80<br \/>\nFIAT Coupe (175)<br \/>\n1.8 16V, A\u00f1o 03.1996 &#8211; 08.2000, 1747 , 131<br \/>\nFIAT Strada Pick-up (178)<br \/>\n1.9 JTD, A\u00f1o 04.2003 &#8211; &#8230;, 1910 , 80<\/p>\n<p>LA PIEZA ES NUEVA GATES.<\/p>\n","protected":false},"excerpt":{"rendered":"<p>Correa de instrumentos de: Longitud: 1853 mm Ancho: 20 mm N\u00ba Nervaturas: 6 ALFA ROMEO 145 (930) 1.4 i.e. 16V T.S. (930.A3A), A\u00f1o 12.1996 &#8211; 01.2001, 1370 , 103 1.6 16V T.S. (930.A2C), A\u00f1o 09.1997 &#8211; 12.2000, 1598 , 112 1.6 i.e. 16V T.S. (930.A2), A\u00f1o 12.1996 &#8211; 01.2001, 1598 , 120 1.8 i.e. 16V [&hellip;]<\/p>\n","protected":false},"featured_media":62067,"template":"","meta":{"_seopress_robots_primary_cat":"","_seopress_titles_title":"","_seopress_titles_desc":"","_seopress_robots_index":""},"product_cat":[45,46,44,49,16,81,82,85,20,55,95,98,56,109],"product_tag":[],"class_list":{"0":"post-62066","1":"product","2":"type-product","3":"status-publish","4":"has-post-thumbnail","6":"product_cat-recambios-alfa-romeo-145","7":"product_cat-recambios-alfa-romeo-146","8":"product_cat-recambios-alfa-romeo-147","9":"product_cat-recambios-alfa-romeo-156","10":"product_cat-recambios-alfa-romeo","11":"product_cat-recambios-fiat-brava","12":"product_cat-recambios-fiat-bravo","13":"product_cat-recambios-fiat-coupe","14":"product_cat-recambios-fiat","15":"product_cat-recambios-alfa-romeo-gtv","16":"product_cat-recambios-fiat-marea","17":"product_cat-recambios-fiat-palio","18":"product_cat-recambios-alfa-romeo-spider","19":"product_cat-recambios-fiat-strada","21":"first","22":"instock","23":"taxable","24":"shipping-taxable","25":"purchasable","26":"product-type-simple"},"_links":{"self":[{"href":"https:\/\/galicianparts.com\/shop\/wp-json\/wp\/v2\/product\/62066"}],"collection":[{"href":"https:\/\/galicianparts.com\/shop\/wp-json\/wp\/v2\/product"}],"about":[{"href":"https:\/\/galicianparts.com\/shop\/wp-json\/wp\/v2\/types\/product"}],"wp:featuredmedia":[{"embeddable":true,"href":"https:\/\/galicianparts.com\/shop\/wp-json\/wp\/v2\/media\/62067"}],"wp:attachment":[{"href":"https:\/\/galicianparts.com\/shop\/wp-json\/wp\/v2\/media?parent=62066"}],"wp:term":[{"taxonomy":"product_cat","embeddable":true,"href":"https:\/\/galicianparts.com\/shop\/wp-json\/wp\/v2\/product_cat?post=62066"},{"taxonomy":"product_tag","embeddable":true,"href":"https:\/\/galicianparts.com\/shop\/wp-json\/wp\/v2\/product_tag?post=62066"}],"curies":[{"name":"wp","href":"https:\/\/api.w.org\/{rel}","templated":true}]}}