{"id":62072,"date":"2022-11-03T11:24:39","date_gmt":"2022-11-03T09:24:39","guid":{"rendered":"https:\/\/galicianparts.com\/shop\/producto\/9652250580-correa-auxiliar-fiat-ducato-01-06-citroen-jumper-peugeot-307-original\/"},"modified":"2022-11-03T11:28:25","modified_gmt":"2022-11-03T09:28:25","slug":"9652250580-correa-auxiliar-fiat-ducato-01-06-citroen-jumper-peugeot-307-original","status":"publish","type":"product","link":"https:\/\/galicianparts.com\/shop\/producto\/9652250580-correa-auxiliar-fiat-ducato-01-06-citroen-jumper-peugeot-307-original\/","title":{"rendered":"9652250580 Correa auxiliar Fiat Ducato (01-06) Citro\u00ebn Jumper \/Peugeot 307 DAYCO"},"content":{"rendered":"<p>Correa de instrumentos de:<br \/>\nLongitud: 875 mm<br \/>\nAncho: 20 mm<br \/>\nN\u00ba Nervaturas: 6<\/p>\n<p>FIAT PROFESSIONAL &#8211; 2E DUCATO RESTYL. (2001-2006) 2000 JTD DW 10<br \/>\nFIAT PROFESSIONAL &#8211; 2E DUCATO RESTYL. (2001-2006) 2200 JTD DW 12<\/p>\n<p>CITRO\u00cbN Jumper I (244)<br \/>\n2.0 HDi, A\u00f1o 04.2002 &#8211; &#8230;, 1997 , 84<br \/>\n2.2 HDi, A\u00f1o 04.2002 &#8211; &#8230;, 2179 , 101<\/p>\n<p>PEUGEOT 307 (3A\/C)<br \/>\n2.0 HDi 110, A\u00f1o 08.2000 &#8211; 03.2007, 1997 , 107<br \/>\n2.0 HDi 90, A\u00f1o 08.2000 &#8211; 03.2007, 1997 , 90<\/p>\n<p>LA PIEZA ES NUEVA Y ORIGINAL DAYCO.<\/p>\n","protected":false},"excerpt":{"rendered":"<p>Correa de instrumentos de: Longitud: 875 mm Ancho: 20 mm N\u00ba Nervaturas: 6 FIAT PROFESSIONAL &#8211; 2E DUCATO RESTYL. (2001-2006) 2000 JTD DW 10 FIAT PROFESSIONAL &#8211; 2E DUCATO RESTYL. (2001-2006) 2200 JTD DW 12 CITRO\u00cbN Jumper I (244) 2.0 HDi, A\u00f1o 04.2002 &#8211; &#8230;, 1997 , 84 2.2 HDi, A\u00f1o 04.2002 &#8211; &#8230;, 2179 [&hellip;]<\/p>\n","protected":false},"featured_media":62076,"template":"","meta":{"_seopress_robots_primary_cat":"","_seopress_titles_title":"","_seopress_titles_desc":"","_seopress_robots_index":""},"product_cat":[148,23,88,20,137,24],"product_tag":[],"class_list":{"0":"post-62072","1":"product","2":"type-product","3":"status-publish","4":"has-post-thumbnail","6":"product_cat-recambios-peugeot-307","7":"product_cat-recambios-citroen","8":"product_cat-recambios-fiat-ducato","9":"product_cat-recambios-fiat","10":"product_cat-recambios-citroen-jumper","11":"product_cat-recambios-peugeot","13":"first","14":"instock","15":"taxable","16":"shipping-taxable","17":"purchasable","18":"product-type-simple"},"_links":{"self":[{"href":"https:\/\/galicianparts.com\/shop\/wp-json\/wp\/v2\/product\/62072"}],"collection":[{"href":"https:\/\/galicianparts.com\/shop\/wp-json\/wp\/v2\/product"}],"about":[{"href":"https:\/\/galicianparts.com\/shop\/wp-json\/wp\/v2\/types\/product"}],"wp:featuredmedia":[{"embeddable":true,"href":"https:\/\/galicianparts.com\/shop\/wp-json\/wp\/v2\/media\/62076"}],"wp:attachment":[{"href":"https:\/\/galicianparts.com\/shop\/wp-json\/wp\/v2\/media?parent=62072"}],"wp:term":[{"taxonomy":"product_cat","embeddable":true,"href":"https:\/\/galicianparts.com\/shop\/wp-json\/wp\/v2\/product_cat?post=62072"},{"taxonomy":"product_tag","embeddable":true,"href":"https:\/\/galicianparts.com\/shop\/wp-json\/wp\/v2\/product_tag?post=62072"}],"curies":[{"name":"wp","href":"https:\/\/api.w.org\/{rel}","templated":true}]}}