{"id":62246,"date":"2022-11-07T14:36:03","date_gmt":"2022-11-07T12:36:03","guid":{"rendered":"https:\/\/galicianparts.com\/shop\/producto\/5414349-manguito-inferior-radiador-m2-2-2-5d-fiat-242-citroen-c35-nuevo-original\/"},"modified":"2022-11-07T14:40:38","modified_gmt":"2022-11-07T12:40:38","slug":"5414349-manguito-inferior-radiador-m2-2-2-5d-fiat-242-citroen-c35-nuevo-original","status":"publish","type":"product","link":"https:\/\/galicianparts.com\/shop\/producto\/5414349-manguito-inferior-radiador-m2-2-2-5d-fiat-242-citroen-c35-nuevo-original\/","title":{"rendered":"5414349 Manguito inferior radiador M2.2 \/2.5D Fiat 242 \/Citroen C35 NUEVO ORIGINAL"},"content":{"rendered":"<p>Tubo inferior del radiador de refrigeraci\u00f3n del motor de:<br \/>\nFIAT 242<br \/>\n2.2 D, A\u00f1o 10.1975 &#8211; 08.1980, 2175 , 63<br \/>\n2.5 D, A\u00f1o 08.1980 &#8211; 07.1982, 2498 , 71<\/p>\n<p>CITROEN C35 2.2 D \/ 2.5 D<\/p>\n<p>LA PIEZA ES NUEVA Y ORIGINAL.<\/p>\n","protected":false},"excerpt":{"rendered":"<p>Tubo inferior del radiador de refrigeraci\u00f3n del motor de: FIAT 242 2.2 D, A\u00f1o 10.1975 &#8211; 08.1980, 2175 , 63 2.5 D, A\u00f1o 08.1980 &#8211; 07.1982, 2498 , 71 CITROEN C35 2.2 D \/ 2.5 D LA PIEZA ES NUEVA Y ORIGINAL.<\/p>\n","protected":false},"featured_media":62247,"template":"","meta":{"_seopress_robots_primary_cat":"","_seopress_titles_title":"","_seopress_titles_desc":"","_seopress_robots_index":""},"product_cat":[73,133,23,20],"product_tag":[],"class_list":{"0":"post-62246","1":"product","2":"type-product","3":"status-publish","4":"has-post-thumbnail","6":"product_cat-recambios-fiat-242","7":"product_cat-recambios-citroen-c35","8":"product_cat-recambios-citroen","9":"product_cat-recambios-fiat","11":"first","12":"instock","13":"taxable","14":"shipping-taxable","15":"purchasable","16":"product-type-simple"},"_links":{"self":[{"href":"https:\/\/galicianparts.com\/shop\/wp-json\/wp\/v2\/product\/62246"}],"collection":[{"href":"https:\/\/galicianparts.com\/shop\/wp-json\/wp\/v2\/product"}],"about":[{"href":"https:\/\/galicianparts.com\/shop\/wp-json\/wp\/v2\/types\/product"}],"wp:featuredmedia":[{"embeddable":true,"href":"https:\/\/galicianparts.com\/shop\/wp-json\/wp\/v2\/media\/62247"}],"wp:attachment":[{"href":"https:\/\/galicianparts.com\/shop\/wp-json\/wp\/v2\/media?parent=62246"}],"wp:term":[{"taxonomy":"product_cat","embeddable":true,"href":"https:\/\/galicianparts.com\/shop\/wp-json\/wp\/v2\/product_cat?post=62246"},{"taxonomy":"product_tag","embeddable":true,"href":"https:\/\/galicianparts.com\/shop\/wp-json\/wp\/v2\/product_tag?post=62246"}],"curies":[{"name":"wp","href":"https:\/\/api.w.org\/{rel}","templated":true}]}}