{"id":62403,"date":"2022-11-08T13:38:07","date_gmt":"2022-11-08T11:38:07","guid":{"rendered":"https:\/\/galicianparts.com\/shop\/producto\/6pk1183-correa-auxiliar-l1183-fiat-alfa-romeo-citroen-peugeot-seat-nueva-gates\/"},"modified":"2022-11-15T17:42:50","modified_gmt":"2022-11-15T15:42:50","slug":"6pk1183-correa-auxiliar-l1183-fiat-alfa-romeo-citroen-peugeot-seat-nueva-gates","status":"publish","type":"product","link":"https:\/\/galicianparts.com\/shop\/producto\/6pk1183-correa-auxiliar-l1183-fiat-alfa-romeo-citroen-peugeot-seat-nueva-gates\/","title":{"rendered":"6PK1183 Correa auxiliar L1183 Fiat \/Alfa Romeo \/Citro\u00ebn \/Peugeot \/Seat NUEVA GATES"},"content":{"rendered":"<p>Correa de instrumentos de:<br \/>\nLongitud: 1183 mm<br \/>\nAncho: 20 mm<br \/>\nN\u00ba Nervaturas: 6<\/p>\n<p>ALFA ROMEO MiTo (955)<br \/>\n1.3 MultiJet, A\u00f1o 12.2013 &#8211; &#8230;, 1248 , 80<br \/>\n1.3 MultiJet, A\u00f1o 01.2011 &#8211; &#8230;, 1248 , 84<br \/>\n1.3 MultiJet, A\u00f1o 09.2008 &#8211; 08.2010, 1248 , 90<br \/>\n1.3 MultiJet, A\u00f1o 10.2009 &#8211; 12.2018, 1248 , 95<\/p>\n<p>CITRO\u00cbN Jumper I (244)<br \/>\n2.0 HDi, A\u00f1o 04.2002 &#8211; &#8230;, 1997 , 84<br \/>\n2.2 HDi, A\u00f1o 04.2002 &#8211; &#8230;, 2179 , 101<\/p>\n<p>FIAT Ducato II (230L)<br \/>\n2.0 JTD, A\u00f1o 10.2001 &#8211; 04.2002, 1997 , 84<br \/>\nFIAT Palio I Hatchback (178)<br \/>\n1.3 JTD Multijet, A\u00f1o 06.2003 &#8211; &#8230;, 1248 , 69<br \/>\nFIAT Strada Pick-up (178)<br \/>\n1.3 D Multijet, A\u00f1o 05.2006 &#8211; &#8230;, 1248 , 85<br \/>\n1.4, A\u00f1o 01.2006 &#8211; &#8230;, 1368 , 82<br \/>\nFIAT Punto II Hatchback (188)<br \/>\n1.3 JTD 16V, A\u00f1o 06.2003 &#8211; 03.2012, 1248 , 70<br \/>\nFIAT Siena (178, 172)<br \/>\n1.3 JTD, A\u00f1o 09.2003 &#8211; 12.2009, 1248 , 70<br \/>\nFIAT Doblo I (223)<br \/>\n1.3 D Multijet, A\u00f1o 10.2005 &#8211; 01.2010, 1248 , 75<br \/>\n1.3 JTD 16V, A\u00f1o 05.2004 &#8211; 12.2006, 1248 , 70<br \/>\n1.3 JTD 16V Multijet, A\u00f1o 08.2006 &#8211; &#8230;, 1248 , 84<br \/>\nFIAT Panda II Hatchback (169)<br \/>\n1.3 D Multijet, A\u00f1o 09.2003 &#8211; &#8230;, 1248 , 70<br \/>\n1.3 D Multijet, A\u00f1o 06.2006 &#8211; 08.2013, 1248 , 75<br \/>\n1.3 D Multijet 4&#215;4, A\u00f1o 10.2004 &#8211; &#8230;, 1248 , 70<br \/>\n1.3 D Multijet 4&#215;4, A\u00f1o 09.2010 &#8211; 08.2013, 1248 , 75<br \/>\nFIAT Idea (350)<br \/>\n1.3 D Multijet, A\u00f1o 01.2004 &#8211; &#8230;, 1248 , 70<br \/>\n1.3 D Multijet, A\u00f1o 10.2005 &#8211; &#8230;, 1248 , 90<br \/>\n1.3 D Multijet, A\u00f1o 05.2008 &#8211; 12.2012, 1248 , 95<br \/>\n1.9 JTD, A\u00f1o 01.2004 &#8211; &#8230;, 1910 , 101<br \/>\nFIAT Grande Punto Hatchback (199)<br \/>\n1.3 D Multijet, A\u00f1o 07.2008 &#8211; &#8230;, 1248 , 69<br \/>\n1.3 D Multijet, A\u00f1o 10.2005 &#8211; &#8230;, 1248 , 75<br \/>\n1.3 D Multijet, A\u00f1o 06.2009 &#8211; 07.2014, 1248 , 76<br \/>\n1.3 D Multijet, A\u00f1o 04.2010 &#8211; &#8230;, 1248 , 84<br \/>\n1.3 D Multijet, A\u00f1o 10.2005 &#8211; 12.2010, 1248 , 90<br \/>\nFIAT 500 (312)<br \/>\n1.3 D Multijet, A\u00f1o 10.2007 &#8211; &#8230;, 1248 , 75<br \/>\n1.3 D Multijet, A\u00f1o 06.2016 &#8211; &#8230;, 1248 , 78<br \/>\n1.3 D Multijet, A\u00f1o 12.2009 &#8211; &#8230;, 1248 , 95<br \/>\nFIAT Linea (323, 110)<br \/>\n1.3 D Multijet, A\u00f1o 06.2007 &#8211; &#8230;, 1248 , 90<br \/>\n1.3 JTD Multijet (323AXB1A), A\u00f1o 10.2006 &#8211; &#8230;, 1248 , 86<br \/>\nFIAT Fiorino III Furg\u00f3n \/ Familiar (225)<br \/>\n1.3 D Multijet, A\u00f1o 11.2007 &#8211; &#8230;, 1248 , 75<br \/>\nFIAT Qubo (225)<br \/>\n1.3 D Multijet, A\u00f1o 02.2008 &#8211; &#8230;, 1248 , 75<br \/>\nFIAT Punto Evo Hatchback (199)<br \/>\n1.3 D Multijet, A\u00f1o 07.2008 &#8211; 02.2012, 1248 , 69<br \/>\n1.3 D Multijet, A\u00f1o 10.2009 &#8211; 02.2012, 1248 , 75<br \/>\n1.3 D Multijet, A\u00f1o 10.2009 &#8211; &#8230;, 1248 , 76<br \/>\n1.3 D Multijet, A\u00f1o 10.2009 &#8211; 02.2012, 1248 , 90<br \/>\nFIAT Panda III Hatchback (312, 319)<br \/>\n1.3 D Multijet, A\u00f1o 02.2012 &#8211; &#8230;, 1248 , 75<br \/>\n1.3 D Multijet, A\u00f1o 04.2015 &#8211; &#8230;, 1248 , 95<br \/>\n1.3 D Multijet 4&#215;4, A\u00f1o 06.2012 &#8211; &#8230;, 1248 , 75<br \/>\n1.3 D Multijet 4&#215;4, A\u00f1o 06.2014 &#8211; &#8230;, 1248 , 80<br \/>\n1.3 D Multijet 4&#215;4, A\u00f1o 04.2015 &#8211; &#8230;, 1248 , 95<br \/>\nFIAT Punto III Hatchback (199)<br \/>\n1.3 D Multijet, A\u00f1o 03.2012 &#8211; &#8230;, 1248 , 75<br \/>\n1.3 D Multijet, A\u00f1o 12.2013 &#8211; &#8230;, 1248 , 80<br \/>\n1.3 D Multijet, A\u00f1o 03.2012 &#8211; &#8230;, 1248 , 84<br \/>\n1.3 D Multijet, A\u00f1o 03.2012 &#8211; &#8230;, 1248 , 95<br \/>\nFIAT 500L (351, 352)<br \/>\nFIAT 500X (334)<br \/>\nFIAT Fiorino MPV (225)<\/p>\n<p>PEUGEOT Boxer (244)<br \/>\n2.0 HDi, A\u00f1o 04.2002 &#8211; &#8230;, 1997 , 84<br \/>\n2.2 HDi, A\u00f1o 04.2002 &#8211; &#8230;, 2179 , 101<\/p>\n<p>SEAT C\u00f3rdoba I Berlina (6K1, 6K2)<br \/>\n1.0, A\u00f1o 06.2001 &#8211; 08.2002, 999 , 69<br \/>\n1.0 i, A\u00f1o 09.1996 &#8211; 10.2002, 999 , 50<br \/>\n1.4, A\u00f1o 12.1997 &#8211; 04.1999, 1390 , 54<br \/>\n1.4 16V, A\u00f1o 05.2000 &#8211; 10.2002, 1390 , 75<br \/>\n1.4 i, A\u00f1o 06.1994 &#8211; 10.2002, 1390 , 60<br \/>\n1.4 i 16V, A\u00f1o 09.1996 &#8211; 10.2002, 1390 , 101<br \/>\n1.6 i, A\u00f1o 02.1993 &#8211; 10.2002, 1598 , 75<br \/>\nSEAT Ibiza II (6K1)<br \/>\n1.0 16V, A\u00f1o 10.1999 &#8211; 02.2002, 999 , 69<br \/>\n1.0 i, A\u00f1o 09.1996 &#8211; 02.2002, 999 , 50<br \/>\n1.4, A\u00f1o 12.1997 &#8211; 04.1999, 1390 , 54<br \/>\n1.4 16V, A\u00f1o 05.2000 &#8211; 02.2002, 1390 , 75<br \/>\n1.4 i, A\u00f1o 09.1993 &#8211; 02.2002, 1390 , 60<br \/>\n1.4 i 16V, A\u00f1o 06.1997 &#8211; 02.2002, 1390 , 101<br \/>\n1.6 i, A\u00f1o 03.1993 &#8211; 02.2002, 1598 , 75<br \/>\nSEAT Inca (6K9)<br \/>\n1.4 16V, A\u00f1o 04.2000 &#8211; 06.2003, 1390 , 75<br \/>\n1.4 i, A\u00f1o 11.1995 &#8211; 06.2003, 1390 , 60<br \/>\n1.6 i, A\u00f1o 06.1997 &#8211; 09.2000, 1598 , 75<br \/>\nSEAT Ibiza III Hatchback (6L)<br \/>\n1.4 TDI, A\u00f1o 06.2005 &#8211; 11.2009, 1422 , 80<br \/>\n1.9 TDI, A\u00f1o 02.2002 &#8211; 11.2009, 1896 , 100<br \/>\n1.9 TDI, A\u00f1o 02.2002 &#8211; 11.2009, 1896 , 131<br \/>\n1.9 TDI Cupra R, A\u00f1o 03.2004 &#8211; 02.2008, 1896 , 160<br \/>\n1.9 TDI Joya Racer, A\u00f1o 07.2003 &#8211; 06.2004, 1896 , 152<br \/>\nSEAT C\u00f3rdoba II Berlina (6L2)<br \/>\n1.4 TDI, A\u00f1o 06.2005 &#8211; 11.2009, 1422 , 80<br \/>\n1.9 TDI, A\u00f1o 09.2002 &#8211; 11.2009, 1896 , 100<br \/>\n1.9 TDI, A\u00f1o 10.2002 &#8211; 11.2009, 1896 , 131<br \/>\nSEAT Ibiza IV Hatchback (6J5, 6P1)<br \/>\n1.4 TDI, A\u00f1o 07.2008 &#8211; 06.2010, 1422 , 80<br \/>\n1.9 TDI, A\u00f1o 07.2008 &#8211; 06.2010, 1896 , 90<br \/>\n1.9 TDI, A\u00f1o 03.2008 &#8211; 06.2010, 1896 , 105<\/p>\n<p>LA PIEZA ES NUEVA GATES.<\/p>\n","protected":false},"excerpt":{"rendered":"<p>Correa de instrumentos de: Longitud: 1183 mm Ancho: 20 mm N\u00ba Nervaturas: 6 ALFA ROMEO MiTo (955) 1.3 MultiJet, A\u00f1o 12.2013 &#8211; &#8230;, 1248 , 80 1.3 MultiJet, A\u00f1o 01.2011 &#8211; &#8230;, 1248 , 84 1.3 MultiJet, A\u00f1o 09.2008 &#8211; 08.2010, 1248 , 90 1.3 MultiJet, A\u00f1o 10.2009 &#8211; 12.2018, 1248 , 95 CITRO\u00cbN Jumper [&hellip;]<\/p>\n","protected":false},"featured_media":62406,"template":"","meta":{"_seopress_robots_primary_cat":"","_seopress_titles_title":"","_seopress_titles_desc":"","_seopress_robots_index":""},"product_cat":[74,16,155,23,210,87,88,20,91,92,162,93,211,137,94,47,98,99,24,101,346,26,107,109],"product_tag":[],"class_list":{"0":"post-62403","1":"product","2":"type-product","3":"status-publish","4":"has-post-thumbnail","6":"product_cat-recambios-fiat-500","7":"product_cat-recambios-alfa-romeo","8":"product_cat-recambios-peugeot-boxer","9":"product_cat-recambios-citroen","10":"product_cat-recambios-seat-cordoba","11":"product_cat-recambios-fiat-doblo","12":"product_cat-recambios-fiat-ducato","13":"product_cat-recambios-fiat","14":"product_cat-recambios-fiat-fiorino","15":"product_cat-recambios-fiat-grande-punto","16":"product_cat-recambios-seat-ibiza","17":"product_cat-recambios-fiat-idea","18":"product_cat-recambios-seat-inca","19":"product_cat-recambios-citroen-jumper","20":"product_cat-recambios-fiat-linea","21":"product_cat-recambios-alfa-romeo-mito","22":"product_cat-recambios-fiat-palio","23":"product_cat-recambios-fiat-panda","24":"product_cat-recambios-peugeot","25":"product_cat-recambios-fiat-punto","26":"product_cat-recambios-fiat-qubo","27":"product_cat-recambios-seat","28":"product_cat-recambios-fiat-siena","29":"product_cat-recambios-fiat-strada","31":"first","32":"instock","33":"taxable","34":"shipping-taxable","35":"purchasable","36":"product-type-simple"},"_links":{"self":[{"href":"https:\/\/galicianparts.com\/shop\/wp-json\/wp\/v2\/product\/62403"}],"collection":[{"href":"https:\/\/galicianparts.com\/shop\/wp-json\/wp\/v2\/product"}],"about":[{"href":"https:\/\/galicianparts.com\/shop\/wp-json\/wp\/v2\/types\/product"}],"wp:featuredmedia":[{"embeddable":true,"href":"https:\/\/galicianparts.com\/shop\/wp-json\/wp\/v2\/media\/62406"}],"wp:attachment":[{"href":"https:\/\/galicianparts.com\/shop\/wp-json\/wp\/v2\/media?parent=62403"}],"wp:term":[{"taxonomy":"product_cat","embeddable":true,"href":"https:\/\/galicianparts.com\/shop\/wp-json\/wp\/v2\/product_cat?post=62403"},{"taxonomy":"product_tag","embeddable":true,"href":"https:\/\/galicianparts.com\/shop\/wp-json\/wp\/v2\/product_tag?post=62403"}],"curies":[{"name":"wp","href":"https:\/\/api.w.org\/{rel}","templated":true}]}}