{"id":62446,"date":"2022-11-08T18:59:22","date_gmt":"2022-11-08T16:59:22","guid":{"rendered":"https:\/\/galicianparts.com\/shop\/producto\/4112025-amortiguador-suspension-trasera-seat-133-850-fiat-850-nuevo-original\/"},"modified":"2025-07-02T11:57:20","modified_gmt":"2025-07-02T09:57:20","slug":"4112025-amortiguador-suspension-trasera-seat-133-850-fiat-850-nuevo-original","status":"publish","type":"product","link":"https:\/\/galicianparts.com\/shop\/producto\/4112025-amortiguador-suspension-trasera-seat-133-850-fiat-850-nuevo-original\/","title":{"rendered":"15620500 Amortiguador suspensi\u00f3n trasera Seat 133 \/850 \/ Fiat 850 NUEVO ORIGINAL"},"content":{"rendered":"<p>4112025 Amortiguador de la suspensi\u00f3n trasera de:<br \/>\nFIAT 850 Coup\u00e9 (100)<br \/>\n0.9 Sport, A\u00f1o 02.1968 &#8211; 10.1972, 903 , 52<br \/>\nFIAT 850 Spider<br \/>\n0.8, A\u00f1o 10.1965 &#8211; 10.1968, 843 , 49<br \/>\n0.9 Sport, A\u00f1o 03.1968 &#8211; 12.1972, 903 , 52<br \/>\nFIAT 850 Berlina<br \/>\n0.8, A\u00f1o 07.1964 &#8211; 10.1972, 843 , 34<br \/>\n0.8, A\u00f1o 07.1964 &#8211; 10.1972, 843 , 37<br \/>\n0.8 Special, A\u00f1o 03.1968 &#8211; 10.1972, 843 , 48<br \/>\nSEAT 133 Hatchback<br \/>\n0.8, A\u00f1o 05.1974 &#8211; 11.1979, 837 , 34<br \/>\nSEAT 850 Berlina<br \/>\n0.9, A\u00f1o 02.1972 &#8211; 07.1975, 843 , 34<br \/>\n0.9, A\u00f1o 01.1966 &#8211; 12.1974, 843 , 37<br \/>\n0.9, A\u00f1o 01.1966 &#8211; 12.1974, 843 , 47<br \/>\n0.9, A\u00f1o 07.1970 &#8211; 10.1975, 903 , 52<\/p>\n<p>LA PIEZA ES NUEVA Y ORIGINAL.<\/p>\n","protected":false},"excerpt":{"rendered":"<p>4112025 Amortiguador de la suspensi\u00f3n trasera de: FIAT 850 Coup\u00e9 (100) 0.9 Sport, A\u00f1o 02.1968 &#8211; 10.1972, 903 , 52 FIAT 850 Spider 0.8, A\u00f1o 10.1965 &#8211; 10.1968, 843 , 49 0.9 Sport, A\u00f1o 03.1968 &#8211; 12.1972, 903 , 52 FIAT 850 Berlina 0.8, A\u00f1o 07.1964 &#8211; 10.1972, 843 , 34 0.8, A\u00f1o 07.1964 &#8211; [&hellip;]<\/p>\n","protected":false},"featured_media":62447,"template":"","meta":{"_seopress_robots_primary_cat":"","_seopress_titles_title":"","_seopress_titles_desc":"","_seopress_robots_index":""},"product_cat":[187,76,167,20,26],"product_tag":[],"class_list":{"0":"post-62446","1":"product","2":"type-product","3":"status-publish","4":"has-post-thumbnail","6":"product_cat-recambios-seat-133","7":"product_cat-recambios-fiat-850","8":"product_cat-recambios-seat-850","9":"product_cat-recambios-fiat","10":"product_cat-recambios-seat","12":"first","13":"outofstock","14":"taxable","15":"shipping-taxable","16":"purchasable","17":"product-type-simple"},"_links":{"self":[{"href":"https:\/\/galicianparts.com\/shop\/wp-json\/wp\/v2\/product\/62446"}],"collection":[{"href":"https:\/\/galicianparts.com\/shop\/wp-json\/wp\/v2\/product"}],"about":[{"href":"https:\/\/galicianparts.com\/shop\/wp-json\/wp\/v2\/types\/product"}],"wp:featuredmedia":[{"embeddable":true,"href":"https:\/\/galicianparts.com\/shop\/wp-json\/wp\/v2\/media\/62447"}],"wp:attachment":[{"href":"https:\/\/galicianparts.com\/shop\/wp-json\/wp\/v2\/media?parent=62446"}],"wp:term":[{"taxonomy":"product_cat","embeddable":true,"href":"https:\/\/galicianparts.com\/shop\/wp-json\/wp\/v2\/product_cat?post=62446"},{"taxonomy":"product_tag","embeddable":true,"href":"https:\/\/galicianparts.com\/shop\/wp-json\/wp\/v2\/product_tag?post=62446"}],"curies":[{"name":"wp","href":"https:\/\/api.w.org\/{rel}","templated":true}]}}