{"id":62515,"date":"2022-11-10T11:41:42","date_gmt":"2022-11-10T09:41:42","guid":{"rendered":"https:\/\/galicianparts.com\/shop\/producto\/9622521280-correa-auxiliar-fiat-ulysse-scudo-96-06-citroen-peugeot-original\/"},"modified":"2022-11-15T18:22:31","modified_gmt":"2022-11-15T16:22:31","slug":"9622521280-correa-auxiliar-fiat-ulysse-scudo-96-06-citroen-peugeot-original","status":"publish","type":"product","link":"https:\/\/galicianparts.com\/shop\/producto\/9622521280-correa-auxiliar-fiat-ulysse-scudo-96-06-citroen-peugeot-original\/","title":{"rendered":"9622521280 Correa auxiliar Fiat Ulysse \/Scudo (96-06) Citro\u00ebn \/Peugeot ORIGINAL"},"content":{"rendered":"<p>71749453 Correa de instrumentos de:<br \/>\nLongitud: 1110 mm<br \/>\nAncho: 20 mm<br \/>\nN\u00ba Nervaturas: 6<\/p>\n<p>FIAT Ulysse I (220)<br \/>\n1.9 TD, A\u00f1o 02.1995 &#8211; 08.2002, 1905 , 90<br \/>\nFIAT Scudo I Familiar (220)<br \/>\n1.9 D, A\u00f1o 02.1996 &#8211; 04.1998, 1905 , 69<br \/>\n1.9 TD, A\u00f1o 02.1996 &#8211; 12.2006, 1905 , 92<br \/>\n1.9 TD Eco, A\u00f1o 02.1996 &#8211; 12.2006, 1905 , 90<\/p>\n<p>CITRO\u00cbN Evasion (22, U6)<br \/>\n1.9 TD, A\u00f1o 11.1994 &#8211; 07.2002, 1905 , 90<br \/>\n1.9 TD, A\u00f1o 10.1995 &#8211; 12.1998, 1905 , 92<br \/>\n2.1 TD, A\u00f1o 05.1996 &#8211; 07.2002, 2088 , 109<br \/>\nCITRO\u00cbN Jumpy I<br \/>\n1.9 D, A\u00f1o 10.1995 &#8211; 08.1998, 1905 , 69<br \/>\n1.9 TD, A\u00f1o 10.1995 &#8211; 08.2000, 1905 , 90<br \/>\n1.9 TD, A\u00f1o 04.1996 &#8211; 11.2003, 1905 , 92<br \/>\nCITRO\u00cbN Berlingo \/ Berlingo First I Furg\u00f3n (M)<br \/>\n1.8 D, A\u00f1o 07.1996 &#8211; 10.2002, 1769 , 59<br \/>\n1.9 D, A\u00f1o 07.1996 &#8211; 12.2003, 1905 , 70<br \/>\nCITRO\u00cbN Berlingo \/ Berlingo First I (MF, GJK, GFK)<br \/>\n1.8 D, A\u00f1o 07.1998 &#8211; 10.2002, 1769 , 58<br \/>\n1.9 D, A\u00f1o 07.1996 &#8211; 12.2003, 1905 , 68<br \/>\n1.9 D, A\u00f1o 07.1996 &#8211; 10.1999, 1905 , 69<br \/>\nCITRO\u00cbN Jumpy I Furg\u00f3n<br \/>\n1.9 D, A\u00f1o 10.1995 &#8211; 08.1998, 1905 , 69<br \/>\n1.9 DT, A\u00f1o 10.1995 &#8211; 08.2000, 1905 , 88<br \/>\n1.9 TD, A\u00f1o 10.1995 &#8211; 08.2000, 1905 , 90<\/p>\n<p>PEUGEOT Expert I<br \/>\n1.9 D, A\u00f1o 02.1996 &#8211; 12.1998, 1905 , 70<br \/>\n1.9 TD, A\u00f1o 02.1996 &#8211; 09.2000, 1905 , 90<br \/>\n1.9 TD, A\u00f1o 02.1996 &#8211; 05.1998, 1905 , 92<br \/>\nPEUGEOT 806<br \/>\n1.9 TD, A\u00f1o 07.1995 &#8211; 08.2002, 1905 , 90<br \/>\n1.9 TD, A\u00f1o 05.1997 &#8211; 08.2002, 1905 , 92<br \/>\n2.1 td 12V, A\u00f1o 06.1996 &#8211; 08.1999, 2088 , 109<br \/>\nPEUGEOT 406<br \/>\n1.9 D, A\u00f1o 10.1996 &#8211; 05.2004, 1905 , 75<br \/>\n1.9 TD, A\u00f1o 01.1996 &#8211; 05.2004, 1905 , 90<br \/>\n1.9 TD, A\u00f1o 01.1996 &#8211; 05.2004, 1905 , 92<br \/>\n2.1 TD 12V, A\u00f1o 01.1996 &#8211; 05.2004, 2088 , 109<br \/>\nPEUGEOT Partner I<br \/>\n1.8 D, A\u00f1o 06.1996 &#8211; 12.2002, 1769 , 58<br \/>\n1.8 D, A\u00f1o 11.1996 &#8211; 02.1998, 1769 , 60<br \/>\n1.9 D, A\u00f1o 05.1996 &#8211; 12.1998, 1905 , 68<br \/>\n1.9 D, A\u00f1o 06.1996 &#8211; 12.2002, 1905 , 69<\/p>\n<p>LA PIEZA ES NUEVA Y ORIGINAL.<\/p>\n","protected":false},"excerpt":{"rendered":"<p>71749453 Correa de instrumentos de: Longitud: 1110 mm Ancho: 20 mm N\u00ba Nervaturas: 6 FIAT Ulysse I (220) 1.9 TD, A\u00f1o 02.1995 &#8211; 08.2002, 1905 , 90 FIAT Scudo I Familiar (220) 1.9 D, A\u00f1o 02.1996 &#8211; 04.1998, 1905 , 69 1.9 TD, A\u00f1o 02.1996 &#8211; 12.2006, 1905 , 92 1.9 TD Eco, A\u00f1o 02.1996 [&hellip;]<\/p>\n","protected":false},"featured_media":62516,"template":"","meta":{"_seopress_robots_primary_cat":"","_seopress_titles_title":"","_seopress_titles_desc":"","_seopress_robots_index":""},"product_cat":[151,189,129,23,188,156,20,138,158,24,104,113],"product_tag":[],"class_list":{"0":"post-62515","1":"product","2":"type-product","3":"status-publish","4":"has-post-thumbnail","6":"product_cat-recambios-peugeot-406","7":"product_cat-recambios-peugeot-806","8":"product_cat-recambios-citroen-berlingo","9":"product_cat-recambios-citroen","10":"product_cat-recambios-citroen-evasion","11":"product_cat-recambios-peugeot-expert","12":"product_cat-recambios-fiat","13":"product_cat-recambios-citroen-jumpy","14":"product_cat-recambios-peugeot-partner","15":"product_cat-recambios-peugeot","16":"product_cat-recambios-fiat-scudo","17":"product_cat-recambios-fiat-ulysse","19":"first","20":"instock","21":"taxable","22":"shipping-taxable","23":"purchasable","24":"product-type-simple"},"_links":{"self":[{"href":"https:\/\/galicianparts.com\/shop\/wp-json\/wp\/v2\/product\/62515"}],"collection":[{"href":"https:\/\/galicianparts.com\/shop\/wp-json\/wp\/v2\/product"}],"about":[{"href":"https:\/\/galicianparts.com\/shop\/wp-json\/wp\/v2\/types\/product"}],"wp:featuredmedia":[{"embeddable":true,"href":"https:\/\/galicianparts.com\/shop\/wp-json\/wp\/v2\/media\/62516"}],"wp:attachment":[{"href":"https:\/\/galicianparts.com\/shop\/wp-json\/wp\/v2\/media?parent=62515"}],"wp:term":[{"taxonomy":"product_cat","embeddable":true,"href":"https:\/\/galicianparts.com\/shop\/wp-json\/wp\/v2\/product_cat?post=62515"},{"taxonomy":"product_tag","embeddable":true,"href":"https:\/\/galicianparts.com\/shop\/wp-json\/wp\/v2\/product_tag?post=62515"}],"curies":[{"name":"wp","href":"https:\/\/api.w.org\/{rel}","templated":true}]}}