{"id":62532,"date":"2022-11-10T12:30:29","date_gmt":"2022-11-10T10:30:29","guid":{"rendered":"https:\/\/galicianparts.com\/shop\/producto\/9620903880-correa-auxiliar-fiat-ducato-98-02-scudo-citroen-peugeot-seat-original\/"},"modified":"2022-11-17T20:10:42","modified_gmt":"2022-11-17T18:10:42","slug":"9620903880-correa-auxiliar-fiat-ducato-98-02-scudo-citroen-peugeot-seat-original","status":"publish","type":"product","link":"https:\/\/galicianparts.com\/shop\/producto\/9620903880-correa-auxiliar-fiat-ducato-98-02-scudo-citroen-peugeot-seat-original\/","title":{"rendered":"9620903880 Correa auxiliar Fiat Ducato (98-02) Scudo \/Citro\u00ebn \/Peugeot \/Seat ORIGINAL"},"content":{"rendered":"<p>71749422 \/ 71749446 Correa de instrumentos de:<br \/>\nLongitud: 730 mm<br \/>\nAncho: 20 mm<br \/>\nN\u00ba Nervaturas: 6<\/p>\n<p>FIAT Ducato II (230L)<br \/>\n1.9 D, A\u00f1o 04.1998 &#8211; 04.2002, 1905 , 68<br \/>\n1.9 TD, A\u00f1o 04.1998 &#8211; 04.2002, 1905 , 90<br \/>\nFIAT Scudo I (220)<br \/>\n1.9 D, A\u00f1o 02.1996 &#8211; 04.1998, 1905 , 69<br \/>\n1.9 TD, A\u00f1o 02.1996 &#8211; 12.2006, 1905 , 92<br \/>\n1.9 TD Eco, A\u00f1o 02.1996 &#8211; 12.2006, 1905 , 90<\/p>\n<p>CITRO\u00cbN Berlingo \/ Berlingo First I Furg\u00f3n (M)<br \/>\n1.9 D 70, A\u00f1o 04.1999 &#8211; 12.2011, 1868 , 69<br \/>\n1.9 D 70 4WD, A\u00f1o 07.1998 &#8211; 03.2006, 1868 , 69<br \/>\nCITRO\u00cbN Berlingo \/ Berlingo First I (MF, GJK, GFK)<br \/>\n1.9 D, A\u00f1o 07.1998 &#8211; 10.2005, 1868 , 70<\/p>\n<p>PEUGEOT 306<br \/>\n1.8 D, A\u00f1o 05.1993 &#8211; 05.2001, 1769 , 58<br \/>\n1.8 D, A\u00f1o 04.1993 &#8211; 05.1999, 1769 , 60<br \/>\n1.9 D, A\u00f1o 05.1993 &#8211; 05.2001, 1905 , 64<br \/>\n1.9 D, A\u00f1o 06.1994 &#8211; 05.2001, 1905 , 68<br \/>\n1.9 D, A\u00f1o 04.1993 &#8211; 05.1999, 1905 , 69<br \/>\n1.9 D, A\u00f1o 03.1998 &#8211; 05.2001, 1905 , 75<br \/>\n1.9 D, A\u00f1o 04.1993 &#8211; 04.1997, 1905 , 94<br \/>\n1.9 DT, A\u00f1o 05.1993 &#8211; 05.2001, 1905 , 90<br \/>\n1.9 Td, A\u00f1o 07.1995 &#8211; 08.2000, 1905 , 71<br \/>\nPEUGEOT 306<br \/>\n1.9 D, A\u00f1o 03.1997 &#8211; 04.2002, 1905 , 68<br \/>\n1.9 D, A\u00f1o 05.1997 &#8211; 05.1999, 1905 , 69<br \/>\n1.9 D, A\u00f1o 03.1998 &#8211; 04.2002, 1905 , 75<br \/>\n1.9 Td, A\u00f1o 07.1995 &#8211; 08.2000, 1905 , 71<br \/>\n1.9 TD, A\u00f1o 02.1997 &#8211; 04.2002, 1905 , 90<br \/>\n1.9 TD, A\u00f1o 01.1999 &#8211; 04.2002, 1905 , 92<br \/>\nPEUGEOT 405 II (4E)<br \/>\n1.9 D, A\u00f1o 08.1992 &#8211; 10.1996, 1905 , 64<br \/>\n1.9 D, A\u00f1o 06.1994 &#8211; 10.1996, 1905 , 68<br \/>\n1.9 D, A\u00f1o 09.1993 &#8211; 12.1995, 1905 , 69<br \/>\n1.9 D, A\u00f1o 08.1992 &#8211; 10.1998, 1905 , 71<br \/>\n1.9 TD, A\u00f1o 08.1992 &#8211; 10.1996, 1905 , 90<br \/>\n1.9 TD, A\u00f1o 08.1992 &#8211; 10.1996, 1905 , 94<br \/>\nPEUGEOT Expert I (224)<br \/>\n1.9 D, A\u00f1o 02.1996 &#8211; 12.1998, 1905 , 70<br \/>\n1.9 D, A\u00f1o 10.1995 &#8211; 05.1998, 1905 , 94<br \/>\n1.9 TD, A\u00f1o 02.1996 &#8211; 09.2000, 1905 , 90<br \/>\n1.9 TD, A\u00f1o 02.1996 &#8211; 05.1998, 1905 , 92<br \/>\nPEUGEOT Partner I<br \/>\n1.8 D, A\u00f1o 06.1996 &#8211; 12.2002, 1769 , 58<br \/>\n1.8 D, A\u00f1o 11.1996 &#8211; 02.1998, 1769 , 60<br \/>\n1.9 D, A\u00f1o 06.1996 &#8211; 12.2002, 1905 , 69<br \/>\nPEUGEOT Expert I<br \/>\n1.9 D, A\u00f1o 02.1996 &#8211; 12.1998, 1905 , 70<br \/>\n1.9 TD, A\u00f1o 02.1996 &#8211; 09.2000, 1905 , 90<br \/>\n1.9 TD, A\u00f1o 02.1996 &#8211; 05.1998, 1905 , 92<br \/>\nPEUGEOT 307 (3A\/C)<br \/>\n1.4, A\u00f1o 08.2000 &#8211; 09.2003, 1360 , 75<br \/>\n1.6 16V, A\u00f1o 03.2002 &#8211; 04.2008, 1587 , 109<br \/>\n1.6 16V, A\u00f1o 03.2002 &#8211; 04.2008, 1587 , 109<\/p>\n<p>SEAT C\u00f3rdoba I Berlina (6K1, 6K2)<br \/>\n1.4 i, A\u00f1o 06.1994 &#8211; 10.2002, 1390 , 60<br \/>\n1.6 i, A\u00f1o 02.1993 &#8211; 10.2002, 1598 , 75<br \/>\nSEAT Ibiza II (6K1)<br \/>\n1.4 i, A\u00f1o 09.1993 &#8211; 02.2002, 1390 , 60<br \/>\n1.6 i, A\u00f1o 03.1993 &#8211; 02.2002, 1598 , 75<br \/>\nSEAT Ibiza III Hatchback (6L)<br \/>\n1.4 16V, A\u00f1o 02.2002 &#8211; 12.2007, 1390 , 75<br \/>\n1.4 16V, A\u00f1o 05.2006 &#8211; 11.2009, 1390 , 86<br \/>\n1.4 16V, A\u00f1o 02.2002 &#8211; 11.2009, 1390 , 100<br \/>\nSEAT C\u00f3rdoba II Berlina (6L2)<br \/>\n1.4 16V, A\u00f1o 09.2002 &#8211; 12.2007, 1390 , 75<br \/>\n1.4 16V, A\u00f1o 05.2006 &#8211; 11.2009, 1390 , 86<br \/>\n1.4 16V, A\u00f1o 10.2002 &#8211; 11.2009, 1390 , 100<br \/>\nSEAT Altea (5P1)<br \/>\n1.4 16V, A\u00f1o 05.2006 &#8211; &#8230;, 1390 , 86<br \/>\nSEAT Toledo III (5P2)<br \/>\n1.4 16V, A\u00f1o 05.2006 &#8211; 05.2009, 1390 , 86<br \/>\nSEAT Ibiza IV Hatchback (6J5, 6P1)<br \/>\n1.0, A\u00f1o 05.2015 &#8211; &#8230;, 999 , 75<br \/>\n1.4, A\u00f1o 03.2008 &#8211; 05.2015, 1390 , 85<br \/>\n1.4 LPG, A\u00f1o 03.2008 &#8211; 05.2011, 1390 , 85<br \/>\n1.4 TSI, A\u00f1o 10.2013 &#8211; &#8230;, 1395 , 140<br \/>\n1.4, A\u00f1o 07.2008 &#8211; 05.2015, 1390 , 85<br \/>\n1.4 LPG, A\u00f1o 07.2008 &#8211; 05.2011, 1390 , 85<br \/>\n1.4 TSI, A\u00f1o 10.2013 &#8211; &#8230;, 1395 , 140<br \/>\n1.4, A\u00f1o 03.2010 &#8211; 05.2015, 1390 , 85<br \/>\n1.4 TSI, A\u00f1o 10.2013 &#8211; &#8230;, 1395 , 140<br \/>\nSEAT Mii (KF1)<br \/>\n1.0, A\u00f1o 10.2011 &#8211; &#8230;, 999 , 60<br \/>\n1.0, A\u00f1o 10.2011 &#8211; &#8230;, 999 , 75<br \/>\n1.0 EcoFuel, A\u00f1o 11.2012 &#8211; &#8230;, 999 , 68<br \/>\nSEAT Leon III (5F1)<br \/>\n1.2 TSI, A\u00f1o 12.2012 &#8211; &#8230;, 1197 , 86<br \/>\n1.2 TSI, A\u00f1o 01.2013 &#8211; &#8230;, 1197 , 105<br \/>\n1.4 TGI, A\u00f1o 02.2013 &#8211; &#8230;, 1395 , 110<br \/>\n1.4 TSI, A\u00f1o 11.2012 &#8211; &#8230;, 1395 , 122<br \/>\n1.4 TSI, A\u00f1o 09.2012 &#8211; &#8230;, 1395 , 140<br \/>\n1.6 SRE, A\u00f1o 04.2014 &#8211; &#8230;, 1598 , 110<br \/>\nSEAT Ibiza V (KJ1)<br \/>\n1.0, A\u00f1o 07.2017 &#8211; &#8230;, 999 , 65<br \/>\n1.0, A\u00f1o 01.2017 &#8211; &#8230;, 999 , 75<br \/>\n1.0 MPi, A\u00f1o 07.2018 &#8211; &#8230;, 999 , 80<br \/>\n1.6, A\u00f1o 05.2017 &#8211; &#8230;, 1598 , 110<br \/>\nSEAT Arona (KJ7)<br \/>\n1.6 SRE, A\u00f1o 07.2017 &#8211; &#8230;, 1598 , 110<\/p>\n<p>LA PIEZA ES NUEVA Y ORIGINAL.<\/p>\n","protected":false},"excerpt":{"rendered":"<p>71749422 \/ 71749446 Correa de instrumentos de: Longitud: 730 mm Ancho: 20 mm N\u00ba Nervaturas: 6 FIAT Ducato II (230L) 1.9 D, A\u00f1o 04.1998 &#8211; 04.2002, 1905 , 68 1.9 TD, A\u00f1o 04.1998 &#8211; 04.2002, 1905 , 90 FIAT Scudo I (220) 1.9 D, A\u00f1o 02.1996 &#8211; 04.1998, 1905 , 69 1.9 TD, A\u00f1o 02.1996 [&hellip;]<\/p>\n","protected":false},"featured_media":62534,"template":"","meta":{"_seopress_robots_primary_cat":"","_seopress_titles_title":"","_seopress_titles_desc":"","_seopress_robots_index":""},"product_cat":[147,148,150,161,373,129,23,210,88,156,20,162,163,367,158,24,104,26,166],"product_tag":[],"class_list":{"0":"post-62532","1":"product","2":"type-product","3":"status-publish","4":"has-post-thumbnail","6":"product_cat-recambios-peugeot-306","7":"product_cat-recambios-peugeot-307","8":"product_cat-recambios-peugeot-405","9":"product_cat-recambios-seat-altea","10":"product_cat-recambios-seat-arona","11":"product_cat-recambios-citroen-berlingo","12":"product_cat-recambios-citroen","13":"product_cat-recambios-seat-cordoba","14":"product_cat-recambios-fiat-ducato","15":"product_cat-recambios-peugeot-expert","16":"product_cat-recambios-fiat","17":"product_cat-recambios-seat-ibiza","18":"product_cat-recambios-seat-leon","19":"product_cat-recambios-seat-mii","20":"product_cat-recambios-peugeot-partner","21":"product_cat-recambios-peugeot","22":"product_cat-recambios-fiat-scudo","23":"product_cat-recambios-seat","24":"product_cat-recambios-seat-toledo","26":"first","27":"instock","28":"taxable","29":"shipping-taxable","30":"purchasable","31":"product-type-simple"},"_links":{"self":[{"href":"https:\/\/galicianparts.com\/shop\/wp-json\/wp\/v2\/product\/62532"}],"collection":[{"href":"https:\/\/galicianparts.com\/shop\/wp-json\/wp\/v2\/product"}],"about":[{"href":"https:\/\/galicianparts.com\/shop\/wp-json\/wp\/v2\/types\/product"}],"wp:featuredmedia":[{"embeddable":true,"href":"https:\/\/galicianparts.com\/shop\/wp-json\/wp\/v2\/media\/62534"}],"wp:attachment":[{"href":"https:\/\/galicianparts.com\/shop\/wp-json\/wp\/v2\/media?parent=62532"}],"wp:term":[{"taxonomy":"product_cat","embeddable":true,"href":"https:\/\/galicianparts.com\/shop\/wp-json\/wp\/v2\/product_cat?post=62532"},{"taxonomy":"product_tag","embeddable":true,"href":"https:\/\/galicianparts.com\/shop\/wp-json\/wp\/v2\/product_tag?post=62532"}],"curies":[{"name":"wp","href":"https:\/\/api.w.org\/{rel}","templated":true}]}}