{"id":62538,"date":"2022-11-10T12:51:30","date_gmt":"2022-11-10T10:51:30","guid":{"rendered":"https:\/\/galicianparts.com\/shop\/producto\/qbr4755-correa-auxiliar-fiat-ducato-98-02-citroen-peugeot-kia-hyundai-original-qh\/"},"modified":"2022-11-10T12:53:04","modified_gmt":"2022-11-10T10:53:04","slug":"qbr4755-correa-auxiliar-fiat-ducato-98-02-citroen-peugeot-kia-hyundai-original-qh","status":"publish","type":"product","link":"https:\/\/galicianparts.com\/shop\/producto\/qbr4755-correa-auxiliar-fiat-ducato-98-02-citroen-peugeot-kia-hyundai-original-qh\/","title":{"rendered":"QBR4755 Correa auxiliar Fiat Ducato (98-02) Citro\u00ebn \/Peugeot \/Kia \/ Hyundai ORIGINAL QH"},"content":{"rendered":"<p>Correa de instrumentos de:<br \/>\nLongitud: 755 mm<br \/>\nAncho: 14 mm<br \/>\nN\u00ba Nervaturas: 4<\/p>\n<p>CITRO\u00cbN Jumper I (230)<br \/>\n1.9 D, A\u00f1o 01.1999 &#8211; 04.2002, 1905 , 69<br \/>\n1.9 TD, A\u00f1o 08.1994 &#8211; 04.2002, 1905 , 90<br \/>\n1.9 TD, A\u00f1o 02.1994 &#8211; 04.2002, 1905 , 92<br \/>\n1.9 TD 4&#215;4, A\u00f1o 08.1996 &#8211; 04.2002, 1905 , 92<br \/>\n2.0, A\u00f1o 02.1994 &#8211; 04.2002, 1998 , 109<br \/>\n2.0 4&#215;4, A\u00f1o 08.1996 &#8211; 04.2002, 1998 , 109<br \/>\nCITRO\u00cbN Jumper I (230)<br \/>\n1.9 D, A\u00f1o 07.1999 &#8211; 04.2002, 1905 , 68<br \/>\n1.9 D, A\u00f1o 02.1994 &#8211; 04.2002, 1905 , 69<br \/>\n1.9 TD, A\u00f1o 03.1994 &#8211; 04.2002, 1905 , 90<br \/>\n1.9 TD, A\u00f1o 03.1994 &#8211; 04.2002, 1905 , 92<br \/>\n2.0, A\u00f1o 03.1994 &#8211; 04.2002, 1998 , 109<br \/>\n2.0 HDI, A\u00f1o 11.2001 &#8211; 04.2002, 1997 , 84<br \/>\nCITRO\u00cbN Jumper I (244)<br \/>\n2.0 HDi, A\u00f1o 04.2002 &#8211; &#8230;, 1997 , 84<br \/>\n2.2 HDi, A\u00f1o 04.2002 &#8211; &#8230;, 2179 , 101<\/p>\n<p>FIAT Ducato II (230L)<br \/>\n1.9 D, A\u00f1o 04.1998 &#8211; 04.2002, 1905 , 68<br \/>\n1.9 TD, A\u00f1o 04.1998 &#8211; 04.2002, 1905 , 90<br \/>\n2.0, A\u00f1o 03.1994 &#8211; 04.2002, 1998 , 109<br \/>\nFIAT Brava Hatchback (182)<br \/>\n1.4, A\u00f1o 10.1995 &#8211; 10.2001, 1370 , 75<br \/>\n1.4 12 V, A\u00f1o 10.1995 &#8211; 08.1998, 1370 , 80<br \/>\nFIAT Bravo I Hatchback (182)<br \/>\n1.4, A\u00f1o 10.1995 &#8211; 10.2001, 1370 , 80<br \/>\n1.4, A\u00f1o 10.1995 &#8211; 10.2001, 1370 , 75<br \/>\n2.0 Panorama\/Combinato, A\u00f1o 03.1994 &#8211; 04.2002, 1998 , 109<br \/>\nFIAT Palio I Hatchback (178)<br \/>\n1.0, A\u00f1o 04.1996 &#8211; 10.2003, 994 , 61<br \/>\nFIAT Ducato II Bus (244)<br \/>\n2.0, A\u00f1o 04.2002 &#8211; &#8230;, 1998 , 110<br \/>\n2.0 4&#215;4, A\u00f1o 05.2002 &#8211; 07.2006, 1998 , 110<br \/>\n2.0 Bipower, A\u00f1o 11.2002 &#8211; &#8230;, 1998 , 110<\/p>\n<p>PEUGEOT Boxer (230)<br \/>\n1.9 D, A\u00f1o 03.1994 &#8211; 04.2002, 1905 , 69<br \/>\n1.9 TD, A\u00f1o 08.1994 &#8211; 04.2002, 1905 , 90<br \/>\n1.9 TD, A\u00f1o 03.1994 &#8211; 04.2002, 1905 , 92<br \/>\n1.9 TD 4&#215;4, A\u00f1o 07.1996 &#8211; 04.2002, 1905 , 92<br \/>\n2.0 i, A\u00f1o 03.1994 &#8211; 04.2002, 1998 , 109<br \/>\n2.0 i 4&#215;4, A\u00f1o 08.1996 &#8211; 04.2002, 1998 , 109<br \/>\nPEUGEOT Boxer (230)<br \/>\n1.9 D, A\u00f1o 07.1999 &#8211; 04.2002, 1905 , 68<br \/>\n1.9 D, A\u00f1o 03.1994 &#8211; 04.2002, 1905 , 69<br \/>\n1.9 TD, A\u00f1o 07.1999 &#8211; 04.2002, 1905 , 90<br \/>\n1.9 TD, A\u00f1o 03.1994 &#8211; 04.2002, 1905 , 92<br \/>\n2.0 HDI, A\u00f1o 08.2001 &#8211; 04.2002, 1997 , 84<br \/>\n2.0 i, A\u00f1o 06.1994 &#8211; 04.2002, 1998 , 109<br \/>\nPEUGEOT Boxer (244)<br \/>\n2.0, A\u00f1o 04.2002 &#8211; &#8230;, 1998 , 110<br \/>\n2.0 HDi, A\u00f1o 04.2002 &#8211; &#8230;, 1997 , 84<br \/>\n2.2 HDi, A\u00f1o 04.2002 &#8211; &#8230;, 2179 , 101<\/p>\n<p>HYUNDAI Atos (MX)<br \/>\n1.0 i, A\u00f1o 03.2001 &#8211; 07.2003, 999 , 58<br \/>\n1.1, A\u00f1o 08.2003 &#8211; 12.2008, 1086 , 63<br \/>\nHYUNDAI Getz (TB)<br \/>\n1.1, A\u00f1o 09.2002 &#8211; 09.2005, 1086 , 63<br \/>\n1.1, A\u00f1o 09.2005 &#8211; 06.2009, 1086 , 67<\/p>\n<p>KIA Picanto I (SA)<br \/>\n1.0, A\u00f1o 04.2004 &#8211; &#8230;, 999 , 61<br \/>\n1.1, A\u00f1o 04.2004 &#8211; &#8230;, 1086 , 65<br \/>\n1.1 CRDi, A\u00f1o 11.2005 &#8211; &#8230;, 1120 , 75<\/p>\n<p>LA PIEZA ES NUEVA Y ORIGINAL QUINTON HAZELL.<\/p>\n","protected":false},"excerpt":{"rendered":"<p>Correa de instrumentos de: Longitud: 755 mm Ancho: 14 mm N\u00ba Nervaturas: 4 CITRO\u00cbN Jumper I (230) 1.9 D, A\u00f1o 01.1999 &#8211; 04.2002, 1905 , 69 1.9 TD, A\u00f1o 08.1994 &#8211; 04.2002, 1905 , 90 1.9 TD, A\u00f1o 02.1994 &#8211; 04.2002, 1905 , 92 1.9 TD 4&#215;4, A\u00f1o 08.1996 &#8211; 04.2002, 1905 , 92 2.0, [&hellip;]<\/p>\n","protected":false},"featured_media":62542,"template":"","meta":{"_seopress_robots_primary_cat":"","_seopress_titles_title":"","_seopress_titles_desc":"","_seopress_robots_index":""},"product_cat":[320,155,81,82,23,88,20,288,271,137,22,98,24,60],"product_tag":[],"class_list":{"0":"post-62538","1":"product","2":"type-product","3":"status-publish","4":"has-post-thumbnail","6":"product_cat-recambios-hyundai-atos","7":"product_cat-recambios-peugeot-boxer","8":"product_cat-recambios-fiat-brava","9":"product_cat-recambios-fiat-bravo","10":"product_cat-recambios-citroen","11":"product_cat-recambios-fiat-ducato","12":"product_cat-recambios-fiat","13":"product_cat-recambios-hyundai-getz","14":"product_cat-recambios-hyundai","15":"product_cat-recambios-citroen-jumper","16":"product_cat-recambios-kia","17":"product_cat-recambios-fiat-palio","18":"product_cat-recambios-peugeot","19":"product_cat-recambios-kia-picanto","21":"first","22":"instock","23":"taxable","24":"shipping-taxable","25":"purchasable","26":"product-type-simple"},"_links":{"self":[{"href":"https:\/\/galicianparts.com\/shop\/wp-json\/wp\/v2\/product\/62538"}],"collection":[{"href":"https:\/\/galicianparts.com\/shop\/wp-json\/wp\/v2\/product"}],"about":[{"href":"https:\/\/galicianparts.com\/shop\/wp-json\/wp\/v2\/types\/product"}],"wp:featuredmedia":[{"embeddable":true,"href":"https:\/\/galicianparts.com\/shop\/wp-json\/wp\/v2\/media\/62542"}],"wp:attachment":[{"href":"https:\/\/galicianparts.com\/shop\/wp-json\/wp\/v2\/media?parent=62538"}],"wp:term":[{"taxonomy":"product_cat","embeddable":true,"href":"https:\/\/galicianparts.com\/shop\/wp-json\/wp\/v2\/product_cat?post=62538"},{"taxonomy":"product_tag","embeddable":true,"href":"https:\/\/galicianparts.com\/shop\/wp-json\/wp\/v2\/product_tag?post=62538"}],"curies":[{"name":"wp","href":"https:\/\/api.w.org\/{rel}","templated":true}]}}