{"id":62628,"date":"2022-11-11T14:05:44","date_gmt":"2022-11-11T12:05:44","guid":{"rendered":"https:\/\/galicianparts.com\/shop\/producto\/71753874-correa-auxiliar-fiat-barchetta-punto-hgt-alfa-gt-147-156-lancia-y10-original\/"},"modified":"2023-01-02T20:09:45","modified_gmt":"2023-01-02T18:09:45","slug":"71753874-correa-auxiliar-fiat-barchetta-punto-hgt-alfa-gt-147-156-lancia-y10-original","status":"publish","type":"product","link":"https:\/\/galicianparts.com\/shop\/producto\/71753874-correa-auxiliar-fiat-barchetta-punto-hgt-alfa-gt-147-156-lancia-y10-original\/","title":{"rendered":"71753874 Correa auxiliar Fiat Barchetta \/Punto HGT \/Alfa GT \/147 \/156 \/Lancia Y10 ORIGINAL"},"content":{"rendered":"<p>Correa de instrumentos de:<br \/>\nLongitud: 1842 mm<br \/>\nAncho: 22 mm<br \/>\nN\u00ba Nervaturas: 6<\/p>\n<p>ALFA ROMEO 145 (930)<br \/>\n1.4 i.e. 16V T.S. (930.A3A), A\u00f1o 12.1996 &#8211; 01.2001, 1370 , 103<br \/>\n1.6 i.e. 16V T.S. (930.A2), A\u00f1o 12.1996 &#8211; 01.2001, 1598 , 120<br \/>\n1.8 i.e. 16V (930.A1A), A\u00f1o 03.1998 &#8211; 01.2001, 1747 , 144<br \/>\n1.8 i.e. 16V T.S. (930.A1A), A\u00f1o 12.1996 &#8211; 12.1998, 1747 , 140<br \/>\nALFA ROMEO 155 (167)<br \/>\n1.6 16V T.S. (167.A6A), A\u00f1o 05.1996 &#8211; 12.1997, 1598 , 120<br \/>\n1.7 T.S. 16V (167.A4N), A\u00f1o 05.1996 &#8211; 12.1997, 1747 , 140<br \/>\nALFA ROMEO 146 (930)<br \/>\n1.4 i.e. 16V T.S. (930.B3A), A\u00f1o 11.1996 &#8211; 01.2001, 1370 , 103<br \/>\n1.6 i.e. 16V T.S. (930.B2B), A\u00f1o 11.1996 &#8211; 01.2001, 1598 , 120<br \/>\n1.8 i.e. 16V T.S. (930.B1A), A\u00f1o 11.1996 &#8211; 01.2001, 1747 , 140<br \/>\n1.8 i.e. 16V T.S. (930.B1A), A\u00f1o 03.1998 &#8211; 01.2001, 1747 , 144<br \/>\nALFA ROMEO 156 Berlina (932)<br \/>\n1.6 16V T.SPARK, A\u00f1o 09.1997 &#8211; 09.2005, 1598 , 120<br \/>\n1.8 16V T.SPARK, A\u00f1o 09.1997 &#8211; 10.2000, 1747 , 144<br \/>\n1.8 16V T.SPARK, A\u00f1o 10.2000 &#8211; 09.2005, 1747 , 140<br \/>\n1.9 JTD, A\u00f1o 10.2000 &#8211; 05.2001, 1910 , 110<br \/>\n1.9 JTD, A\u00f1o 05.2001 &#8211; 09.2005, 1910 , 115<br \/>\n1.9 JTD, A\u00f1o 09.1997 &#8211; 10.2000, 1910 , 105<br \/>\n1.9 JTD 16V, A\u00f1o 11.2002 &#8211; 09.2005, 1910 , 140<br \/>\nALFA ROMEO 156 Sportwagon (932)<br \/>\n1.6 16V T.SPARK., A\u00f1o 05.2000 &#8211; 05.2006, 1598 , 120<br \/>\n1.8 16V T.SPARK, A\u00f1o 05.2000 &#8211; 10.2000, 1747 , 144<br \/>\n1.8 16V T.SPARK, A\u00f1o 10.2000 &#8211; 05.2006, 1747 , 140<br \/>\n1.9 JTD, A\u00f1o 03.2005 &#8211; 05.2006, 1910 , 150<br \/>\n1.9 JTD, A\u00f1o 10.2000 &#8211; 05.2001, 1910 , 110<br \/>\n1.9 JTD, A\u00f1o 05.2000 &#8211; 10.2000, 1910 , 105<br \/>\n1.9 JTD, A\u00f1o 05.2001 &#8211; 05.2006, 1910 , 115<br \/>\n1.9 JTD 16V, A\u00f1o 11.2002 &#8211; 05.2006, 1910 , 140<br \/>\n1.9 JTD 16V Q4, A\u00f1o 07.2004 &#8211; 05.2006, 1910 , 150<br \/>\nALFA ROMEO 147 (937)<br \/>\n1.6 16V T.SPARK, A\u00f1o 01.2001 &#8211; 03.2010, 1598 , 120<br \/>\n1.6 16V T.SPARK ECO, A\u00f1o 01.2001 &#8211; 03.2010, 1598 , 105<br \/>\n1.9 JTD, A\u00f1o 04.2001 &#8211; 03.2010, 1910 , 115<br \/>\n1.9 JTD (937.AXF1A, 937.BXF1A), A\u00f1o 06.2003 &#8211; 03.2010, 1910 , 101<br \/>\n1.9 JTD 16V (937.AXG1B, 937.BXG1B), A\u00f1o 09.2003 &#8211; 09.2004, 1910 , 126<br \/>\n1.9 JTD 16V (937.AXG1B, 937.BXG1B), A\u00f1o 11.2002 &#8211; 03.2010, 1910 , 140<br \/>\n1.9 JTD 16V (937.AXM1B, 937.AXS1B), A\u00f1o 10.2004 &#8211; 03.2010, 1910 , 136<br \/>\n1.9 JTDM (937.AXD1A, 937.AXV1A, 937.BXB1A), A\u00f1o 10.2004 &#8211; 03.2010, 1910 , 115<br \/>\n1.9 JTDM 16V (937.AXN1B, 937.BXN1B), A\u00f1o 09.2004 &#8211; 03.2010, 1910 , 150<br \/>\n1.9 JTDM 8V (937.AXD1A, 937.AXU1A, 937.BXU1A), A\u00f1o 07.2005 &#8211; 03.2010, 1910 , 120<br \/>\nALFA ROMEO GT (937)<br \/>\n1.8 TS, A\u00f1o 11.2003 &#8211; 09.2010, 1747 , 140<br \/>\n1.9 JTD, A\u00f1o 11.2003 &#8211; 09.2010, 1910 , 150<\/p>\n<p>FIAT Barchetta (183)<br \/>\n1.8 16V, A\u00f1o 04.1995 &#8211; 05.2005, 1747 , 130<br \/>\nFIAT Brava Hatchback (182)<br \/>\n1.4, A\u00f1o 10.1995 &#8211; 10.2001, 1370 , 75<br \/>\n1.4 12 V, A\u00f1o 10.1995 &#8211; 08.1998, 1370 , 80<br \/>\n1.8 GT 16V, A\u00f1o 10.1995 &#8211; 10.2001, 1747 , 113<br \/>\nFIAT Bravo I Hatchback (182)<br \/>\n1.4, A\u00f1o 10.1995 &#8211; 10.2001, 1370 , 80<br \/>\n1.4, A\u00f1o 10.1995 &#8211; 10.2001, 1370 , 75<br \/>\n1.8 GT, A\u00f1o 10.1995 &#8211; 10.2001, 1747 , 113<br \/>\nFIAT Marea (185)<br \/>\n1.4 80 12V, A\u00f1o 09.1996 &#8211; 05.2002, 1370 , 80<br \/>\n1.8 115 16V, A\u00f1o 09.1996 &#8211; 05.2002, 1747 , 113<br \/>\n1.9 JTD 105, A\u00f1o 04.1999 &#8211; 01.2001, 1910 , 105<br \/>\n1.9 JTD 110, A\u00f1o 01.2001 &#8211; 05.2002, 1910 , 110<br \/>\nFIAT Palio I Weekend (178)<br \/>\n1.9 JTD, A\u00f1o 09.2001 &#8211; &#8230;, 1910 , 80<br \/>\nFIAT Coupe (175)<br \/>\n1.8 16V, A\u00f1o 03.1996 &#8211; 08.2000, 1747 , 131<br \/>\nFIAT Multipla (186)<br \/>\n1.9 JTD, A\u00f1o 04.2002 &#8211; 06.2010, 1910 , 120<br \/>\n1.9 JTD 105, A\u00f1o 04.1999 &#8211; 06.2010, 1910 , 105<br \/>\n1.9 JTD 110, A\u00f1o 03.2001 &#8211; 07.2002, 1910 , 110<br \/>\n1.9 JTD 115, A\u00f1o 07.2002 &#8211; 06.2010, 1910 , 115<br \/>\nFIAT Punto II Hatchback (188)<br \/>\n1.8 130 HGT, A\u00f1o 09.1999 &#8211; 03.2012, 1747 , 130<\/p>\n<p>LANCIA Y (840)<br \/>\n1.4 12V, A\u00f1o 10.1996 &#8211; 09.2003, 1370 , 80<br \/>\n1.4 12V, A\u00f1o 03.1996 &#8211; 09.2003, 1370 , 75<br \/>\nLANCIA Lybra (839)<br \/>\n1.9 JTD, A\u00f1o 05.2001 &#8211; 10.2005, 1910 , 116<br \/>\n1.9 JTD, A\u00f1o 07.1999 &#8211; 09.2000, 1910 , 105<br \/>\n1.9 JTD, A\u00f1o 09.2000 &#8211; 05.2001, 1910 , 110<\/p>\n<p>LA PIEZA ES NUEVA Y ORIGINAL.<\/p>\n","protected":false},"excerpt":{"rendered":"<p>Correa de instrumentos de: Longitud: 1842 mm Ancho: 22 mm N\u00ba Nervaturas: 6 ALFA ROMEO 145 (930) 1.4 i.e. 16V T.S. (930.A3A), A\u00f1o 12.1996 &#8211; 01.2001, 1370 , 103 1.6 i.e. 16V T.S. (930.A2), A\u00f1o 12.1996 &#8211; 01.2001, 1598 , 120 1.8 i.e. 16V (930.A1A), A\u00f1o 03.1998 &#8211; 01.2001, 1747 , 144 1.8 i.e. 16V [&hellip;]<\/p>\n","protected":false},"featured_media":62630,"template":"","meta":{"_seopress_robots_primary_cat":"","_seopress_titles_title":"","_seopress_titles_desc":"","_seopress_robots_index":""},"product_cat":[45,46,44,48,49,16,80,81,82,85,20,50,21,120,95,96,98,101,126],"product_tag":[],"class_list":{"0":"post-62628","1":"product","2":"type-product","3":"status-publish","4":"has-post-thumbnail","6":"product_cat-recambios-alfa-romeo-145","7":"product_cat-recambios-alfa-romeo-146","8":"product_cat-recambios-alfa-romeo-147","9":"product_cat-recambios-alfa-romeo-155","10":"product_cat-recambios-alfa-romeo-156","11":"product_cat-recambios-alfa-romeo","12":"product_cat-recambios-fiat-barchetta","13":"product_cat-recambios-fiat-brava","14":"product_cat-recambios-fiat-bravo","15":"product_cat-recambios-fiat-coupe","16":"product_cat-recambios-fiat","17":"product_cat-recambios-alfa-romeo-gt","18":"product_cat-recambios-lancia","19":"product_cat-recambios-lancia-lybra","20":"product_cat-recambios-fiat-marea","21":"product_cat-recambios-fiat-multipla","22":"product_cat-recambios-fiat-palio","23":"product_cat-recambios-fiat-punto","24":"product_cat-recambios-lancia-y10","26":"first","27":"outofstock","28":"taxable","29":"shipping-taxable","30":"purchasable","31":"product-type-simple"},"_links":{"self":[{"href":"https:\/\/galicianparts.com\/shop\/wp-json\/wp\/v2\/product\/62628"}],"collection":[{"href":"https:\/\/galicianparts.com\/shop\/wp-json\/wp\/v2\/product"}],"about":[{"href":"https:\/\/galicianparts.com\/shop\/wp-json\/wp\/v2\/types\/product"}],"wp:featuredmedia":[{"embeddable":true,"href":"https:\/\/galicianparts.com\/shop\/wp-json\/wp\/v2\/media\/62630"}],"wp:attachment":[{"href":"https:\/\/galicianparts.com\/shop\/wp-json\/wp\/v2\/media?parent=62628"}],"wp:term":[{"taxonomy":"product_cat","embeddable":true,"href":"https:\/\/galicianparts.com\/shop\/wp-json\/wp\/v2\/product_cat?post=62628"},{"taxonomy":"product_tag","embeddable":true,"href":"https:\/\/galicianparts.com\/shop\/wp-json\/wp\/v2\/product_tag?post=62628"}],"curies":[{"name":"wp","href":"https:\/\/api.w.org\/{rel}","templated":true}]}}