{"id":62766,"date":"2022-11-15T18:15:20","date_gmt":"2022-11-15T16:15:20","guid":{"rendered":"https:\/\/galicianparts.com\/shop\/producto\/4115455-pack-2-juntas-goma-11-4-bomba-freno-fiat-lancia-nueva-original\/"},"modified":"2023-11-30T17:15:50","modified_gmt":"2023-11-30T15:15:50","slug":"4115455-pack-2-juntas-goma-11-4-bomba-freno-fiat-lancia-nueva-original","status":"publish","type":"product","link":"https:\/\/galicianparts.com\/shop\/producto\/4115455-pack-2-juntas-goma-11-4-bomba-freno-fiat-lancia-nueva-original\/","title":{"rendered":"4115455 Pack 2 juntas goma 1\u00b4\u00b41\/4 bomba freno Fiat \/ Lancia \/Seat ORIGINAL"},"content":{"rendered":"<p>Juego, set de 2 anillos de goma, junta del cilindro maestro de Fiat \/ Lancia \/ Seat Cl\u00e1sico<br \/>\nDi\u00e1metro exterior: 32mm<br \/>\nDi\u00e1metro interior: 20mm<br \/>\nEspesor: 7mm<\/p>\n<p>LA PIEZA ES NUEVA Y ORIGINAL.<\/p>\n","protected":false},"excerpt":{"rendered":"<p>Juego, set de 2 anillos de goma, junta del cilindro maestro de Fiat \/ Lancia \/ Seat Cl\u00e1sico Di\u00e1metro exterior: 32mm Di\u00e1metro interior: 20mm Espesor: 7mm LA PIEZA ES NUEVA Y ORIGINAL.<\/p>\n","protected":false},"featured_media":62767,"template":"","meta":{"_seopress_robots_primary_cat":"","_seopress_titles_title":"","_seopress_titles_desc":"","_seopress_robots_index":""},"product_cat":[20,21,26],"product_tag":[],"class_list":{"0":"post-62766","1":"product","2":"type-product","3":"status-publish","4":"has-post-thumbnail","6":"product_cat-recambios-fiat","7":"product_cat-recambios-lancia","8":"product_cat-recambios-seat","10":"first","11":"instock","12":"taxable","13":"shipping-taxable","14":"purchasable","15":"product-type-simple"},"_links":{"self":[{"href":"https:\/\/galicianparts.com\/shop\/wp-json\/wp\/v2\/product\/62766"}],"collection":[{"href":"https:\/\/galicianparts.com\/shop\/wp-json\/wp\/v2\/product"}],"about":[{"href":"https:\/\/galicianparts.com\/shop\/wp-json\/wp\/v2\/types\/product"}],"wp:featuredmedia":[{"embeddable":true,"href":"https:\/\/galicianparts.com\/shop\/wp-json\/wp\/v2\/media\/62767"}],"wp:attachment":[{"href":"https:\/\/galicianparts.com\/shop\/wp-json\/wp\/v2\/media?parent=62766"}],"wp:term":[{"taxonomy":"product_cat","embeddable":true,"href":"https:\/\/galicianparts.com\/shop\/wp-json\/wp\/v2\/product_cat?post=62766"},{"taxonomy":"product_tag","embeddable":true,"href":"https:\/\/galicianparts.com\/shop\/wp-json\/wp\/v2\/product_tag?post=62766"}],"curies":[{"name":"wp","href":"https:\/\/api.w.org\/{rel}","templated":true}]}}