{"id":62770,"date":"2022-11-15T18:33:24","date_gmt":"2022-11-15T16:33:24","guid":{"rendered":"https:\/\/galicianparts.com\/shop\/producto\/5500xs-correa-distribucion-m1-9-2-4-jtd-fiat-lancia-alfa-romeo-nueva-gates\/"},"modified":"2023-01-18T18:04:57","modified_gmt":"2023-01-18T16:04:57","slug":"5500xs-correa-distribucion-m1-9-2-4-jtd-fiat-lancia-alfa-romeo-nueva-gates","status":"publish","type":"product","link":"https:\/\/galicianparts.com\/shop\/producto\/5500xs-correa-distribucion-m1-9-2-4-jtd-fiat-lancia-alfa-romeo-nueva-gates\/","title":{"rendered":"5500XS Correa distribuci\u00f3n M1.9 \/2.4 JTD Fiat \/Lancia \/Alfa Romeo NUEVA GATES"},"content":{"rendered":"<p>Correa dentada del motor de:<br \/>\nDientes: 190<br \/>\nLargo: 1520 mm<br \/>\nAncho: 24 mm<\/p>\n<p>ALFA ROMEO 145 (930)<br \/>\n1.9 JTD (930.A4B), A\u00f1o 02.1999 &#8211; 01.2001, 1910 , 105<br \/>\nALFA ROMEO 146 (930)<br \/>\n1.9 JTD (930.B4B), A\u00f1o 02.1999 &#8211; 01.2001, 1910 , 105<br \/>\nALFA ROMEO 156 (932)<br \/>\n1.9 JTD, A\u00f1o 10.2000 &#8211; 05.2001, 1910 , 110<br \/>\n1.9 JTD, A\u00f1o 05.2001 &#8211; 09.2005, 1910 , 115<br \/>\n1.9 JTD, A\u00f1o 09.1997 &#8211; 10.2000, 1910 , 105<br \/>\n2.4 JTD, A\u00f1o 10.2000 &#8211; 09.2005, 2387 , 140<br \/>\n2.4 JTD, A\u00f1o 03.2002 &#8211; 09.2005, 2387 , 150<br \/>\n2.4 JTD, A\u00f1o 09.1997 &#8211; 09.2003, 2387 , 136<br \/>\nALFA ROMEO 166 (936)<br \/>\n2.4 JTD, A\u00f1o 04.2002 &#8211; 06.2007, 2387 , 150<br \/>\n2.4 JTD, A\u00f1o 09.1998 &#8211; 10.2000, 2387 , 136<br \/>\n2.4 JTD, A\u00f1o 10.2000 &#8211; 06.2007, 2387 , 140<br \/>\nALFA ROMEO 147 (937)<br \/>\n1.9 JTD, A\u00f1o 04.2001 &#8211; 03.2010, 1910 , 115<br \/>\n1.9 JTD (937.AXF1A, 937.BXF1A), A\u00f1o 06.2003 &#8211; 03.2010, 1910 , 101<br \/>\n1.9 JTD (937AXD1A, 937BXD1A), A\u00f1o 10.2000 &#8211; 08.2002, 1910 , 110<br \/>\n1.9 JTDM (937.AXD1A, 937.AXV1A, 937.BXB1A), A\u00f1o 10.2004 &#8211; 03.2010, 1910 , 115<br \/>\n1.9 JTDM 8V (937.AXD1A, 937.AXU1A, 937.BXU1A), A\u00f1o 07.2005 &#8211; 03.2010, 1910 , 120<\/p>\n<p>FIAT Brava Hatchback (182)<br \/>\n1.9 JTD, A\u00f1o 09.2000 &#8211; 10.2001, 1910 , 100<br \/>\n1.9 JTD 105, A\u00f1o 12.1998 &#8211; 10.2001, 1910 , 105<br \/>\n1.9 TD 100 S, A\u00f1o 03.1996 &#8211; 10.2001, 1910 , 100<br \/>\nFIAT Bravo I Hatchback (182)<br \/>\n1.9 JTD, A\u00f1o 09.2000 &#8211; 10.2001, 1910 , 100<br \/>\n1.9 JTD 105, A\u00f1o 12.1998 &#8211; 10.2001, 1910 , 105<br \/>\n1.9 TD 100 S, A\u00f1o 03.1996 &#8211; 10.2001, 1910 , 100<br \/>\nFIAT Marea Berlina (185)<br \/>\n1.9 JTD, A\u00f1o 01.2001 &#8211; 12.2007, 1910 , 107<br \/>\n1.9 JTD 105, A\u00f1o 04.1999 &#8211; 01.2001, 1910 , 105<br \/>\n1.9 JTD 110, A\u00f1o 01.2001 &#8211; 05.2002, 1910 , 110<br \/>\n2.4 JTD 130, A\u00f1o 04.1999 &#8211; 05.2002, 2387 , 130<br \/>\nFIAT Marea Weekend (185)<br \/>\n1.9 JTD 105, A\u00f1o 04.1999 &#8211; 05.2002, 1910 , 105<br \/>\n1.9 JTD 110, A\u00f1o 01.2001 &#8211; 05.2002, 1910 , 110<br \/>\n1.9 TD 100, A\u00f1o 09.1996 &#8211; 05.2002, 1910 , 100<br \/>\n2.4 JTD 130, A\u00f1o 04.1999 &#8211; 05.2002, 2387 , 130<br \/>\nFIAT Palio I Weekend (178)<br \/>\n1.9 JTD, A\u00f1o 09.2001 &#8211; &#8230;, 1910 , 80<br \/>\nFIAT Multipla (186)<br \/>\n1.9 JTD, A\u00f1o 04.2002 &#8211; 06.2010, 1910 , 120<br \/>\n1.9 JTD 105, A\u00f1o 04.1999 &#8211; 06.2010, 1910 , 105<br \/>\n1.9 JTD 110, A\u00f1o 03.2001 &#8211; 07.2002, 1910 , 110<br \/>\n1.9 JTD 115, A\u00f1o 07.2002 &#8211; 06.2010, 1910 , 115<br \/>\nFIAT Strada Pick-up (178)<br \/>\n1.9 JTD, A\u00f1o 04.2003 &#8211; &#8230;, 1910 , 80<br \/>\nFIAT Punto II Hatchback (188)<br \/>\n1.9 JTD, A\u00f1o 10.2001 &#8211; 03.2012, 1910 , 86<br \/>\n1.9 JTD, A\u00f1o 06.2003 &#8211; 03.2012, 1910 , 101<br \/>\n1.9 JTD 80, A\u00f1o 09.1999 &#8211; 03.2012, 1910 , 80<br \/>\nFIAT Doblo I (119, 223)<br \/>\n1.9 D Multijet, A\u00f1o 10.2005 &#8211; &#8230;, 1910 , 120<br \/>\n1.9 JTD, A\u00f1o 07.2003 &#8211; &#8230;, 1910 , 105<br \/>\n1.9 JTD, A\u00f1o 10.2001 &#8211; &#8230;, 1910 , 100<br \/>\n1.9 JTD Multijet, A\u00f1o 12.2006 &#8211; &#8230;, 1910 , 120<br \/>\nFIAT Stilo Hatchback (192)<br \/>\n1.9 D Multijet, A\u00f1o 09.2005 &#8211; 11.2006, 1910 , 100<br \/>\n1.9 D Multijet, A\u00f1o 09.2005 &#8211; 11.2006, 1910 , 120<br \/>\n1.9 JTD, A\u00f1o 09.2004 &#8211; 11.2006, 1910 , 90<br \/>\n1.9 JTD, A\u00f1o 10.2001 &#8211; 11.2006, 1910 , 115<br \/>\n1.9 JTD, A\u00f1o 02.2002 &#8211; 11.2006, 1910 , 80<br \/>\nFIAT Stilo Multi Wagon (192)<br \/>\n1.9 D, A\u00f1o 09.2004 &#8211; 08.2008, 1910 , 90<br \/>\n1.9 D Multijet, A\u00f1o 09.2005 &#8211; 08.2008, 1910 , 100<br \/>\n1.9 D Multijet, A\u00f1o 09.2005 &#8211; 08.2008, 1910 , 120<br \/>\n1.9 JTD, A\u00f1o 01.2003 &#8211; 08.2008, 1910 , 80<br \/>\n1.9 JTD, A\u00f1o 01.2003 &#8211; 08.2008, 1910 , 115<br \/>\nFIAT Idea (350)<br \/>\n1.9 JTD, A\u00f1o 01.2004 &#8211; &#8230;, 1910 , 101<br \/>\nFIAT Bravo II Hatchback (198)<br \/>\n1.9 D Multijet, A\u00f1o 04.2007 &#8211; 12.2008, 1910 , 90<br \/>\n1.9 D Multijet, A\u00f1o 11.2006 &#8211; 12.2009, 1910 , 116<br \/>\n1.9 D Multijet, A\u00f1o 04.2007 &#8211; 12.2014, 1910 , 120<br \/>\nFIAT Stilo Furg\u00f3n \/ Familiar (192)<br \/>\n1.9 JTD (192DXE1A), A\u00f1o 10.2001 &#8211; 08.2005, 1910 , 116<br \/>\n1.9 JTD (192DXF1A), A\u00f1o 10.2001 &#8211; 08.2005, 1910 , 80<br \/>\n1.9 JTD (192DXS1A), A\u00f1o 09.2005 &#8211; 08.2008, 1910 , 120<\/p>\n<p>LANCIA Kappa Berlina (838)<br \/>\n2.4 JTD, A\u00f1o 06.1998 &#8211; 10.2001, 2387 , 136<br \/>\nLANCIA Lybra (839)<br \/>\n1.9 JTD, A\u00f1o 05.2001 &#8211; 10.2005, 1910 , 116<br \/>\n1.9 JTD, A\u00f1o 07.1999 &#8211; 09.2000, 1910 , 105<br \/>\n1.9 JTD, A\u00f1o 09.2000 &#8211; 05.2001, 1910 , 110<br \/>\n2.4 JTD, A\u00f1o 05.2002 &#8211; 10.2005, 2387 , 150<br \/>\n2.4 JTD, A\u00f1o 07.1999 &#8211; 02.2001, 2387 , 135<br \/>\n2.4 JTD, A\u00f1o 09.2000 &#8211; 05.2002, 2387 , 140<br \/>\nLANCIA Thesis (841)<br \/>\n2.4 JTD, A\u00f1o 07.2002 &#8211; 07.2009, 2387 , 150<br \/>\nLANCIA Musa (350)<br \/>\n1.9 D Multijet, A\u00f1o 10.2004 &#8211; 09.2012, 1910 , 101<\/p>\n<p>LA PIEZA ES NUEVA GATES.<\/p>\n","protected":false},"excerpt":{"rendered":"<p>Correa dentada del motor de: Dientes: 190 Largo: 1520 mm Ancho: 24 mm ALFA ROMEO 145 (930) 1.9 JTD (930.A4B), A\u00f1o 02.1999 &#8211; 01.2001, 1910 , 105 ALFA ROMEO 146 (930) 1.9 JTD (930.B4B), A\u00f1o 02.1999 &#8211; 01.2001, 1910 , 105 ALFA ROMEO 156 (932) 1.9 JTD, A\u00f1o 10.2000 &#8211; 05.2001, 1910 , 110 1.9 [&hellip;]<\/p>\n","protected":false},"featured_media":66662,"template":"","meta":{"_seopress_robots_primary_cat":"","_seopress_titles_title":"","_seopress_titles_desc":"","_seopress_robots_index":""},"product_cat":[45,46,44,49,57,16,81,82,87,20,93,119,21,120,95,96,121,98,101,108,109,125],"product_tag":[],"class_list":{"0":"post-62770","1":"product","2":"type-product","3":"status-publish","4":"has-post-thumbnail","6":"product_cat-recambios-alfa-romeo-145","7":"product_cat-recambios-alfa-romeo-146","8":"product_cat-recambios-alfa-romeo-147","9":"product_cat-recambios-alfa-romeo-156","10":"product_cat-recambios-alfa-romeo-166","11":"product_cat-recambios-alfa-romeo","12":"product_cat-recambios-fiat-brava","13":"product_cat-recambios-fiat-bravo","14":"product_cat-recambios-fiat-doblo","15":"product_cat-recambios-fiat","16":"product_cat-recambios-fiat-idea","17":"product_cat-recambios-lancia-kappa","18":"product_cat-recambios-lancia","19":"product_cat-recambios-lancia-lybra","20":"product_cat-recambios-fiat-marea","21":"product_cat-recambios-fiat-multipla","22":"product_cat-recambios-lancia-musa","23":"product_cat-recambios-fiat-palio","24":"product_cat-recambios-fiat-punto","25":"product_cat-recambios-fiat-stilo","26":"product_cat-recambios-fiat-strada","27":"product_cat-recambios-lancia-thesis","29":"first","30":"outofstock","31":"taxable","32":"shipping-taxable","33":"purchasable","34":"product-type-simple"},"_links":{"self":[{"href":"https:\/\/galicianparts.com\/shop\/wp-json\/wp\/v2\/product\/62770"}],"collection":[{"href":"https:\/\/galicianparts.com\/shop\/wp-json\/wp\/v2\/product"}],"about":[{"href":"https:\/\/galicianparts.com\/shop\/wp-json\/wp\/v2\/types\/product"}],"wp:featuredmedia":[{"embeddable":true,"href":"https:\/\/galicianparts.com\/shop\/wp-json\/wp\/v2\/media\/66662"}],"wp:attachment":[{"href":"https:\/\/galicianparts.com\/shop\/wp-json\/wp\/v2\/media?parent=62770"}],"wp:term":[{"taxonomy":"product_cat","embeddable":true,"href":"https:\/\/galicianparts.com\/shop\/wp-json\/wp\/v2\/product_cat?post=62770"},{"taxonomy":"product_tag","embeddable":true,"href":"https:\/\/galicianparts.com\/shop\/wp-json\/wp\/v2\/product_tag?post=62770"}],"curies":[{"name":"wp","href":"https:\/\/api.w.org\/{rel}","templated":true}]}}