{"id":62818,"date":"2022-11-16T10:01:45","date_gmt":"2022-11-16T08:01:45","guid":{"rendered":"https:\/\/galicianparts.com\/shop\/producto\/51760558-protector-inferior-izq-motor-fiat-grande-punto-alfa-romeo-mito-nuevo-original\/"},"modified":"2023-06-27T22:29:25","modified_gmt":"2023-06-27T20:29:25","slug":"51760558-protector-inferior-izq-motor-fiat-grande-punto-alfa-romeo-mito-nuevo-original","status":"publish","type":"product","link":"https:\/\/galicianparts.com\/shop\/producto\/51760558-protector-inferior-izq-motor-fiat-grande-punto-alfa-romeo-mito-nuevo-original\/","title":{"rendered":"51760558 Protector inferior izq. motor Fiat Grande Punto \/Alfa Romeo Mito NUEVO ORIGINAL"},"content":{"rendered":"<p>51775845 Protector inferior izquierdo del vano de motor de:<br \/>\nFIAT &#8211; 2Y GRANDE PUNTO (2005-2008) 1.4\u00a016V\u00a0MPI\u00a0\u00a0TURBO\u00a0120CV\/88KW \/ 1910\u00a0JTD\u00a0CF4\u00a08V\u00a0115CV\/85KW\u00a0MENOR POTENCIA BELGICA \/ 1.9\u00a0JTD\u00a08V\u00a0CF4\u00a0120CV\/88KW \/ 1.9\u00a0JTD\u00a08V\u00a0CF4\u00a0130CV\/95KW<br \/>\nFIAT &#8211; 2Y GRANDE PUNTO (2005-2008) ADAPTACI\u00d3N PARA PA\u00cdSES FR\u00cdOS \/ (1.2\u00a0MPI\u00a08V\u00a0CF4 \/ 1.4\u00a0MPI\u00a08V\u00a0CF4 \/ 1400\u00a0MPI\u00a08V\u00a0CF4\u00a0MENOR POTE.\u00a0AUSTRIA \/ 1.4\u00a0MPI\u00a016V\u00a0CF4\u00a0PDA)<br \/>\nFIAT &#8211; 4C GRANDE PUNTO (2008-2009) 1370 \/ TURBO \/ 1500-1599 \/ 1910<br \/>\nFIAT &#8211; 4C GRANDE PUNTO (2008-2009) ADAPTACI\u00d3N PARA PA\u00cdSES FR\u00cdOS \/ (1100-1199 \/ 1370)<br \/>\nFIAT &#8211; 3X GRANDE PUNTO ACTUAL (2009-2013) KIT ECO 1<br \/>\nFIAT &#8211; 3X GRANDE PUNTO ACTUAL (2009-2013) KIT REPARACIONES<br \/>\nFIAT &#8211; 51 NUOVA PUNTO MY2012 (2012-2013) 1242 \/ ADAPTACI\u00d3N PARA PA\u00cdSES FR\u00cdOS \/ ASPIRADO \/ ADAPTACI\u00d3N PARA PA\u00cdSES FR\u00cdOS<br \/>\nFIAT &#8211; 51 NUOVA PUNTO MY2012 (2012-2013) 900<br \/>\nFIAT &#8211; 51 NUOVA PUNTO MY2012 (2012-2013) 1248 \/ ADAPTACI\u00d3N PARA PA\u00cdSES FR\u00cdOS<br \/>\nFIAT &#8211; 51 NUOVA PUNTO MY2012 (2012-2013) KIT ECO 1<br \/>\nFIAT &#8211; 51 NUOVA PUNTO MY2012 (2012-2013) 1368 \/ TURBO<br \/>\nFIAT &#8211; 51 NUOVA PUNTO MY2012 (2012-2013) KIT REPARACIONES<br \/>\nFIAT &#8211; 3J PUNTO EVO (2009-2011) 1.2 \/ ADAPTACI\u00d3N PARA PA\u00cdSES FR\u00cdOS \/ 1370 \/ ASPIRADO \/ ADAPTACI\u00d3N PARA PA\u00cdSES FR\u00cdOS<br \/>\nFIAT &#8211; 3J PUNTO EVO (2009-2011) 1370 \/ TURBO \/ DYNAMIC \/ ADAPTACI\u00d3N PARA PA\u00cdSES FR\u00cdOS \/ 1370 \/ TURBO \/ EMOTION \/ ADAPTACI\u00d3N PARA PA\u00cdSES FR\u00cdOS \/ 1370 \/ TURBO \/ RACING \/ ADAPTACI\u00d3N PARA PA\u00cdSES FR\u00cdOS<br \/>\nFIAT &#8211; 3J PUNTO EVO (2009-2011) 1500-1599<br \/>\nFIAT &#8211; 3J PUNTO EVO (2009-2011) 1370 \/ TURBO \/ SPORT<br \/>\nFIAT &#8211; 6U PUNTO MY 2013 (2013-&#8230;.) 1242 \/ ADAPTACI\u00d3N PARA PA\u00cdSES FR\u00cdOS \/ ASPIRATO \/ ADAPTACI\u00d3N PARA PA\u00cdSES FR\u00cdOS Y SIN KIT REPARACIONES<br \/>\nFIAT &#8211; 6U PUNTO MY 2013 (2013-&#8230;.) 900<br \/>\nFIAT &#8211; 6U PUNTO MY 2013 (2013-&#8230;.) 1248 \/ ADAPTACI\u00d3N PARA PA\u00cdSES FR\u00cdOS Y SIN KIT ECO 1<br \/>\nFIAT &#8211; 6U PUNTO MY 2013 (2013-&#8230;.) KIT ECO 1<br \/>\nFIAT &#8211; 6U PUNTO MY 2013 (2013-&#8230;.) 1368 \/ TURBO<br \/>\nFIAT &#8211; 6U PUNTO MY 2013 (2013-&#8230;.) KIT REPARACIONES<br \/>\nALFA ROMEO &#8211; X6 ALFA MITO (2008-2011) ADAPTACI\u00d3N PARA PA\u00cdSES FR\u00cdOS \/ 1.4\u00a0FIRE\u00a016V\u00a0TURBO\u00a0155CV\u00a0(EURO\u00a05) \/ ADAPTACI\u00d3N PARA PA\u00cdSES FR\u00cdOS \/ 1598 \/ ADAPTACI\u00d3N PARA PA\u00cdSES FR\u00cdOS \/ 1370 \/ 120CV<br \/>\nALFA ROMEO &#8211; X6 ALFA MITO (2008-2011) ADAPTACI\u00d3N PARA PA\u00cdSES FR\u00cdOS \/ 1.4 FIRE 16V TURBO MULTIAIR 135CV EURO 5 \/ ADAPTACI\u00d3N PARA PA\u00cdSES FR\u00cdOS \/ 1.4\u00a0FIRE\u00a016V\u00a0TURBO\u00a0MULTIAIR\u00a0170CV\u00a0EURO\u00a05<br \/>\nALFA ROMEO &#8211; QZ MITO MY2011 (2011-2013) 1370 \/ TURBO \/<br \/>\nALFA ROMEO &#8211; 10 MITO MY2013 (2013-&#8230;.) 875 \/ TURBO<br \/>\nALFA ROMEO &#8211; 10 MITO MY2013 (2013-&#8230;.) PROTECCI\u00d3N BJO MOTOR<br \/>\nABARTH &#8211; 4A GRANDE PUNTO ABARTH (2007-2010)<br \/>\nABARTH &#8211; 81 NUOVA PUNTO ABARTH MY2012 (2012-2013)<br \/>\nABARTH &#8211; 4B PUNTO EVO ABARTH (2010-2012)<\/p>\n<p>LA PIEZA ES NUEVA Y ORIGINAL.<\/p>\n","protected":false},"excerpt":{"rendered":"<p>51775845 Protector inferior izquierdo del vano de motor de: FIAT &#8211; 2Y GRANDE PUNTO (2005-2008) 1.4\u00a016V\u00a0MPI\u00a0\u00a0TURBO\u00a0120CV\/88KW \/ 1910\u00a0JTD\u00a0CF4\u00a08V\u00a0115CV\/85KW\u00a0MENOR POTENCIA BELGICA \/ 1.9\u00a0JTD\u00a08V\u00a0CF4\u00a0120CV\/88KW \/ 1.9\u00a0JTD\u00a08V\u00a0CF4\u00a0130CV\/95KW FIAT &#8211; 2Y GRANDE PUNTO (2005-2008) ADAPTACI\u00d3N PARA PA\u00cdSES FR\u00cdOS \/ (1.2\u00a0MPI\u00a08V\u00a0CF4 \/ 1.4\u00a0MPI\u00a08V\u00a0CF4 \/ 1400\u00a0MPI\u00a08V\u00a0CF4\u00a0MENOR POTE.\u00a0AUSTRIA \/ 1.4\u00a0MPI\u00a016V\u00a0CF4\u00a0PDA) FIAT &#8211; 4C GRANDE PUNTO (2008-2009) 1370 \/ TURBO \/ 1500-1599 \/ [&hellip;]<\/p>\n","protected":false},"featured_media":62823,"template":"","meta":{"_seopress_robots_primary_cat":"","_seopress_titles_title":"","_seopress_titles_desc":"","_seopress_robots_index":""},"product_cat":[16,20,92,47,101],"product_tag":[],"class_list":{"0":"post-62818","1":"product","2":"type-product","3":"status-publish","4":"has-post-thumbnail","6":"product_cat-recambios-alfa-romeo","7":"product_cat-recambios-fiat","8":"product_cat-recambios-fiat-grande-punto","9":"product_cat-recambios-alfa-romeo-mito","10":"product_cat-recambios-fiat-punto","12":"first","13":"outofstock","14":"taxable","15":"shipping-taxable","16":"purchasable","17":"product-type-simple"},"_links":{"self":[{"href":"https:\/\/galicianparts.com\/shop\/wp-json\/wp\/v2\/product\/62818"}],"collection":[{"href":"https:\/\/galicianparts.com\/shop\/wp-json\/wp\/v2\/product"}],"about":[{"href":"https:\/\/galicianparts.com\/shop\/wp-json\/wp\/v2\/types\/product"}],"wp:featuredmedia":[{"embeddable":true,"href":"https:\/\/galicianparts.com\/shop\/wp-json\/wp\/v2\/media\/62823"}],"wp:attachment":[{"href":"https:\/\/galicianparts.com\/shop\/wp-json\/wp\/v2\/media?parent=62818"}],"wp:term":[{"taxonomy":"product_cat","embeddable":true,"href":"https:\/\/galicianparts.com\/shop\/wp-json\/wp\/v2\/product_cat?post=62818"},{"taxonomy":"product_tag","embeddable":true,"href":"https:\/\/galicianparts.com\/shop\/wp-json\/wp\/v2\/product_tag?post=62818"}],"curies":[{"name":"wp","href":"https:\/\/api.w.org\/{rel}","templated":true}]}}