{"id":63073,"date":"2022-11-17T12:49:19","date_gmt":"2022-11-17T10:49:19","guid":{"rendered":"https:\/\/galicianparts.com\/shop\/producto\/7752313-rele-multifuncion-50a-fiat-lancia-alfa-romeo-nuevo-original\/"},"modified":"2023-07-13T03:14:49","modified_gmt":"2023-07-13T01:14:49","slug":"7752313-rele-multifuncion-50a-fiat-lancia-alfa-romeo-nuevo-original","status":"publish","type":"product","link":"https:\/\/galicianparts.com\/shop\/producto\/7752313-rele-multifuncion-50a-fiat-lancia-alfa-romeo-nuevo-original\/","title":{"rendered":"7752313 Rel\u00e9 multifunci\u00f3n 50A 12V Fiat \/Lancia \/Alfa Romeo NUEVO ORIGINAL"},"content":{"rendered":"<p>Rel\u00e9 multifunci\u00f3n de 50 Amperios y 12 Voltios del electroventilador, elevalunas el\u00e9ctrico, cierre centralizado, techo solar, etc&#8230;<br \/>\nFIAT &#8211; 1V BRAVA (1995-1998) AIRE ACONDICIONADO \/ 1800 MPI 16V \/ 1930 DS EM 08<br \/>\nFIAT &#8211; 1V BRAVA (1995-1998) 1580 MPI 16V 103CV \/ 1580 MPI 16V 90CV \/ 1580 MPI 16V EM 04<br \/>\nFIAT &#8211; 1V BRAVA (1995-1998) 1800 MPI 16V<br \/>\nFIAT &#8211; 1V BRAVA (1995-1998) 1930 DS EM 08<br \/>\nFIAT &#8211; 1M BRAVA G.98 (1998-2001) 1910 TD (100 CV)<br \/>\nFIAT &#8211; 1M BRAVA G.98 (1998-2001) 1910 JTD (105 CV) \/ 1910 JTD CF3<br \/>\nFIAT &#8211; 1U BRAVO (1995-1998) AIRE ACONDICIONADO \/ 1800 16V \/ 2000 20V<br \/>\nFIAT &#8211; 1U BRAVO (1995-1998) AIRE ACONDICIONADO \/ 1930 DS EM 08-65CV<br \/>\nFIAT &#8211; 1U BRAVO (1995-1998) 1580 MPI 16V 103CV \/ 1580 MPI 16V 90CV<br \/>\nFIAT &#8211; 1U BRAVO (1995-1998) 1800 16V<br \/>\nFIAT &#8211; 1U BRAVO (1995-1998) 1930 DS EM 08-65CV<br \/>\nFIAT &#8211; 1L BRAVO G.98 (1998-2001) 1910 TD (100 CV)<br \/>\nFIAT &#8211; 1L BRAVO G.98 (1998-2001) 1910 JTD CF2 (105 CV) \/ 1910 JTD CF3<br \/>\nFIAT &#8211; PC COUPE&#8217; (1994-1996) AIRE ACONDICIONADO \/ 2000 ASPIRATO \/ 2000 ASP.(BRASILE)<br \/>\nFIAT &#8211; PC COUPE&#8217; (1994-1996) 2000 ASPIRATO \/ 2000 TURBO \/ 2000 ASP.(BRASILE)<br \/>\nFIAT &#8211; PC COUPE&#8217; (1994-1996) 1750 16V CEE F2<br \/>\nFIAT &#8211; PX COUPE&#8217; GAMMA&#8217;96 (1996-2000) 2000 20V 5CIL.ASP. \/ 2000 20V 5CIL.ASP.STEP-A<br \/>\nFIAT &#8211; PX COUPE&#8217; GAMMA&#8217;96 (1996-2000) 1750 16V ASP.<br \/>\nFIAT &#8211; PX COUPE&#8217; GAMMA&#8217;96 (1996-2000) 2000 20V 5CIL.ASP.<br \/>\nFIAT &#8211; NQ CROMA IE. 2500 V6 (1993-1996)<br \/>\nFIAT &#8211; PT MAREA BENZINA (1996-1999) 1370 12V 80CV (59 KW)<br \/>\nFIAT &#8211; PT MAREA BENZINA (1996-1999) 1580 16V 103CV (75 KW) \/ MOTOR 1580 BIPOWER<br \/>\nFIAT &#8211; PT MAREA BENZINA (1996-1999) 1800<br \/>\nFIAT &#8211; 1Q MAREA BZ GAMMA&#8217;99 (1999-2002) 1600 16V CF2 (182A4000) \/ 1600 DECAT. \/ 1600 BI-POWER \/ 1600 16V CF3 (182B6000)<br \/>\nFIAT &#8211; 1Q MAREA BZ GAMMA&#8217;99 (1999-2002) BN \u00abSX BI-POWER\u00bb \/ 2000 20V CF2 \/ 2000 20V CF3<br \/>\nFIAT &#8211; PU MAREA DIESEL (1996-1999) 1910 TD SOFT (75CV)<br \/>\nFIAT &#8211; PU MAREA DIESEL (1996-1999) 1910 TD (100CV) \/ AIRE ACONDICIONADO<br \/>\nFIAT &#8211; PU MAREA DIESEL (1996-1999) 2400 TD<br \/>\nFIAT &#8211; PU MAREA DIESEL (1996-1999) 1910 TD (100CV) \/ 1910 TD SOFT (75CV)<br \/>\nFIAT &#8211; XR MILLE (1994-1995)<br \/>\nFIAT &#8211; XS MILLE CLIP (1995-1997) 1372 SPI<br \/>\nFIAT &#8211; 1X PALIO 2V EXTRA EUROPA (1997-2002) AIRE ACONDICIONADO \/ 994 MPI CF2 \/ 1372 SPI EM.04 \/ 1372 SPI CF2(TR) \/ 1580 MPI TORQUE 16V CF2 \/ 1580 MPI 16V EM.04 R.L. \/ 1596 16V CF3<br \/>\nFIAT &#8211; 1X PALIO 2V EXTRA EUROPA (1997-2002) 1697 DS EM.08 \/ AIRE ACONDICIONADO<br \/>\nFIAT &#8211; 1X PALIO 2V EXTRA EUROPA (1997-2002) CONDUCCION A\u00a0IZQUIERDA<br \/>\nFIAT &#8211; 1X PALIO 2V EXTRA EUROPA (1997-2002) CONDUCCION\u00a0A DERECHA<br \/>\nFIAT &#8211; 1X PALIO 2V EXTRA EUROPA (1997-2002)<br \/>\nFIAT &#8211; 2H PALIO 2V EXTRA EUROPA REST. 2002 (2002-2011) EX (MA) \/ 1000\u00a08V<br \/>\nFIAT &#8211; 2H PALIO 2V EXTRA EUROPA REST. 2002 (2002-2011) SL (TR) \/ EL (TR) \/ EL\u00a0SPEEDGEAR\u00a0(TR) \/ HL (TR) \/ SPORT (TR) \/ HL SPEEDGEAR (TR) \/ VAN (TR)<br \/>\nFIAT &#8211; 2H PALIO 2V EXTRA EUROPA REST. 2002 (2002-2011) EL 3DR (ZA) \/ EL 5DR (ZA) \/ ELX 5DR (ZA)<br \/>\nFIAT &#8211; 1Y PALIO WE EXTRA EUROPA (1997-2002) AIRE ACONDICIONADO \/ 1372 SPI EM.04 \/ 1372 SPI CF2 (TR) \/ 1580 MPI TORQUE 16V CF2 \/ 1580 MPI 16V EM.04 \/ 1580 MPI 16V EM.04 R.L. \/ 1596 MPI TORQUE 16V CF3<br \/>\nFIAT &#8211; 1Y PALIO WE EXTRA EUROPA (1997-2002) 1242 MPI 8V CF2 \/ 1242 MPI CF3 \/ AIRE ACONDICIONADO<br \/>\nFIAT &#8211; 1Y PALIO WE EXTRA EUROPA (1997-2002) AIRE ACONDICIONADO \/ 1697 TDS SOFT ECE08\/CF1 46KW \/ 1697 TDS SOFT CF2 51KW \/ 1697 TDS ECE08 53 KW<br \/>\nFIAT &#8211; 1Y PALIO WE EXTRA EUROPA (1997-2002) CONDUCCION A\u00a0IZQUIERDA<br \/>\nFIAT &#8211; 1Y PALIO WE EXTRA EUROPA (1997-2002) CONDUCCION\u00a0A DERECHA<br \/>\nFIAT &#8211; 1Y PALIO WE EXTRA EUROPA (1997-2002)<br \/>\nFIAT &#8211; 2K PALIO WE EXTRA EUROPA REST. 2002 (2002-2008) 1596 16V CF3 \/ AIRE ACONDICIONADO<br \/>\nFIAT &#8211; 2K PALIO WE EXTRA EUROPA REST. 2002 (2002-2008) EL (PL) \/ HL (PL) \/ SL (TR) \/ EL (TR) \/ HL (TR)<br \/>\nFIAT &#8211; 2K PALIO WE EXTRA EUROPA REST. 2002 (2002-2008) EL(CN) \/ ADVENTURE(CN) \/ HL SPEEDGEAR(CN) \/ ELX(CN \/ HL (CN) MY 2004 \/ HLX-T.A. (CN)MY 2004 \/ HL SPEEDGEAR-T.A. (CN) M,Y 2004 \/ HL AUTOMATIC TRANSMISSION (CN) MY 2004 C<br \/>\nFIAT &#8211; PY PALIO\/WEEKEND EUROPA (1997-2002) AIRE ACONDICIONADO \/ 1242 SW CF2 \/ 1242 BN CF2 \/ 1.2 SW CF3 \/ 1242 BN CF3<br \/>\nFIAT &#8211; PY PALIO\/WEEKEND EUROPA (1997-2002) AIRE ACONDICIONADO \/ 1580 SW \/ 1596 16V CF3 SW<br \/>\nFIAT &#8211; PY PALIO\/WEEKEND EUROPA (1997-2002) 1697 TDS SW \/ AIRE ACONDICIONADO<br \/>\nFIAT &#8211; PY PALIO\/WEEKEND EUROPA (1997-2002) 1.9 DS CF3 \/ AIRE ACONDICIONADO<br \/>\nFIAT &#8211; NV PUNTO 55-60-75-90 (1993-1997) CONDUCCION A\u00a0IZQUIERDA \/ 1.2 MPI \/ 1.2 SPI CF2 176B4000<br \/>\nFIAT &#8211; NV PUNTO (1993-1997) CONDUCCION A\u00a0IZQUIERDA \/ 1.6 MPI<br \/>\nFIAT &#8211; NV PUNTO (1993-1997) CONDUCCION A\u00a0IZQUIERDA \/ 1.2 SPI \u00abSELECTA<br \/>\nFIAT &#8211; NV PUNTO (1993-1997) CONDUCCION\u00a0A DERECHA \/ 1.2 MPI<br \/>\nFIAT &#8211; NV PUNTO (1993-1997) CONDUCCION\u00a0A DERECHA \/ 1.2 SPI \u00abSELECTA<br \/>\nFIAT &#8211; NV PUNTO (1993-1997)<br \/>\nFIAT &#8211; 1A PUNTO BZ. GAMMA &#8217;97 (1997-1999) CONDUCCION A\u00a0IZQUIERDA \/ 1108 SPI CF2<br \/>\nFIAT &#8211; 1A PUNTO BZ. GAMMA &#8217;97 (1997-1999) CONDUCCION A\u00a0IZQUIERDA \/ 1242 SPI \/ 1242 MPI 8V \/ 1242 MPI 16V<br \/>\nFIAT &#8211; 1A PUNTO BZ. GAMMA &#8217;97 (1997-1999) CONDUCCION A\u00a0IZQUIERDA \/ 1242 SPI \/ 1242 MPI 8V<br \/>\nFIAT &#8211; 1A PUNTO BZ. GAMMA &#8217;97 (1997-1999) CONDUCCION A\u00a0IZQUIERDA \/ 1242 MPI 16V<br \/>\nFIAT &#8211; 1A PUNTO BZ. GAMMA &#8217;97 (1997-1999) CONDUCCION A\u00a0IZQUIERDA \/ 1242 SPI \/ SELECTA<br \/>\nFIAT &#8211; 1A PUNTO BZ. GAMMA &#8217;97 (1997-1999) CONDUCCION\u00a0A DERECHA \/ 1242 MPI 8V \/ 1242 MPI 16V<br \/>\nFIAT &#8211; 1A PUNTO BZ. GAMMA &#8217;97 (1997-1999) CONDUCCION\u00a0A DERECHA \/ 1242 SPI \/ 1242 MPI 8V<br \/>\nFIAT &#8211; 1A PUNTO BZ. GAMMA &#8217;97 (1997-1999) CONDUCCION\u00a0A DERECHA \/ 1242 MPI 16V<br \/>\nFIAT &#8211; 1A PUNTO BZ. GAMMA &#8217;97 (1997-1999) CONDUCCION\u00a0A DERECHA \/ 1242 SPI \/ SELECTA<br \/>\nFIAT &#8211; 1A PUNTO BZ. GAMMA &#8217;97 (1997-1999) 1372 MPI TURBO<br \/>\nFIAT &#8211; PF PUNTO CABRIO (1994-1997) 1242 SPI CF2 \/ \u00abELX\u00bb CAMBIO AUTOMATICO<br \/>\nFIAT &#8211; PF PUNTO CABRIO (1994-1997) 1580 MPI<br \/>\nFIAT &#8211; 1C PUNTO CABRIO GAMMA&#8217;97 (1997-2000) CONDUCCION A\u00a0IZQUIERDA \/ \u00abS\u00bb \/ \u00abELX\u00bb<br \/>\nFIAT &#8211; 1C PUNTO CABRIO GAMMA&#8217;97 (1997-2000) CONDUCCION A\u00a0IZQUIERDA \/ ELX SELECTA TAIWAN<br \/>\nFIAT &#8211; 1C PUNTO CABRIO GAMMA&#8217;97 (1997-2000) CONDUCCION\u00a0A DERECHA<br \/>\nFIAT &#8211; NX PUNTO D-TD (1993-1997) 1697 T.DS EM.08 (70 CV) \/ 1697 T.DS USA&#8217;87-CEE FASE 2 (70 CV)<br \/>\nFIAT &#8211; NX PUNTO D-TD (1993-1997)<br \/>\nFIAT &#8211; NW PUNTO GT (1993-1997)<br \/>\nFIAT &#8211; 1B PUNTO TB.DS. GAMMA&#8217;97 (1997-1999)<br \/>\nFIAT &#8211; 2A SIENA EXTRA EUROPA (1997-2002) AIRE ACONDICIONADO \/ 1372 SPI CF2(PL) \/ 1372 SPI EM.04 \/ 1372 SPI CF2(TR-ET) \/ 1580 MPI TORQUE 16V CF2 \/ 1580 MPI 16V EM.04 R.L. \/ 1596 16V CF3<br \/>\nFIAT &#8211; 2A SIENA EXTRA EUROPA (1997-2002) 1697 DS EM.08 \/ AIRE ACONDICIONADO<br \/>\nFIAT &#8211; 2A SIENA EXTRA EUROPA (1997-2002) 1242 MPI EM.04 \/ 1242 MPI CF2 \/ 1242 MPI EM.04 \/ 1242 MPI CF3 \/ AIRE ACONDICIONADO<br \/>\nFIAT &#8211; 2A SIENA EXTRA EUROPA (1997-2002) CONDUCCION A\u00a0IZQUIERDA<br \/>\nFIAT &#8211; 2A SIENA EXTRA EUROPA (1997-2002) CONDUCCION\u00a0A DERECHA<br \/>\nFIAT &#8211; 2A SIENA EXTRA EUROPA (1997-2002)<br \/>\nFIAT &#8211; 2L SIENA EXTRA EUROPA REST.(2002-2012) 1596 16V CF3 \/ AIRE ACONDICIONADO<br \/>\nFIAT &#8211; 2L SIENA EXTRA EUROPA REST.(2002-2012) EL (PL) \/ HL (PL) \/ SL (TR) \/ EL (TR) \/ HL (TR) \/ HL SPEEDGEAR \/ MAXI EL (VN) \/ \u00abMAXI HL\u00bb (VN) \/ BASE &#8211; BASIC-D<br \/>\nFIAT &#8211; 2L SIENA EXTRA EUROPA REST.(2002-2012) EL (CN) \/ ELX (CN) \/ HL SPEEDGEAR (CN)<br \/>\nFIAT &#8211; 2L SIENA EXTRA EUROPA REST.(2002-2012) ELX (ET) \/ ELX SPEEDGEAR (ET) \/ HLX (ET)<br \/>\nFIAT &#8211; 2L SIENA EXTRA EUROPA REST.(2002-2012) EX (CN) MY 2004 CF2 \/ HL (CN) MY 2004 \/ HL SPEEDGEAR (CN) MY 2004 \/ HLX (CN) MY 2004 \/ HL AUTOMATIC TRANSMISSION (CN) MY 2004 C<br \/>\nFIAT &#8211; 2L SIENA EXTRA EUROPA REST.(2002-2012) BASE IRAN \/ FUNCIONAL IRAN<br \/>\nFIAT &#8211; MV TEMPRA 1370-1580 (1989-1993)<br \/>\nFIAT &#8211; MW TEMPRA 1750-2000 (1989-1993) S.W.SX-SLX<br \/>\nFIAT &#8211; MX TEMPRA DIESEL-TURBO D.(1989-1993)<br \/>\nFIAT &#8211; MX TEMPRA DIESEL-TURBO D. (1989-1993) SELF-LEVELING SUSPENSIONS<br \/>\nFIAT &#8211; MX TEMPRA DIESEL-TURBO D. (1989-1993) 1930 ASPIRATO<br \/>\nFIAT &#8211; NY TEMPRA MAQ.93 1370-1580 (&#8217;93-&#8217;96) SELF-LEVELING SUSPENSIONS<br \/>\nFIAT &#8211; NY TEMPRA MAQ.93 (&#8217;93-&#8217;96) 1580 SPI \u00abB\u00bb \/ 1580 SPI SELECTA \/ 1580 CARB. \/ 1580 MPI \u00abGM\u00bb \/ 1372 SPI MM \/ 1580 CARB. 91RON<br \/>\nFIAT &#8211; NZ TEMPRA MAQ.93 1750-2000 (&#8217;93-&#8217;96)<br \/>\nFIAT &#8211; NJ TEMPRA MQ.93 D-TD (1993-1996) 1930 TURBO \/ 1930 TURBO USA&#8217;87-CF2<br \/>\nFIAT &#8211; NJ TEMPRA MQ.93 D-TD (1993-1996) SELF-LEVELING SUSPENSIONS<br \/>\nFIAT &#8211; NJ TEMPRA MQ.93 D-TD (1993-1996) 1930 ASPIRATO<br \/>\nFIAT &#8211; ME TIPO 1100-1370-1580 (1987-1993) AIRE ACONDICIONADO<br \/>\nFIAT &#8211; NG TIPO 1750-2000 (1990-1993)<br \/>\nFIAT &#8211; MF TIPO DIESEL-T.DS. (1987-1993)<br \/>\nFIAT &#8211; NT TIPO MAQ.93 D-TD (1993-1995) 1930 TURBO \/ 1930 TURBO USA&#8217;87-CF2<br \/>\nFIAT &#8211; NS TIPO MQ.93 1370-1580 (1993-1995)<br \/>\nFIAT &#8211; NU TIPO MQ.93 1750-2000 (1993-1995) AIRE ACONDICIONADO<br \/>\nFIAT &#8211; MP TIPO SPORT 16V IE. (1988-1993)<br \/>\nFIAT &#8211; 1D UNO MONDO (1995-2010) EGIPTO \/ CHINA \/ RUSIA \/ 1000 CARB. \/ AIRE ACONDICIONADO<br \/>\nFIAT &#8211; 1D UNO MONDO (1995-2010) AIRE ACONDICIONADO \/ 1370 CARB.<br \/>\nFIAT &#8211; 1D UNO MONDO (1995-2010) 1697 DS EM08 \/ AIRE ACONDICIONADO<br \/>\nFIAT &#8211; MS UNO R\/89 1.1-1370-1.5 (1989-1995)<br \/>\nALFA ROMEO &#8211; R3 \u00abR.Z.\u00bb (1992-1993)<br \/>\nALFA ROMEO &#8211; M9 \u00abS.Z.\u00bb (1989-1991)<br \/>\nALFA ROMEO &#8211; U1 145 (1994-1996) 2.0 T.SPARK 16V \/ 2.0 T.SPARK 16V BR<br \/>\nALFA ROMEO &#8211; U1 145 (1994-1996) 1930 TB\/DS EM.08 \/ 1930 TB\/DS CEE FASE 2<br \/>\nALFA ROMEO &#8211; U1 145 (1994-1996) 1.3 8V \/ 1.6 8V \/ 1.7 16V<br \/>\nALFA ROMEO &#8211; T5 145 GAMMA 97 (1997-1999) AIRE ACONDICIONADO \/ 1400 T.S. \/ 1800 T.S(AR32201)STEP.A \/ 2000 T.S (AR32301)STEP.A \/ 1600 T.S. \/ 1800 T.S.(AR67106) \/ 2000 T.S.(AR67204)<br \/>\nALFA ROMEO &#8211; T5 145 GAMMA 97 (1997-1999) AIRE ACONDICIONADO \/ 2000 T.S.16V BRASIL \/ 1800 T.S.16V BRASIL<br \/>\nALFA ROMEO &#8211; T5 145 GAMMA 97 (1997-1999) 1930 T.DS. CEE FASE 2 \/ 1930 T.DS. EM08 ARGENTINA<br \/>\nALFA ROMEO &#8211; W3 145 M.Y. &#8217;99 (1999-2000) AIRE ACONDICIONADO \/ 1400 T.S.16V \/ 1600 T.S.16V (AR67601) \/ 1600 T.S. 16V (AR32102) \/ 1800 T.S.16V \/ 2000 T.S.16V<br \/>\nALFA ROMEO &#8211; W3 145 M.Y. &#8217;99 (1999-2000) ADDITIONAL HEATER AND AIR VENTS \/ 1910 JTD CF2<br \/>\nALFA ROMEO &#8211; U2 146 (1995-1996) 2.0 T.SPARK 16V<br \/>\nALFA ROMEO &#8211; U2 146 (1995-1996) 1930 T.DS EM 08 \/ 1930 T.DS CEE FASE 2<br \/>\nALFA ROMEO &#8211; T6 146 GAMMA 97 (1997-1999) AIRE ACONDICIONADO \/ 1400 T.S. 16V \/ 1600 T.S. 16V \/ 1800 T.S. 16V \/ 2000 T.S. 16V \/ 1800 T.S.16V STEP.A \/ 2000 T.S.16V STEP.A<br \/>\nALFA ROMEO &#8211; T6 146 GAMMA 97 (1997-1999) 1930 T.DS. CEE FASE 2 \/ 1930 T.DS. EM08 ARGENTINA<br \/>\nALFA ROMEO &#8211; W4 146 M.Y. &#8217;99 (1999-2000) AIRE ACONDICIONADO \/ 1400 T.S.16V \/ 1600 T.S.16V (AR67601) \/ 1600 T.S. 16V (AR32102) \/ 1800 T.S.16V \/ 2000 T.S.16V<br \/>\nALFA ROMEO &#8211; W4 146 M.Y. &#8217;99 (1999-2000) ADDITIONAL HEATER AND AIR VENTS \/ 1910 JTD CF2<br \/>\nALFA ROMEO &#8211; U5 155 ASPIRATO (1992-1996) 2.5 V6 \/ 2.5 V6 (MY.95)<br \/>\nALFA ROMEO &#8211; U5 155 ASPIRATO (1992-1996) 1.7 T.S. \/ 1.8 T.S. \/ 2.0 T.S. 8 VAL. \/ 2.0 T.S. 16V (MY 95) \/ 2.0 T.S. 16V MY 95 (BRASIL)<br \/>\nALFA ROMEO &#8211; T3 155 GAMMA 96 BZ (1996-1997) AIRE ACONDICIONADO \/ 1600 T.S. 16V \/ 1800 T.S. 16V \/ 2000 T.S. 16V \/ 2000 T.S. 16V BRASIL<br \/>\nALFA ROMEO &#8211; T3 155 GAMMA 96 BZ (1996-1997) 2500 V6<br \/>\nALFA ROMEO &#8211; T3 155 GAMMA 96 BZ (1996-1997)<br \/>\nALFA ROMEO &#8211; T4 155 GAMMA 96 DS (1996-1997) 1930 TD<br \/>\nALFA ROMEO &#8211; T4 155 GAMMA 96 DS (1996-1997) 2500 TD<br \/>\nALFA ROMEO &#8211; T4 155 GAMMA 96 DS (1996-1997)<br \/>\nALFA ROMEO &#8211; U6 155 TURBO (1992-1996) 1930 TD<br \/>\nALFA ROMEO &#8211; U6 155 TURBO (1992-1996) 2500 TD \/ 2.5 T.DS. CEE F2<br \/>\nALFA ROMEO &#8211; U6 155 TURBO BZ-DS (1992-1996) MEDIA \/ SUPER \/ DEPORTIVA<br \/>\nALFA ROMEO &#8211; U6 155 TURBO BZ-DS (1992-1996)<br \/>\nALFA ROMEO &#8211; T7 156 BENZINA (1997-2002) ELEVALUNAS EL\u00c9CTRICO TRASERO \/ LARGA\u00a0APERTURA\u00a0SUNROOF\u00a0EL\u00c9CTRICO \/ HEATED FRONT SEATS<br \/>\nALFA ROMEO &#8211; T8 156 TD.ID. (1997-2002) ADDITIONAL HEATER AND AIR VENTS<br \/>\nALFA ROMEO &#8211; T8 156 TD.ID. (1997-2002) ELEVALUNAS EL\u00c9CTRICO TRASERO \/ LARGA\u00a0APERTURA\u00a0SUNROOF\u00a0EL\u00c9CTRICO \/ HEATED FRONT SEATS<br \/>\nALFA ROMEO &#8211; K0 164 (1987-1992) AUTOMATIC HEATER<br \/>\nALFA ROMEO &#8211; W1 164 FL\/92 (1992-1997) 3000 6V 12VAL \/ 3000 6V Q.V. 24VAL \/ 3000 6V Q.V. 24VAL GD \/ 3000 6V 12VAL BR<br \/>\nALFA ROMEO &#8211; W1 164 FL\/92 (1992-1997) 2000 T.S. \/ 3000 6V 12VAL \/ 3000 6V Q.V. 24VAL \/ 3000 6V Q.V. 24VAL GD \/ 3000 6V 12VAL BR \/ 3000 6V Q4 24VAL \/ 3000 6V Q4 24VAL CEE F2<br \/>\nALFA ROMEO &#8211; W1 164 FL\/92 (1992-1997) AIRE ACONDICIONADO \/ 2500 TB\/DS \/ 2500 TB\/DS CEE F2<br \/>\nALFA ROMEO &#8211; W1 164 FL\/92 (1992-1997) 2500 TB\/DS \/ 2500 TB\/DS CEE F2<br \/>\nALFA ROMEO &#8211; W2 164 SUPER (1992-1997) 2000 TB V6<br \/>\nALFA ROMEO &#8211; W2 164 SUPER (1992-1997) 3000 V6 24V \/ 3000 V6 12V \/ 3000 V6 12V(CEE-F2) \/ 3000 V6 24V(CEE-F2) \/ 3000 V6 24V BR<br \/>\nALFA ROMEO &#8211; W2 164 SUPER (1992-1997) 2000 T.SPARK \/ 2000 TB V6 \/ 3000 V6 24V \/ 3000 V6 12V \/ 3000 V6 12V(CEE-F2) \/ 3000 V6 24V(CEE-F2) \/ 3000 V6 24V BR<br \/>\nALFA ROMEO &#8211; W2 164 SUPER (1992-1997) 3000 V6 24V 4X4(CEE-F2)<br \/>\nALFA ROMEO &#8211; W2 164 SUPER (1992-1997) AIRE ACONDICIONADO \/ 2500 TB\/DS \/ 2500 TB\/DS(CEE-F2)<br \/>\nALFA ROMEO &#8211; W2 164 SUPER (1992-1997) 2500 TB\/DS \/ 2500 TB\/DS(CEE-F2)<br \/>\nALFA ROMEO &#8211; K2 164 TURBO BZ. (1987-1992) AUTOMATIC HEATER<br \/>\nALFA ROMEO &#8211; K2 164 TURBO BZ. (1987-1992) 2.0 V6 \/ 2.0 V6 USA&#8217;83<br \/>\nALFA ROMEO &#8211; K2 164 TURBO BZ. (1987-1992)<br \/>\nALFA ROMEO &#8211; N0 164 U.S.A. MY.91\/93 (1990-1992)<br \/>\nALFA ROMEO &#8211; R4 164 USA MY.94-95 (1993-1995)<br \/>\nALFA ROMEO &#8211; W9 166 (1998-2007) SEDAN 98 \/ 2000 T.S. 16V CF2 \/ 2500 V6 24V \/ 3000 V6 24V \/ 3000 V6 24V C.A. (BRASIL)<br \/>\nALFA ROMEO &#8211; W9 166 (1998-2007) SEDAN 98 \/ 2000 T.S. 16V CF3 \/ 2500 V6 24V CF3 \/ 3000 V6 24V CF3 \/ 3000 V6 24V CF3 C.A. (BRASIL)<br \/>\nALFA ROMEO &#8211; W9 166 (1998-2007) 2000 T.S. 16V CF3 \/ FL 03 PROGRESSION \/ FL 03 DISTINCTIVE \/ FL 03 BASIS<br \/>\nALFA ROMEO &#8211; W9 166 (1998-2007) FL 03 DISTINCTIVE \/ 2500 V6 24V CF3 \/ 3000 V6 24V CF3 \/ 3000 V6 24V CF3 C.A. (BRASIL) \/ 3200 V6 24V<br \/>\nALFA ROMEO &#8211; W9 166 (1998-2007) 2000 T.S. 16V CF2 \/ 2000 T.S. 16V CF20 \/ 2000 T.S. 16V CF25 \/ 2000 T.S. 16V CF26 \/ SEDAN 98<br \/>\nALFA ROMEO &#8211; W9 166 (1998-2007) 2000 T.S. 16V CF3 \/ 2500 V6 24V CF3 \/ 3000 V6 24V CF3 \/ 3000 V6 24V CF3 C.A. (BRASIL) \/ SEDAN 98<br \/>\nALFA ROMEO &#8211; W9 166 (1998-2007) SEDAN 98<br \/>\nALFA ROMEO &#8211; W9 166 (1998-2007) FL 03 PROGRESSION \/ FL 03 DISTINCTIVE \/ FL 03 BASIS<br \/>\nALFA ROMEO &#8211; W9 166 (1998-2007) SEDAN 98 \/ 2000 T.S. 16V CF3 \/ 2500 V6 24V CF3 \/ 3000 V6 24V CF3 \/ 3000 V6 24V CF3 C.A. (BRASIL) \/ 2400\u00a0JTD\u00a0CF3\u00a0140\u00a0CV\/103KW<br \/>\nALFA ROMEO &#8211; W9 166 (1998-2007) SEDAN 98 \/ 2000 T.S. 16V CF3 \/ 2500 V6 24V CF3 \/ 3000 V6 24V CF3 \/ 3000 V6 24V CF3 C.A. (BRASIL) \/ 2400\u00a0JTD\u00a0CF3\u00a0140\u00a0CV\/103KW \/ 2400\u00a0JTD\u00a0CF3\u00a0150\u00a0CV\/110KW<br \/>\nALFA ROMEO &#8211; W9 166 (1998-2007) FL 03 PROGRESSION \/ 2000 T.S. 16V CF3 \/ 2500 V6 24V CF3 \/ 3000 V6 24V CF3 \/ 3000 V6 24V CF3 C.A. (BRASIL) \/ 3200 V6 24V<br \/>\nALFA ROMEO &#8211; W9 166 (1998-2007) FL 03 DISTINCTIVE \/ 2000 T.S. 16V CF3 \/ 2500 V6 24V CF3 \/ 3000 V6 24V CF3 \/ 3000 V6 24V CF3 C.A. (BRASIL) \/ 3200 V6 24V<br \/>\nALFA ROMEO &#8211; W9 166 (1998-2007) FL 03 BASIS \/ 2000 T.S. 16V CF3 \/ 2400\u00a0JTD\u00a0CF3\u00a0150\u00a0CV\/110KW<br \/>\nALFA ROMEO &#8211; W9 166 (1998-2007) FL 03 PROGRESSION \/ 2400\u00a0JTD\u00a0CF3\u00a0150\u00a0CV\/110KW \/ 2400 JTD 20V 175CV\/129KW  C.MEC. \/ 2400 JTD 20V 175CV \/129KW C.AUTOM. \/ 2400 JTD CF3 20V CM 163CV\/122KW MENOR POT. BE \/ 2400 JTD CF3 20V C.A.163CV\/122W MENOR POT. BE \/ 2400 JTD CF4 20V 180CV\/132KW<br \/>\nALFA ROMEO &#8211; W9 166 (1998-2007) FL 03 DISTINCTIVE \/ 2400\u00a0JTD\u00a0CF3\u00a0150\u00a0CV\/110KW \/ 2400 JTD 20V 175CV\/129KW  C.MEC. \/ 2400 JTD 20V 175CV \/129KW C.AUTOM. \/ 2400 JTD CF3 20V CM 163CV\/122KW MENOR POT. BE \/ 2400 JTD CF3 20V C.A.163CV\/122W MENOR POT. BE \/ 2400 JTD CF4 20V 180CV\/132KW<br \/>\nALFA ROMEO &#8211; U3 75 BZ 4 CILINDRI (1988-1992)<br \/>\nALFA ROMEO &#8211; U4 75 BZ 6 CILINDRI E TD (1988-1992)<br \/>\nALFA ROMEO &#8211; U8 G T V  (1995-1998) 2000 T.S. 16V<br \/>\nALFA ROMEO &#8211; U8 G T V  (1995-1998) 2000 TB V6<br \/>\nALFA ROMEO &#8211; U8 G T V  (1995-1998) 3000 V6 24V<br \/>\nALFA ROMEO &#8211; W0 GTV &#8217;98 (1998-2005) 1800 T.S.16V \/ 2000 T.S. CF2 \/ 2000 T.S. CF3 \/ 2000 JTS<br \/>\nALFA ROMEO &#8211; W0 GTV &#8217;98 (1998-2005) 2000 TB V6<br \/>\nALFA ROMEO &#8211; W0 GTV &#8217;98 (1998-2005) 3000 V6 24V \/ 3000 24V 6M CF3 \/ 3200 V6 24V<br \/>\nALFA ROMEO &#8211; W0 GTV &#8217;98 (1998-2005) CLIMATIZADOR\u00a0AUTOM\u00c1TICO \/ 1800 T.S.16V \/ 2000 T.S. CF2 \/ 2000 T.S. CF3 \/ 2000 JTS<br \/>\nALFA ROMEO &#8211; W0 GTV &#8217;98 (1998-2005) 2000 TB V6 \/ CLIMATIZADOR\u00a0AUTOM\u00c1TICO<br \/>\nALFA ROMEO &#8211; W0 GTV &#8217;98 (1998-2005) CLIMATIZADOR\u00a0AUTOM\u00c1TICO \/ 3000 V6 24V \/ 3000 24V 6M CF3 \/ 3200 V6 24V<br \/>\nALFA ROMEO &#8211; U7 NUOVO SPIDER (1995-1998) 2000 T.SPARK 16V<br \/>\nALFA ROMEO &#8211; U7 NUOVO SPIDER (1995-1998) 3000 V6 12V \/ 3000 V6 12V BRASILE<br \/>\nALFA ROMEO &#8211; U9 SPIDER &#8217;98 (1998-2006) 1800 T.S.16V \/ 2000 T.S. CF2 \/ 2000 T.S. CF3 \/ 2000 JTS<br \/>\nALFA ROMEO &#8211; U9 SPIDER &#8217;98 (1998-2006) 2000 TB V6<br \/>\nALFA ROMEO &#8211; U9 SPIDER &#8217;98 (1998-2006) 3000 V6 12V \/ 3000 V6 12V BRASIL<br \/>\nALFA ROMEO &#8211; U9 SPIDER &#8217;98 (1998-2006) 3000 24V 6M CF3 \/ 3200 V6 24V<br \/>\nALFA ROMEO &#8211; U9 SPIDER &#8217;98 (1998-2006) CLIMATIZADOR\u00a0AUTOM\u00c1TICO \/ 1800 T.S.16V \/ 2000 T.S. CF2 \/ 2000 T.S. CF3 \/ 2000 JTS<br \/>\nALFA ROMEO &#8211; U9 SPIDER &#8217;98 (1998-2006) 2000 TB V6 \/ CLIMATIZADOR\u00a0AUTOM\u00c1TICO<br \/>\nALFA ROMEO &#8211; U9 SPIDER &#8217;98 (1998-2006) CLIMATIZADOR\u00a0AUTOM\u00c1TICO \/ 3000 V6 12V \/ 3000 V6 12V BRASIL<br \/>\nALFA ROMEO &#8211; U9 SPIDER &#8217;98 (1998-2006) CLIMATIZADOR\u00a0AUTOM\u00c1TICO \/ 3000 24V 6M CF3 \/ 3200 V6 24V<br \/>\nLANCIA &#8211; RY DEDRA BENZINA (1989-1994) AIRE ACONDICIONADO \/ 1600 \/ 1600 USA&#8217;83 MONOJETRONIC \/ 1600 USA&#8217;83 MONOJMORONIC<br \/>\nLANCIA &#8211; RY DEDRA BENZINA (1989-1994) 1600 \/ 1600 USA&#8217;83 MONOJETRONIC \/ 1600 USA&#8217;83 MONOJMORONIC<br \/>\nLANCIA &#8211; RY DEDRA BENZINA (1989-1994) 1800 \/ 1800 USA&#8217;83 105CV (77KW) \/ 2000 \/ 2000 USA&#8217;83 \/ 1800 CC.(USA 83) 90CV (66KW)<br \/>\nLANCIA &#8211; SL DEDRA FL.94 (1994-1999) 1580 MPI 8V \/ 1580 SPI \/ 1580 MPI 16V<br \/>\nLANCIA &#8211; SL DEDRA FL.94 (1994-1999) 1580 SPI<br \/>\nLANCIA &#8211; SL DEDRA FL.94 (1994-1999) 1750 MPI \/ 2000 MPI C. AUT.<br \/>\nLANCIA &#8211; SL DEDRA FL.94 (1994-1999) 1750 16V CEE F2 115CV<br \/>\nLANCIA &#8211; SM DEDRA FL.94 (1994-1999) 2000 16V<br \/>\nLANCIA &#8211; SM DEDRA FL.94 (1994-1999) 1750 16V 132CV<br \/>\nLANCIA &#8211; SN DEDRA FL.94 T.DS (1994-1999)<br \/>\nLANCIA &#8211; RJ DEDRA IE.TB.INTEGRALE (1990-1994)<br \/>\nLANCIA &#8211; SS KAPPA  3.0 V6 (1994-2001)<br \/>\nLANCIA &#8211; SV KAPPA  COUPE&#8217; (1997-2001)<br \/>\nLANCIA &#8211; SP KAPPA BZ 2000-2400 (1994-2001)<br \/>\nLANCIA &#8211; SR KAPPA DIESEL (1994-2001)<br \/>\nLANCIA &#8211; SF N.DELTA (1993-1999) 1750 105CV (77KW) \/ 1750 90CV (66KW) \/ 1750 CEE F2 97CV (71KW) \/ 1750 CEE F2 90CV (66KW)<br \/>\nLANCIA &#8211; SF N.DELTA (1993-1999) 1580 CEE F2 16V 103CV \/ 1580 CEE F2 16V 90CV<br \/>\nLANCIA &#8211; SF N.DELTA (1993-1999) 1750 CEE F2 16V 115CV<br \/>\nLANCIA &#8211; SG N.DELTA (&#8217;93-&#8217;99) 2000 16V ASP.<br \/>\nLANCIA &#8211; SG N.DELTA (&#8217;93-&#8217;99) 2000 16V TB USA 83 \/ 2000 16V TB CEE F2<br \/>\nLANCIA &#8211; SG N.DELTA (&#8217;93-&#8217;99) 1750 16V 132CV<br \/>\nLANCIA &#8211; SQ N.DELTA TB\/DS (1994-1999)<br \/>\nLANCIA &#8211; SD THEMA 3.0 V6 FL.92 (1992-1994)<br \/>\nLANCIA &#8211; SZ THEMA BZ\/DS R.88 (1988-1992) AIRE ACONDICIONADO \/ (2000 16V EM.04 \/ 2000 16V USA\/83 \/ 2000 TB 16V EM.04 \/ 2000 TB 16V USA\/83)<br \/>\nLANCIA &#8211; SZ THEMA BZ\/DS R.88 (1988-1992) AIRE ACONDICIONADO \/ ARMOURED VEHICLE \/ ARABIA SAUDITA \/ 2850 6V<br \/>\nLANCIA &#8211; SB THEMA IE. 16V FL.92 (1992-1994) 2000 ASPIRADO 16V<br \/>\nFIAT PROFESSIONAL &#8211; PD DUCATO &#8217;94 BENZINA (1994-2002) AIRE ACONDICIONADO<br \/>\nFIAT PROFESSIONAL &#8211; PE DUCATO&#8217;94 DIESEL (1994-2002) AIRE ACONDICIONADO \/ BRASIL \/ 1930 DS \/ 2500 DS \/ 2800 ASP. \/ 1905 W3<br \/>\nFIAT PROFESSIONAL &#8211; PE DUCATO&#8217;94 DIESEL (1994-2002) TROPICO LIGERO \/ 1930 DS \/ 2500 DS \/ 2800 ASP. \/ 1905 W3<br \/>\nFIAT PROFESSIONAL &#8211; PE DUCATO&#8217;94 DIESEL (1994-2002) AIRE ACONDICIONADO \/ 2800 JTD \/ 2800 JTD EGR<br \/>\nFIAT PROFESSIONAL &#8211; PE DUCATO&#8217;94 DIESEL (1994-2002) AIRE ACONDICIONADO \/ 2000 JTD EGR<br \/>\nFIAT PROFESSIONAL &#8211; PE DUCATO&#8217;94 DIESEL (1994-2002) AIRE ACONDICIONADO \/ BRASIL \/ 1930 TD \/ 1930 TD CAT \/ 2500 TD \/ 2500 TD EGR \/ 2500 TD ECO \/ 2800 TD \/ 2800 TD EGR \/ 1905 TD W3<br \/>\nFIAT PROFESSIONAL &#8211; PE DUCATO&#8217;94 DIESEL (1994-2002) TROPICO LIGERO \/ 1930 TD \/ 1930 TD CAT \/ 2500 TD \/ 2500 TD EGR \/ 2500 TD ECO \/ 2800 TD \/ 2800 TD EGR \/ 1905 TD W3<br \/>\nFIAT PROFESSIONAL &#8211; PE DUCATO&#8217;94 DIESEL (1994-2002) 2800 ASP.<br \/>\nFIAT PROFESSIONAL &#8211; 2N FIORINO RL (1993-2000) 1697 TB\/DS<br \/>\nFIAT PROFESSIONAL &#8211; 1G STRADA (1999-2005) AIRE ACONDICIONADO \/ 1242 CF3 \/ 1242 CF2 \/ TREKKING ANTERIOR AL  F.L.<br \/>\nFIAT PROFESSIONAL &#8211; 1G STRADA (1999-2005) 1697 TDS \/ AIRE ACONDICIONADO<br \/>\nFIAT PROFESSIONAL &#8211; 1G STRADA (1999-2005) 1.9 DS CF3 \/ AIRE ACONDICIONADO<br \/>\nFIAT PROFESSIONAL &#8211; 1G STRADA (1999-2005) TREKKING-SIRIA<br \/>\nFIAT PROFESSIONAL &#8211; 1G STRADA (1999-2005) TREKKING ANTERIOR AL  F.L.<br \/>\nFIAT PROFESSIONAL &#8211; 1G STRADA (1999-2005) TREKKING-SIRIA \/ TREKKING F.L.SYRIA<\/p>\n<p>LA PIEZA ES NUEVA Y ORIGINAL.<\/p>\n","protected":false},"excerpt":{"rendered":"<p>Rel\u00e9 multifunci\u00f3n de 50 Amperios y 12 Voltios del electroventilador, elevalunas el\u00e9ctrico, cierre centralizado, techo solar, etc&#8230; FIAT &#8211; 1V BRAVA (1995-1998) AIRE ACONDICIONADO \/ 1800 MPI 16V \/ 1930 DS EM 08 FIAT &#8211; 1V BRAVA (1995-1998) 1580 MPI 16V 103CV \/ 1580 MPI 16V 90CV \/ 1580 MPI 16V EM 04 FIAT &#8211; [&hellip;]<\/p>\n","protected":false},"featured_media":63074,"template":"","meta":{"_seopress_robots_primary_cat":"","_seopress_titles_title":"","_seopress_titles_desc":"","_seopress_robots_index":""},"product_cat":[45,46,48,49,54,57,58,16,81,82,85,86,117,118,88,20,91,55,119,21,95,98,101,107,56,109,111,124,112,114],"product_tag":[],"class_list":{"0":"post-63073","1":"product","2":"type-product","3":"status-publish","4":"has-post-thumbnail","6":"product_cat-recambios-alfa-romeo-145","7":"product_cat-recambios-alfa-romeo-146","8":"product_cat-recambios-alfa-romeo-155","9":"product_cat-recambios-alfa-romeo-156","10":"product_cat-recambios-alfa-romeo-164","11":"product_cat-recambios-alfa-romeo-166","12":"product_cat-recambios-alfa-romeo-75","13":"product_cat-recambios-alfa-romeo","14":"product_cat-recambios-fiat-brava","15":"product_cat-recambios-fiat-bravo","16":"product_cat-recambios-fiat-coupe","17":"product_cat-recambios-fiat-croma","18":"product_cat-recambios-lancia-dedra","19":"product_cat-recambios-lancia-delta","20":"product_cat-recambios-fiat-ducato","21":"product_cat-recambios-fiat","22":"product_cat-recambios-fiat-fiorino","23":"product_cat-recambios-alfa-romeo-gtv","24":"product_cat-recambios-lancia-kappa","25":"product_cat-recambios-lancia","26":"product_cat-recambios-fiat-marea","27":"product_cat-recambios-fiat-palio","28":"product_cat-recambios-fiat-punto","29":"product_cat-recambios-fiat-siena","30":"product_cat-recambios-alfa-romeo-spider","31":"product_cat-recambios-fiat-strada","32":"product_cat-recambios-fiat-tempra","33":"product_cat-recambios-lancia-thema","34":"product_cat-recambios-fiat-tipo","35":"product_cat-recambios-fiat-uno","37":"first","38":"outofstock","39":"taxable","40":"shipping-taxable","41":"purchasable","42":"product-type-simple"},"_links":{"self":[{"href":"https:\/\/galicianparts.com\/shop\/wp-json\/wp\/v2\/product\/63073"}],"collection":[{"href":"https:\/\/galicianparts.com\/shop\/wp-json\/wp\/v2\/product"}],"about":[{"href":"https:\/\/galicianparts.com\/shop\/wp-json\/wp\/v2\/types\/product"}],"wp:featuredmedia":[{"embeddable":true,"href":"https:\/\/galicianparts.com\/shop\/wp-json\/wp\/v2\/media\/63074"}],"wp:attachment":[{"href":"https:\/\/galicianparts.com\/shop\/wp-json\/wp\/v2\/media?parent=63073"}],"wp:term":[{"taxonomy":"product_cat","embeddable":true,"href":"https:\/\/galicianparts.com\/shop\/wp-json\/wp\/v2\/product_cat?post=63073"},{"taxonomy":"product_tag","embeddable":true,"href":"https:\/\/galicianparts.com\/shop\/wp-json\/wp\/v2\/product_tag?post=63073"}],"curies":[{"name":"wp","href":"https:\/\/api.w.org\/{rel}","templated":true}]}}