{"id":63095,"date":"2022-11-17T14:22:04","date_gmt":"2022-11-17T12:22:04","guid":{"rendered":"https:\/\/galicianparts.com\/shop\/producto\/46722588-grifo-calefaccion-fiat-seicento-elettra-1998-2003-nuevo-original\/"},"modified":"2022-12-28T17:33:40","modified_gmt":"2022-12-28T15:33:40","slug":"46722588-grifo-calefaccion-fiat-seicento-elettra-1998-2003-nuevo-original","status":"publish","type":"product","link":"https:\/\/galicianparts.com\/shop\/producto\/46722588-grifo-calefaccion-fiat-seicento-elettra-1998-2003-nuevo-original\/","title":{"rendered":"46722588 Grifo calefacci\u00f3n Fiat Seicento Elettra (1998-2003) NUEVO ORIGINAL"},"content":{"rendered":"<p>V\u00e1lvula del radiador de la calefacci\u00f3n de:<br \/>\nFIAT &#8211; 1H SEICENTO ELETTRA (1998-2003)<\/p>\n<p>LA PIEZA ES NUEVA Y ORIGINAL.<\/p>\n","protected":false},"excerpt":{"rendered":"<p>V\u00e1lvula del radiador de la calefacci\u00f3n de: FIAT &#8211; 1H SEICENTO ELETTRA (1998-2003) LA PIEZA ES NUEVA Y ORIGINAL.<\/p>\n","protected":false},"featured_media":63101,"template":"","meta":{"_seopress_robots_primary_cat":"","_seopress_titles_title":"","_seopress_titles_desc":"","_seopress_robots_index":""},"product_cat":[20,106],"product_tag":[],"class_list":{"0":"post-63095","1":"product","2":"type-product","3":"status-publish","4":"has-post-thumbnail","6":"product_cat-recambios-fiat","7":"product_cat-recambios-fiat-seicento","9":"first","10":"outofstock","11":"taxable","12":"shipping-taxable","13":"purchasable","14":"product-type-simple"},"_links":{"self":[{"href":"https:\/\/galicianparts.com\/shop\/wp-json\/wp\/v2\/product\/63095"}],"collection":[{"href":"https:\/\/galicianparts.com\/shop\/wp-json\/wp\/v2\/product"}],"about":[{"href":"https:\/\/galicianparts.com\/shop\/wp-json\/wp\/v2\/types\/product"}],"wp:featuredmedia":[{"embeddable":true,"href":"https:\/\/galicianparts.com\/shop\/wp-json\/wp\/v2\/media\/63101"}],"wp:attachment":[{"href":"https:\/\/galicianparts.com\/shop\/wp-json\/wp\/v2\/media?parent=63095"}],"wp:term":[{"taxonomy":"product_cat","embeddable":true,"href":"https:\/\/galicianparts.com\/shop\/wp-json\/wp\/v2\/product_cat?post=63095"},{"taxonomy":"product_tag","embeddable":true,"href":"https:\/\/galicianparts.com\/shop\/wp-json\/wp\/v2\/product_tag?post=63095"}],"curies":[{"name":"wp","href":"https:\/\/api.w.org\/{rel}","templated":true}]}}