{"id":6312,"date":"2020-10-09T09:56:15","date_gmt":"2020-10-09T07:56:15","guid":{"rendered":"https:\/\/galicianparts.com\/shop\/producto\/5933433-electrovalvula-presion-aire-fiat-croma-lancia-thema-nueva-original\/"},"modified":"2023-12-15T12:27:21","modified_gmt":"2023-12-15T10:27:21","slug":"5933433-electrovalvula-presion-aire-fiat-croma-lancia-thema-nueva-original","status":"publish","type":"product","link":"https:\/\/galicianparts.com\/shop\/producto\/5933433-electrovalvula-presion-aire-fiat-croma-lancia-thema-nueva-original\/","title":{"rendered":"5933433 Electrov\u00e1lvula presi\u00f3n aire M2.0 8V Lancia Thema \/Fiat Croma NUEVA ORIGINAL"},"content":{"rendered":"<p>Electrov\u00e1lvula de presi\u00f3n de la admisi\u00f3n de aire de:<br \/>\nFIAT &#8211; MY CROMA IE-IE TB. FL.90 (1990-1996) 2000 8V TURBO EM.04 \/ AIRE ACONDICIONADO<br \/>\nLANCIA &#8211; SZ THEMA R.88 (1988-1992) AIRE ACONDICIONADO \/ 2000 8V EM.04 \/ 2000 8V USA\/83 \/ 2000 TB 8V USA\/83<\/p>\n<p>LA PIEZA ES NUEVA Y ORIGINAL.<\/p>\n","protected":false},"excerpt":{"rendered":"<p>Electrov\u00e1lvula de presi\u00f3n de la admisi\u00f3n de aire de: FIAT &#8211; MY CROMA IE-IE TB. FL.90 (1990-1996) 2000 8V TURBO EM.04 \/ AIRE ACONDICIONADO LANCIA &#8211; SZ THEMA R.88 (1988-1992) AIRE ACONDICIONADO \/ 2000 8V EM.04 \/ 2000 8V USA\/83 \/ 2000 TB 8V USA\/83 LA PIEZA ES NUEVA Y ORIGINAL.<\/p>\n","protected":false},"featured_media":81258,"template":"","meta":{"_seopress_robots_primary_cat":"","_seopress_titles_title":"","_seopress_titles_desc":"","_seopress_robots_index":""},"product_cat":[86,20,21,124],"product_tag":[],"class_list":{"0":"post-6312","1":"product","2":"type-product","3":"status-publish","4":"has-post-thumbnail","6":"product_cat-recambios-fiat-croma","7":"product_cat-recambios-fiat","8":"product_cat-recambios-lancia","9":"product_cat-recambios-lancia-thema","11":"first","12":"instock","13":"taxable","14":"shipping-taxable","15":"purchasable","16":"product-type-simple"},"_links":{"self":[{"href":"https:\/\/galicianparts.com\/shop\/wp-json\/wp\/v2\/product\/6312"}],"collection":[{"href":"https:\/\/galicianparts.com\/shop\/wp-json\/wp\/v2\/product"}],"about":[{"href":"https:\/\/galicianparts.com\/shop\/wp-json\/wp\/v2\/types\/product"}],"wp:featuredmedia":[{"embeddable":true,"href":"https:\/\/galicianparts.com\/shop\/wp-json\/wp\/v2\/media\/81258"}],"wp:attachment":[{"href":"https:\/\/galicianparts.com\/shop\/wp-json\/wp\/v2\/media?parent=6312"}],"wp:term":[{"taxonomy":"product_cat","embeddable":true,"href":"https:\/\/galicianparts.com\/shop\/wp-json\/wp\/v2\/product_cat?post=6312"},{"taxonomy":"product_tag","embeddable":true,"href":"https:\/\/galicianparts.com\/shop\/wp-json\/wp\/v2\/product_tag?post=6312"}],"curies":[{"name":"wp","href":"https:\/\/api.w.org\/{rel}","templated":true}]}}