{"id":63165,"date":"2022-11-18T11:25:55","date_gmt":"2022-11-18T09:25:55","guid":{"rendered":"https:\/\/galicianparts.com\/shop\/producto\/7542416-cable-embrague-l-620mm-fiat-ritmo-regata-nuevo-original\/"},"modified":"2025-03-22T15:32:25","modified_gmt":"2025-03-22T13:32:25","slug":"7542416-cable-embrague-l-620mm-fiat-ritmo-regata-nuevo-original","status":"publish","type":"product","link":"https:\/\/galicianparts.com\/shop\/producto\/7542416-cable-embrague-l-620mm-fiat-ritmo-regata-nuevo-original\/","title":{"rendered":"7542416 Cable embrague L 620mm Fiat Ritmo \/Regata NUEVO ORIGINAL"},"content":{"rendered":"<p>7556324 Cable del embrague de:<br \/>\nLargo: 620mm<\/p>\n<p>FIAT Regata Berlina (138)<br \/>\n1.5 85, A\u00f1o 05.1985 &#8211; 12.1987, 1498 , 79<br \/>\n1.6 i.e. 90, A\u00f1o 01.1987 &#8211; 07.1989, 1595 , 90<br \/>\nFIAT Regata Weekend<br \/>\n1.6 i.e. 90, A\u00f1o 01.1987 &#8211; 07.1989, 1595 , 90<br \/>\nFIAT Ritmo I Cabrio<br \/>\n1.6 100, A\u00f1o 10.1985 &#8211; 12.1987, 1585 , 100<br \/>\n1.6 100, A\u00f1o 10.1985 &#8211; 12.1987, 1585 , 105<br \/>\n1.3 50, A\u00f1o 10.1985 &#8211; 12.1987, 1302 , 68<br \/>\nFIAT Ritmo I Hatchback (138)<br \/>\n1.1 60, A\u00f1o 10.1982 &#8211; 12.1987, 1116 , 55<br \/>\n1.1 60, A\u00f1o 04.1985 &#8211; 12.1987, 1116 , 58<br \/>\n1.1, A\u00f1o 08.1980 &#8211; 08.1988, 1116 , 60<br \/>\n1.3 65, A\u00f1o 01.1978 &#8211; 08.1985, 1301 , 65<br \/>\n1.3 70, A\u00f1o 01.1983 &#8211; 04.1985, 1301 , 68<br \/>\n1.3 75, A\u00f1o 01.1981 &#8211; 09.1982, 1301 , 75<br \/>\n1.5 75, A\u00f1o 01.1978 &#8211; 12.1988, 1498 , 75<br \/>\n1.5 85, A\u00f1o 08.1985 &#8211; 05.1987, 1498 , 79<br \/>\n1.5 85, A\u00f1o 01.1983 &#8211; 12.1987, 1498 , 82<br \/>\n1.5 85, A\u00f1o 01.1981 &#8211; 05.1987, 1498 , 85<br \/>\n1.6, A\u00f1o 12.1985 &#8211; 12.1987, 1585 , 90<br \/>\n1.6 100, A\u00f1o 01.1983 &#8211; 12.1987, 1585 , 100<br \/>\n1.6 Sport 105, A\u00f1o 05.1981 &#8211; 12.1987, 1585 , 105<br \/>\nABARTH Ritmo (138A_)<br \/>\n2.0 TC Abarth 125, A\u00f1o 11.1981 &#8211; 12.1987, 1995 , 125<br \/>\n2.0 TC Abarth 130, A\u00f1o 04.1983 &#8211; 12.1987, 1995 , 130<\/p>\n<p>LA PIEZA ES NUEVA Y ORIGINAL.<\/p>\n","protected":false},"excerpt":{"rendered":"<p>7556324 Cable del embrague de: Largo: 620mm FIAT Regata Berlina (138) 1.5 85, A\u00f1o 05.1985 &#8211; 12.1987, 1498 , 79 1.6 i.e. 90, A\u00f1o 01.1987 &#8211; 07.1989, 1595 , 90 FIAT Regata Weekend 1.6 i.e. 90, A\u00f1o 01.1987 &#8211; 07.1989, 1595 , 90 FIAT Ritmo I Cabrio 1.6 100, A\u00f1o 10.1985 &#8211; 12.1987, 1585 , [&hellip;]<\/p>\n","protected":false},"featured_media":63166,"template":"","meta":{"_seopress_robots_primary_cat":"","_seopress_titles_title":"","_seopress_titles_desc":"","_seopress_robots_index":""},"product_cat":[20,102,103],"product_tag":[],"class_list":{"0":"post-63165","1":"product","2":"type-product","3":"status-publish","4":"has-post-thumbnail","6":"product_cat-recambios-fiat","7":"product_cat-recambios-fiat-regata","8":"product_cat-recambios-fiat-ritmo","10":"first","11":"outofstock","12":"taxable","13":"shipping-taxable","14":"purchasable","15":"product-type-simple"},"_links":{"self":[{"href":"https:\/\/galicianparts.com\/shop\/wp-json\/wp\/v2\/product\/63165"}],"collection":[{"href":"https:\/\/galicianparts.com\/shop\/wp-json\/wp\/v2\/product"}],"about":[{"href":"https:\/\/galicianparts.com\/shop\/wp-json\/wp\/v2\/types\/product"}],"wp:featuredmedia":[{"embeddable":true,"href":"https:\/\/galicianparts.com\/shop\/wp-json\/wp\/v2\/media\/63166"}],"wp:attachment":[{"href":"https:\/\/galicianparts.com\/shop\/wp-json\/wp\/v2\/media?parent=63165"}],"wp:term":[{"taxonomy":"product_cat","embeddable":true,"href":"https:\/\/galicianparts.com\/shop\/wp-json\/wp\/v2\/product_cat?post=63165"},{"taxonomy":"product_tag","embeddable":true,"href":"https:\/\/galicianparts.com\/shop\/wp-json\/wp\/v2\/product_tag?post=63165"}],"curies":[{"name":"wp","href":"https:\/\/api.w.org\/{rel}","templated":true}]}}