{"id":63206,"date":"2022-11-21T12:48:28","date_gmt":"2022-11-21T10:48:28","guid":{"rendered":"https:\/\/galicianparts.com\/shop\/producto\/7628544-cable-embrague-l-647mm-fiat-uno-1-7-diesel-1986-1993-nuevo-original\/"},"modified":"2025-04-22T20:54:47","modified_gmt":"2025-04-22T18:54:47","slug":"7628544-cable-embrague-l-647mm-fiat-uno-1-7-diesel-1986-1993-nuevo-original","status":"publish","type":"product","link":"https:\/\/galicianparts.com\/shop\/producto\/7628544-cable-embrague-l-647mm-fiat-uno-1-7-diesel-1986-1993-nuevo-original\/","title":{"rendered":"7628544 Cable embrague L 647mm Fiat Uno 1.7 Diesel (1986-1993) NUEVO ORIGINAL"},"content":{"rendered":"<p>Cable del embrague de:<br \/>\nFIAT Uno (146)<br \/>\n1.7 Di\u00e9sel 60, A\u00f1o 09.1989 &#8211; 12.1993, 1698 , 57<br \/>\n1.7 Di\u00e9sel 60, A\u00f1o 07.1986 &#8211; 08.1989, 1698 , 60<\/p>\n<p>LA PIEZA ES NUEVA Y ORIGINAL.<\/p>\n","protected":false},"excerpt":{"rendered":"<p>Cable del embrague de: FIAT Uno (146) 1.7 Di\u00e9sel 60, A\u00f1o 09.1989 &#8211; 12.1993, 1698 , 57 1.7 Di\u00e9sel 60, A\u00f1o 07.1986 &#8211; 08.1989, 1698 , 60 LA PIEZA ES NUEVA Y ORIGINAL.<\/p>\n","protected":false},"featured_media":94125,"template":"","meta":{"_seopress_robots_primary_cat":"","_seopress_titles_title":"","_seopress_titles_desc":"","_seopress_robots_index":""},"product_cat":[20,114],"product_tag":[],"class_list":{"0":"post-63206","1":"product","2":"type-product","3":"status-publish","4":"has-post-thumbnail","6":"product_cat-recambios-fiat","7":"product_cat-recambios-fiat-uno","9":"first","10":"outofstock","11":"taxable","12":"shipping-taxable","13":"purchasable","14":"product-type-simple"},"_links":{"self":[{"href":"https:\/\/galicianparts.com\/shop\/wp-json\/wp\/v2\/product\/63206"}],"collection":[{"href":"https:\/\/galicianparts.com\/shop\/wp-json\/wp\/v2\/product"}],"about":[{"href":"https:\/\/galicianparts.com\/shop\/wp-json\/wp\/v2\/types\/product"}],"wp:featuredmedia":[{"embeddable":true,"href":"https:\/\/galicianparts.com\/shop\/wp-json\/wp\/v2\/media\/94125"}],"wp:attachment":[{"href":"https:\/\/galicianparts.com\/shop\/wp-json\/wp\/v2\/media?parent=63206"}],"wp:term":[{"taxonomy":"product_cat","embeddable":true,"href":"https:\/\/galicianparts.com\/shop\/wp-json\/wp\/v2\/product_cat?post=63206"},{"taxonomy":"product_tag","embeddable":true,"href":"https:\/\/galicianparts.com\/shop\/wp-json\/wp\/v2\/product_tag?post=63206"}],"curies":[{"name":"wp","href":"https:\/\/api.w.org\/{rel}","templated":true}]}}