{"id":63480,"date":"2022-11-23T13:52:03","date_gmt":"2022-11-23T11:52:03","guid":{"rendered":"https:\/\/galicianparts.com\/shop\/producto\/55181230-polea-inferior-correa-auxiliar-fiat-punto-panda-stilo-lancia-y-alfa-mito-original\/"},"modified":"2022-11-23T13:55:03","modified_gmt":"2022-11-23T11:55:03","slug":"55181230-polea-inferior-correa-auxiliar-fiat-punto-panda-stilo-lancia-y-alfa-mito-original","status":"publish","type":"product","link":"https:\/\/galicianparts.com\/shop\/producto\/55181230-polea-inferior-correa-auxiliar-fiat-punto-panda-stilo-lancia-y-alfa-mito-original\/","title":{"rendered":"55181230 Polea inferior correa auxiliar Fiat Punto \/Panda \/Stilo \/Lancia Y \/Alfa Mito ORIGINAL"},"content":{"rendered":"<p>Dumper, polea del cig\u00fce\u00f1al de la correa de instrumentos de:<br \/>\nDi\u00e1metro: 140 mm<br \/>\nAltura: 36,6 mm<\/p>\n<p>FIAT &#8211; 83 500 MY2012 (2012-&#8230;.) BENZINA \/ 1242 GS &#8211; 1248 DS. \/ 1368 GASOLINA \/ CLIMATIZADOR 1 \/ CLIMATIZADOR 2<br \/>\nFIAT &#8211; 73 500L (2012-&#8230;.) 1.4 MPI 95CV ECOF6 &#8211; 1.3 SDE 95CV ECOF6 \/ 1370 \/ BENZINA \/ CLIMATIZADOR 1 \/ CLIMATIZADOR 2<br \/>\nFIAT &#8211; 2Y GRANDE PUNTO (2005-2008) 1.2\u00a0MPI\u00a08V\u00a0CF4 \/ 1.4\u00a0MPI\u00a08V\u00a0CF4 \/ 1.4\u00a0MPI\u00a016V\u00a0CF4\u00a0PDA \/ 1400\u00a08V\u00a0GPL \/ AIRE ACONDICIONADO \/ CLIMATIZADOR\u00a0AUTOM\u00c1TICO<br \/>\nFIAT &#8211; 4C GRANDE PUNTO (2008-2009) ASPIRADO \/ GASOLINA \/ 1100-1199 \/ 1370 \/ CLIMATIZADOR 1 \/ CLIMATIZADOR 2 \/ ALIMENTACI\u00d3N GLP (EST\u00c1NDAR ITALIA)<br \/>\nFIAT &#8211; 3X GRANDE PUNTO ACTUAL (2009-2013)  \/ 1100-1199 \/ 1370<br \/>\nFIAT &#8211; 2S IDEA (2003-2008)  1400 16V MPI CF4 95CV\/80KW \/ 1400\u00a016V\u00a0MPI\u00a0CF4\u00a090CV\/66KW<br \/>\nFIAT &#8211; 2S IDEA (2003-2008)  1400\u00a08V\u00a0MPI\u00a0CF4\u00a077CV\/57KW<br \/>\nFIAT &#8211; 4D IDEA (2008-2012) 1300-1399CC \/ 16 V\u00c1LVULAS \/ CLIMATIZADOR 1 \/ CLIMATIZADOR 2<br \/>\nFIAT &#8211; 4D IDEA (2008-2012) 1300-1399CC \/ 8 V\u00c1LVULAS \/ CLIMATIZADOR 1 \/ CLIMATIZADOR 2<br \/>\nFIAT &#8211; 3P NUOVA 500 (2007-2012) GASOLINA \/ 1242-1248 \/ 1368 GASOLINA \/ CLIMATIZADOR 1 \/ CLIMATIZADOR 2<br \/>\nFIAT &#8211; 3L NUOVA BRAVO (2007-2009) ASPIRADO \/ 1370  ASP.GS.-1.4 TB.GS. \/ CLIMATIZADOR 1 \/ CLIMATIZADOR 2<br \/>\nFIAT &#8211; 3Y NUOVA BRAVO MY 2010 (2010-2014) 1368 \/ CLIMATIZADOR 1 \/ CLIMATIZADOR 2<br \/>\nFIAT &#8211; 33 NUOVA PANDA (2012-&#8230;.) GASOLINA \/ CLIMATIZADOR 1 \/ CLIMATIZADOR 2<br \/>\nFIAT &#8211; 51 NUOVA PUNTO MY2012 (2012-2013) 1242 \/ 8 V\u00c1LVULAS \/ CLIMATIZADOR 1 \/ CLIMATIZADOR 2<br \/>\nFIAT &#8211; 51 NUOVA PUNTO MY2012 (2012-2013) GASOLINA Y SIN ESTABLECIMIENTO DE TRANSFORMACI\u00d3N GLP \/ 8 V\u00c1LVULAS \/ CLIMATIZADOR 1 \/ CLIMATIZADOR 2<br \/>\nFIAT &#8211; 2H PALIO 2V EXTRA EUROPA REST. 2002 (2002-2011) 1000\u00a08V<br \/>\nFIAT &#8211; 3D PALIO 2V REST.2 (2005-2011) 1400 8V 80CV<br \/>\nFIAT &#8211; 71 PANDA CLASSIC (2012-2012)  \/ LIM.CEE FASE 5 \/ CLIMATIZADOR 1 \/ CLIMATIZADOR 2<br \/>\nFIAT &#8211; 3U PANDA MY 2009 (2009-2010) CLIMATIZADOR 2 \/ GASOLINA \/ LIM.CEE FASE 5 \/<br \/>\nFIAT &#8211; 0X PANDA MY 2011 (2010-2011) \/ LIM.CEE FASE 5 \/ CLIMATIZADOR 1 \/ CLIMATIZADOR 2<br \/>\nFIAT &#8211; 1N PUNTO BZ (1999-2003) 1.2 8V CF3 (OPT.229)<br \/>\nFIAT &#8211; 3J PUNTO EVO (2009-2011) 1.2 \/ 8 V\u00c1LVULAS \/ CLIMATIZADOR 1 \/ CLIMATIZADOR 2<br \/>\nFIAT &#8211; 3J PUNTO EVO (2009-2011) GASOLINA \/ ESTABLECIMIENTO DE TRANSFORMACI\u00d3N GLP) \/ 8 V\u00c1LVULAS \/ CLIMATIZADOR 1 \/ CLIMATIZADOR 2<br \/>\nFIAT &#8211; 2U PUNTO FL.&#8217;03 (2003-2010) 1.2\u00a08V\u00a0(OPC.229)<br \/>\nFIAT &#8211; 2U PUNTO FL.&#8217;03 (2003-2010) 1400\u00a016V\u00a0CF4<br \/>\nFIAT &#8211; 6U PUNTO MY 2013 (2013-&#8230;.) 1242 \/ 8 V\u00c1LVULAS \/ CLIMATIZADOR 1 \/ CLIMATIZADOR 2<br \/>\nFIAT &#8211; 6U PUNTO MY 2013 (2013-&#8230;.) BENZINA \/ 8 V\u00c1LVULAS \/ CLIMATIZADOR 1 \/ CLIMATIZADOR 2<br \/>\nFIAT &#8211; 3E SIENA REST.2 (2005-2011) 1400\u00a08V\u00a080CV\/59KW\u00a0178F\u00a03011 \/ 1400\u00a08V\u00a080CV\/59KW\u00a0178F\u00a05038<br \/>\nFIAT &#8211; 2V STILO F.L.L. 2003 (2003-2007) 1.4 16V CF4 95CV\/70KW \/ 1.4\u00a016V\u00a0CF4\u00a095CV\/66KW<br \/>\nALFA ROMEO &#8211; QZ MITO MY2011 (2011-2013) 1370 \/ 8 V\u00c1LVULAS \/ 16 V\u00c1LVULAS \/ 1.4\u00a0FIRE\u00a08V\u00a070CV\u00a0EURO5 \/ 1.4 FIRE 8V\/16V 78CV EURO5 \/ 1.4\u00a0FIRE\u00a016V\u00a0MULTIAIR\u00a0105CV\u00a0(EURO\u00a05) \/ 1.6 JTD EURO5 -1.4 FIRE TRB EURO4 120CV \/ 1.4 FIRE 16V TURBO MULTIAIR 135CV EURO 5 \/ 1.4\u00a0FIRE\u00a016V\u00a0TURBO\u00a0MULTIAIR\u00a0170CV\u00a0EURO\u00a05 \/ CLIMATIZADOR 1 \/ CLIMATIZADOR 2<br \/>\nALFA ROMEO &#8211; 10 MITO MY2013 (2013-&#8230;.) 1370 \/ 8 V\u00c1LVULAS \/ 16 VALVOLE \/ 1.4 FIRE 8V 70CV EURO5-EURO6 \/ 1.4 FIRE 8V\/16V 78CV EURO5 \/ 1.6 JTD EURO5 -1.4 FIRE TRB 120CV \/ 1.4 FIRE 16V TURBO MULTIAIR 135CV EURO 5 \/ 1.4 16V TURBO MULTIAIR 140 CV EURO 6 \/ 1.4\u00a0FIRE\u00a016V\u00a0TURBO\u00a0MULTIAIR\u00a0170CV\u00a0EURO\u00a05 \/ CLIMATIZADOR 1 \/ CLIMATIZADOR 2<br \/>\nLANCIA &#8211; TK NEW YPSILON (2011-&#8230;.)  GASOLINA \/ CLIMATIZADOR 1 \/ CLIMATIZADOR 2<br \/>\nLANCIA &#8211; TE YPSILON (2003-2009) 1400 8V MPI CF4 77CV\/56KW<br \/>\nLANCIA &#8211; TE YPSILON (2003-2009) 1400 16V MPI CF4 95CV\/80KW<br \/>\nLANCIA &#8211; TI YPSILON (2009-2011) (1368\u00a0CC) \/ 8 V\u00c1LVULAS \/ CLIMATIZADOR 1 \/ CLIMATIZADOR 2<br \/>\nLANCIA &#8211; TI YPSILON (2009-2011) (1368\u00a0CC) \/ 16 V\u00c1LVULAS \/ CLIMATIZADOR 1 \/ CLIMATIZADOR 2<br \/>\nFIAT PROFESSIONAL &#8211; 1G STRADA (1999-2005) 1242 CF2<br \/>\nFIAT PROFESSIONAL &#8211; 1G STRADA (1999-2005) 1242 CF3<\/p>\n<p>LA PIEZA ES NUEVA Y ORIGINAL.<\/p>\n","protected":false},"excerpt":{"rendered":"<p>Dumper, polea del cig\u00fce\u00f1al de la correa de instrumentos de: Di\u00e1metro: 140 mm Altura: 36,6 mm FIAT &#8211; 83 500 MY2012 (2012-&#8230;.) BENZINA \/ 1242 GS &#8211; 1248 DS. \/ 1368 GASOLINA \/ CLIMATIZADOR 1 \/ CLIMATIZADOR 2 FIAT &#8211; 73 500L (2012-&#8230;.) 1.4 MPI 95CV ECOF6 &#8211; 1.3 SDE 95CV ECOF6 \/ 1370 \/ [&hellip;]<\/p>\n","protected":false},"featured_media":63482,"template":"","meta":{"_seopress_robots_primary_cat":"","_seopress_titles_title":"","_seopress_titles_desc":"","_seopress_robots_index":""},"product_cat":[74,16,82,20,92,93,21,47,98,99,101,107,108,109,127],"product_tag":[],"class_list":{"0":"post-63480","1":"product","2":"type-product","3":"status-publish","4":"has-post-thumbnail","6":"product_cat-recambios-fiat-500","7":"product_cat-recambios-alfa-romeo","8":"product_cat-recambios-fiat-bravo","9":"product_cat-recambios-fiat","10":"product_cat-recambios-fiat-grande-punto","11":"product_cat-recambios-fiat-idea","12":"product_cat-recambios-lancia","13":"product_cat-recambios-alfa-romeo-mito","14":"product_cat-recambios-fiat-palio","15":"product_cat-recambios-fiat-panda","16":"product_cat-recambios-fiat-punto","17":"product_cat-recambios-fiat-siena","18":"product_cat-recambios-fiat-stilo","19":"product_cat-recambios-fiat-strada","20":"product_cat-recambios-lancia-ypsilon","22":"first","23":"instock","24":"taxable","25":"shipping-taxable","26":"purchasable","27":"product-type-simple"},"_links":{"self":[{"href":"https:\/\/galicianparts.com\/shop\/wp-json\/wp\/v2\/product\/63480"}],"collection":[{"href":"https:\/\/galicianparts.com\/shop\/wp-json\/wp\/v2\/product"}],"about":[{"href":"https:\/\/galicianparts.com\/shop\/wp-json\/wp\/v2\/types\/product"}],"wp:featuredmedia":[{"embeddable":true,"href":"https:\/\/galicianparts.com\/shop\/wp-json\/wp\/v2\/media\/63482"}],"wp:attachment":[{"href":"https:\/\/galicianparts.com\/shop\/wp-json\/wp\/v2\/media?parent=63480"}],"wp:term":[{"taxonomy":"product_cat","embeddable":true,"href":"https:\/\/galicianparts.com\/shop\/wp-json\/wp\/v2\/product_cat?post=63480"},{"taxonomy":"product_tag","embeddable":true,"href":"https:\/\/galicianparts.com\/shop\/wp-json\/wp\/v2\/product_tag?post=63480"}],"curies":[{"name":"wp","href":"https:\/\/api.w.org\/{rel}","templated":true}]}}