{"id":63499,"date":"2022-11-23T14:25:11","date_gmt":"2022-11-23T12:25:11","guid":{"rendered":"https:\/\/galicianparts.com\/shop\/producto\/7765020-deposito-refrigerante-fiat-uno-1989-2010-nuevo-original\/"},"modified":"2023-02-17T22:09:55","modified_gmt":"2023-02-17T20:09:55","slug":"7765020-deposito-refrigerante-fiat-uno-1989-2010-nuevo-original","status":"publish","type":"product","link":"https:\/\/galicianparts.com\/shop\/producto\/7765020-deposito-refrigerante-fiat-uno-1989-2010-nuevo-original\/","title":{"rendered":"7765020 Dep\u00f3sito refrigerante Fiat Uno (1989-2010) NUEVO ORIGINAL"},"content":{"rendered":"<p>Vaso de expansi\u00f3n, dep\u00f3sito de recuperaci\u00f3n del refrigerante del motor de:<br \/>\nFIAT &#8211; XS MILLE CLIP (1995-1997) 1697 DS<br \/>\nFIAT &#8211; MU UNO DIESEL R\/89 (1989-1995) 1300 ASPIRADO<br \/>\nFIAT &#8211; MU UNO DIESEL R\/89 (1989-1995) 1367 TURBO \/ 1697 ASPIRADO \/ 1930 ASPIRADO<br \/>\nFIAT &#8211; 1D UNO MONDO (1995-2010) 1697 DS EM08 \/ INDIA \/ PAKISTAN<br \/>\nFIAT &#8211; 1D UNO MONDO (1995-2010) 1697 DS EM08 \/ URUGUAY \/ MARUECOS<\/p>\n<p>LA PIEZA ES NUEVA Y ORIGINAL.<\/p>\n","protected":false},"excerpt":{"rendered":"<p>Vaso de expansi\u00f3n, dep\u00f3sito de recuperaci\u00f3n del refrigerante del motor de: FIAT &#8211; XS MILLE CLIP (1995-1997) 1697 DS FIAT &#8211; MU UNO DIESEL R\/89 (1989-1995) 1300 ASPIRADO FIAT &#8211; MU UNO DIESEL R\/89 (1989-1995) 1367 TURBO \/ 1697 ASPIRADO \/ 1930 ASPIRADO FIAT &#8211; 1D UNO MONDO (1995-2010) 1697 DS EM08 \/ INDIA \/ [&hellip;]<\/p>\n","protected":false},"featured_media":63503,"template":"","meta":{"_seopress_robots_primary_cat":"","_seopress_titles_title":"","_seopress_titles_desc":"","_seopress_robots_index":""},"product_cat":[20,114],"product_tag":[],"class_list":{"0":"post-63499","1":"product","2":"type-product","3":"status-publish","4":"has-post-thumbnail","6":"product_cat-recambios-fiat","7":"product_cat-recambios-fiat-uno","9":"first","10":"outofstock","11":"taxable","12":"shipping-taxable","13":"purchasable","14":"product-type-simple"},"_links":{"self":[{"href":"https:\/\/galicianparts.com\/shop\/wp-json\/wp\/v2\/product\/63499"}],"collection":[{"href":"https:\/\/galicianparts.com\/shop\/wp-json\/wp\/v2\/product"}],"about":[{"href":"https:\/\/galicianparts.com\/shop\/wp-json\/wp\/v2\/types\/product"}],"wp:featuredmedia":[{"embeddable":true,"href":"https:\/\/galicianparts.com\/shop\/wp-json\/wp\/v2\/media\/63503"}],"wp:attachment":[{"href":"https:\/\/galicianparts.com\/shop\/wp-json\/wp\/v2\/media?parent=63499"}],"wp:term":[{"taxonomy":"product_cat","embeddable":true,"href":"https:\/\/galicianparts.com\/shop\/wp-json\/wp\/v2\/product_cat?post=63499"},{"taxonomy":"product_tag","embeddable":true,"href":"https:\/\/galicianparts.com\/shop\/wp-json\/wp\/v2\/product_tag?post=63499"}],"curies":[{"name":"wp","href":"https:\/\/api.w.org\/{rel}","templated":true}]}}