{"id":63776,"date":"2022-11-28T13:36:38","date_gmt":"2022-11-28T11:36:38","guid":{"rendered":"https:\/\/galicianparts.com\/shop\/producto\/77366001-kit-homocinetica-palier-fiat-doblo-stilo-bravo-lancia-delta-iii-original\/"},"modified":"2025-03-12T12:39:29","modified_gmt":"2025-03-12T10:39:29","slug":"77366001-kit-homocinetica-palier-fiat-doblo-stilo-bravo-lancia-delta-iii-original","status":"publish","type":"product","link":"https:\/\/galicianparts.com\/shop\/producto\/77366001-kit-homocinetica-palier-fiat-doblo-stilo-bravo-lancia-delta-iii-original\/","title":{"rendered":"77366001 Kit homocin\u00e9tica palier Fiat Doblo \/Stilo \/Bravo \/Lancia Delta III ORIGINAL"},"content":{"rendered":"<p>Juego, set de la junta homocin\u00e9tica y capuch\u00f3n de los ejes de trasmisi\u00f3n de:<br \/>\nFIAT &#8211; 3L NUOVA BRAVO (2007-2009) 1400 TRB GS \/1598\/1910 JTD 120CV \/ 1400 TRB GS \/1910 JTD 150CV \/ ASPIRADO \/ 1370  ASP.GS.-1.4 TB.GS.<br \/>\nFIAT &#8211; 3L NUOVA BRAVO (2007-2009) 1400 TRB GS \/1598\/1910 JTD 120CV \/ SELESPEED\u00a0(MANDO\u00a0CAMBIO\u00a0ROBOTIZADO) \/ ASPIRADO \/ 1370  ASP.GS.-1.4 TB.GS.<br \/>\nFIAT &#8211; 3L NUOVA BRAVO (2007-2009) 1598 TB.GS  &#8211; 1598 JTD \/ (1.4 MPI)  (1.9 90CV) (1.6 90CV) \/ 1598 JTD 105CV \/ 1910\u00a0JTD \/ (1.4 MPI)  (1.9 90CV) (1.6 90CV) \/ 1910\u00a0JTD \/ 1400 TRB GS \/1598\/1910 JTD 120CV<br \/>\nFIAT &#8211; 3L NUOVA BRAVO (2007-2009) 1598 TB.GS  &#8211; 1598 JTD \/ 1400 TRB GS \/1598\/1910 JTD 120CV<br \/>\nFIAT &#8211; 3L NUOVA BRAVO (2007-2009) 1598 TB.GS  &#8211; 1598 JTD \/ 1400 TRB GS \/1598\/1910 JTD 120CV \/ SELESPEED\u00a0(MANDO\u00a0CAMBIO\u00a0ROBOTIZADO)<br \/>\nFIAT &#8211; 3Y NUOVA BRAVO MY 2010 (2010-2014) 1368 \/ SELESPEED\u00a0(MANDO\u00a0CAMBIO\u00a0ROBOTIZADO)<br \/>\nFIAT &#8211; 3Y NUOVA BRAVO MY 2010 (2010-2014) 1598 \/ SELESPEED\u00a0(MANDO\u00a0CAMBIO\u00a0ROBOTIZADO)<br \/>\nFIAT &#8211; 2C STILO (2001-2003) 1.9 JTD 85KW\/115CV \/ S.W. ACTUAL 2\/ACTIVE \/ S.W. DYNAMIC\/POWER<br \/>\nFIAT &#8211; 2C STILO (2001-2003) 1.9 JTD 85KW\/115CV \/ BN ACTIVE\/ATTRACTIVE 3P \/ BN DYNAMIC\/POWER 3P \/ BN ACTIVE\/ATTRACTIVE 5P \/ BN DYNAMIC\/POWER 5P \/ BN ACTUAL 3P<br \/>\nFIAT &#8211; 2C STILO (2001-2003) 1.9 JTD 85KW\/115CV \/ BN ACTUAL 5 P \/ BN ACTUAL 2\/ACTIVE N.G. 3P \/ BN ACTUAL 2\/ACTIVE N.G. 5P \/ BN DYNAMIC N.G. 3P \/ BN DYNAMIC N.G. 5P<br \/>\nFIAT &#8211; 2V STILO F.L.L. 2003 (2003-2007) 1.9 JTD 85KW\/115CV \/ SW ACTUAL  FL 2003 \/ SW ACTIVE  FL 2003 \/ SW DYNAMIC  FL 2003<br \/>\nFIAT &#8211; 2V STILO F.L.L. 2003 (2003-2007) 1.9 JTD CF4 8V 120HP 88KW<br \/>\nLANCIA &#8211; TN LANCIA DELTA MY 2011 (2011-2014) SELESPEED\u00a0(MANDO\u00a0CAMBIO\u00a0ROBOTIZADO)<br \/>\nLANCIA &#8211; TH NUOVA DELTA 844 (2008-2011) CAMBIO MEC. (M3)1.4 120\/150 1.6 JTD MTA \/ 1400 GS TRB 150 CV CEEF4 \/ 1400 GS TRB 140CV CEEF5 \/ 1370 1.4 TRB GS FIRE \/ 1400 GS TRB CEEF4  \/1598 JTD -120 CV<br \/>\nLANCIA &#8211; TH NUOVA DELTA 844 (2008-2011) 1598\u00a0JTD<br \/>\nLANCIA &#8211; TH NUOVA DELTA 844 (2008-2011) 1598\u00a0JTD \/ SELESPEED\u00a0(MANDO\u00a0CAMBIO\u00a0ROBOTIZADO) Y SIN CAMBIO MEC. 35 KGM<br \/>\nFIAT PROFESSIONAL &#8211; 3V NUOVO DOBLO 2009 (2009-&#8230;.) 1598 DS<\/p>\n<p>LA PIEZA ES NUEVA Y ORIGINAL.<\/p>\n","protected":false},"excerpt":{"rendered":"<p>Juego, set de la junta homocin\u00e9tica y capuch\u00f3n de los ejes de trasmisi\u00f3n de: FIAT &#8211; 3L NUOVA BRAVO (2007-2009) 1400 TRB GS \/1598\/1910 JTD 120CV \/ 1400 TRB GS \/1910 JTD 150CV \/ ASPIRADO \/ 1370 ASP.GS.-1.4 TB.GS. FIAT &#8211; 3L NUOVA BRAVO (2007-2009) 1400 TRB GS \/1598\/1910 JTD 120CV \/ SELESPEED\u00a0(MANDO\u00a0CAMBIO\u00a0ROBOTIZADO) \/ ASPIRADO [&hellip;]<\/p>\n","protected":false},"featured_media":63781,"template":"","meta":{"_seopress_robots_primary_cat":"","_seopress_titles_title":"","_seopress_titles_desc":"","_seopress_robots_index":""},"product_cat":[82,118,87,20,21,108],"product_tag":[],"class_list":{"0":"post-63776","1":"product","2":"type-product","3":"status-publish","4":"has-post-thumbnail","6":"product_cat-recambios-fiat-bravo","7":"product_cat-recambios-lancia-delta","8":"product_cat-recambios-fiat-doblo","9":"product_cat-recambios-fiat","10":"product_cat-recambios-lancia","11":"product_cat-recambios-fiat-stilo","13":"first","14":"outofstock","15":"taxable","16":"shipping-taxable","17":"purchasable","18":"product-type-simple"},"_links":{"self":[{"href":"https:\/\/galicianparts.com\/shop\/wp-json\/wp\/v2\/product\/63776"}],"collection":[{"href":"https:\/\/galicianparts.com\/shop\/wp-json\/wp\/v2\/product"}],"about":[{"href":"https:\/\/galicianparts.com\/shop\/wp-json\/wp\/v2\/types\/product"}],"wp:featuredmedia":[{"embeddable":true,"href":"https:\/\/galicianparts.com\/shop\/wp-json\/wp\/v2\/media\/63781"}],"wp:attachment":[{"href":"https:\/\/galicianparts.com\/shop\/wp-json\/wp\/v2\/media?parent=63776"}],"wp:term":[{"taxonomy":"product_cat","embeddable":true,"href":"https:\/\/galicianparts.com\/shop\/wp-json\/wp\/v2\/product_cat?post=63776"},{"taxonomy":"product_tag","embeddable":true,"href":"https:\/\/galicianparts.com\/shop\/wp-json\/wp\/v2\/product_tag?post=63776"}],"curies":[{"name":"wp","href":"https:\/\/api.w.org\/{rel}","templated":true}]}}