{"id":63808,"date":"2022-11-28T19:40:10","date_gmt":"2022-11-28T17:40:10","guid":{"rendered":"https:\/\/galicianparts.com\/shop\/producto\/4320942-calandra-delantera-fiat-132-gl-1a-serie-nueva-original\/"},"modified":"2022-11-28T19:48:45","modified_gmt":"2022-11-28T17:48:45","slug":"4320942-calandra-delantera-fiat-132-gl-1a-serie-nueva-original","status":"publish","type":"product","link":"https:\/\/galicianparts.com\/shop\/producto\/4320942-calandra-delantera-fiat-132-gl-1a-serie-nueva-original\/","title":{"rendered":"4320942 Calandra delantera Fiat 132 GL 1\u00aa serie NUEVA ORIGINAL"},"content":{"rendered":"<p>Parrilla delantera, rejilla del radiador con alg\u00fan peque\u00f1o ara\u00f1azo a causa de mal almacenaje, como se ve en las fotos de:<br \/>\nFIAT 132 GL PRIMERA SERIE<\/p>\n<p>LA PIEZA ES NUEVA Y ORIGINAL CON ALG\u00daN PEQUE\u00d1O DESPERFECTO A CAUSA DE MAL ALMACENAJE<\/p>\n","protected":false},"excerpt":{"rendered":"<p>Parrilla delantera, rejilla del radiador con alg\u00fan peque\u00f1o ara\u00f1azo a causa de mal almacenaje, como se ve en las fotos de: FIAT 132 GL PRIMERA SERIE LA PIEZA ES NUEVA Y ORIGINAL CON ALG\u00daN PEQUE\u00d1O DESPERFECTO A CAUSA DE MAL ALMACENAJE<\/p>\n","protected":false},"featured_media":63809,"template":"","meta":{"_seopress_robots_primary_cat":"","_seopress_titles_title":"","_seopress_titles_desc":"","_seopress_robots_index":""},"product_cat":[71,20],"product_tag":[],"class_list":{"0":"post-63808","1":"product","2":"type-product","3":"status-publish","4":"has-post-thumbnail","6":"product_cat-recambios-fiat-132","7":"product_cat-recambios-fiat","9":"first","10":"instock","11":"taxable","12":"shipping-taxable","13":"purchasable","14":"product-type-simple"},"_links":{"self":[{"href":"https:\/\/galicianparts.com\/shop\/wp-json\/wp\/v2\/product\/63808"}],"collection":[{"href":"https:\/\/galicianparts.com\/shop\/wp-json\/wp\/v2\/product"}],"about":[{"href":"https:\/\/galicianparts.com\/shop\/wp-json\/wp\/v2\/types\/product"}],"wp:featuredmedia":[{"embeddable":true,"href":"https:\/\/galicianparts.com\/shop\/wp-json\/wp\/v2\/media\/63809"}],"wp:attachment":[{"href":"https:\/\/galicianparts.com\/shop\/wp-json\/wp\/v2\/media?parent=63808"}],"wp:term":[{"taxonomy":"product_cat","embeddable":true,"href":"https:\/\/galicianparts.com\/shop\/wp-json\/wp\/v2\/product_cat?post=63808"},{"taxonomy":"product_tag","embeddable":true,"href":"https:\/\/galicianparts.com\/shop\/wp-json\/wp\/v2\/product_tag?post=63808"}],"curies":[{"name":"wp","href":"https:\/\/api.w.org\/{rel}","templated":true}]}}