{"id":63877,"date":"2022-11-29T11:34:52","date_gmt":"2022-11-29T09:34:52","guid":{"rendered":"https:\/\/galicianparts.com\/shop\/producto\/51758056-goma-guia-cristal-puerta-trasera-der-lancia-musa-fiat-idea-nueva-original\/"},"modified":"2022-11-29T11:37:11","modified_gmt":"2022-11-29T09:37:11","slug":"51758056-goma-guia-cristal-puerta-trasera-der-lancia-musa-fiat-idea-nueva-original","status":"publish","type":"product","link":"https:\/\/galicianparts.com\/shop\/producto\/51758056-goma-guia-cristal-puerta-trasera-der-lancia-musa-fiat-idea-nueva-original\/","title":{"rendered":"51758056 Goma gu\u00eda cristal puerta trasera der. Lancia Musa \/Fiat Idea NUEVA ORIGINAL"},"content":{"rendered":"<p>Perfil de goma de la gu\u00eda del cristal de la ventanilla de la puerta trasera derecha de:<br \/>\nFIAT &#8211; 2S IDEA (2003-2008)  ELEVALUNAS EL\u00c9CTRICO TRASERO<br \/>\nFIAT &#8211; 4D IDEA (2008-2012) ELEVALUNAS EL\u00c9CTRICOS TRASEROS<br \/>\nLANCIA &#8211; TG MUSA (2004-2007) ELEVALUNAS EL\u00c9CTRICO TRASERO<br \/>\nLANCIA &#8211; TJ MUSA (2007-2011) ELEVALUNAS EL\u00c9CTRICOS TRASEROS<br \/>\nLANCIA &#8211; 43 MUSA FLL (2011-2012) ELEVALUNAS EL\u00c9CTRICOS TRASEROS<\/p>\n<p>LA PIEZA ES NUEVA Y ORIGINAL.<\/p>\n","protected":false},"excerpt":{"rendered":"<p>Perfil de goma de la gu\u00eda del cristal de la ventanilla de la puerta trasera derecha de: FIAT &#8211; 2S IDEA (2003-2008) ELEVALUNAS EL\u00c9CTRICO TRASERO FIAT &#8211; 4D IDEA (2008-2012) ELEVALUNAS EL\u00c9CTRICOS TRASEROS LANCIA &#8211; TG MUSA (2004-2007) ELEVALUNAS EL\u00c9CTRICO TRASERO LANCIA &#8211; TJ MUSA (2007-2011) ELEVALUNAS EL\u00c9CTRICOS TRASEROS LANCIA &#8211; 43 MUSA FLL (2011-2012) [&hellip;]<\/p>\n","protected":false},"featured_media":63878,"template":"","meta":{"_seopress_robots_primary_cat":"","_seopress_titles_title":"","_seopress_titles_desc":"","_seopress_robots_index":""},"product_cat":[20,93,21,121],"product_tag":[],"class_list":{"0":"post-63877","1":"product","2":"type-product","3":"status-publish","4":"has-post-thumbnail","6":"product_cat-recambios-fiat","7":"product_cat-recambios-fiat-idea","8":"product_cat-recambios-lancia","9":"product_cat-recambios-lancia-musa","11":"first","12":"instock","13":"taxable","14":"shipping-taxable","15":"purchasable","16":"product-type-simple"},"_links":{"self":[{"href":"https:\/\/galicianparts.com\/shop\/wp-json\/wp\/v2\/product\/63877"}],"collection":[{"href":"https:\/\/galicianparts.com\/shop\/wp-json\/wp\/v2\/product"}],"about":[{"href":"https:\/\/galicianparts.com\/shop\/wp-json\/wp\/v2\/types\/product"}],"wp:featuredmedia":[{"embeddable":true,"href":"https:\/\/galicianparts.com\/shop\/wp-json\/wp\/v2\/media\/63878"}],"wp:attachment":[{"href":"https:\/\/galicianparts.com\/shop\/wp-json\/wp\/v2\/media?parent=63877"}],"wp:term":[{"taxonomy":"product_cat","embeddable":true,"href":"https:\/\/galicianparts.com\/shop\/wp-json\/wp\/v2\/product_cat?post=63877"},{"taxonomy":"product_tag","embeddable":true,"href":"https:\/\/galicianparts.com\/shop\/wp-json\/wp\/v2\/product_tag?post=63877"}],"curies":[{"name":"wp","href":"https:\/\/api.w.org\/{rel}","templated":true}]}}