{"id":63941,"date":"2022-11-29T13:51:55","date_gmt":"2022-11-29T11:51:55","guid":{"rendered":"https:\/\/galicianparts.com\/shop\/producto\/1307906080-taco-motor-fiat-ducato-94-02-citroen-jumper-peugeot-boxer-nuevo-original\/"},"modified":"2024-02-26T10:39:15","modified_gmt":"2024-02-26T08:39:15","slug":"1307906080-taco-motor-fiat-ducato-94-02-citroen-jumper-peugeot-boxer-nuevo-original","status":"publish","type":"product","link":"https:\/\/galicianparts.com\/shop\/producto\/1307906080-taco-motor-fiat-ducato-94-02-citroen-jumper-peugeot-boxer-nuevo-original\/","title":{"rendered":"1307906080 Taco motor Fiat Ducato (94-02) Citro\u00ebn Jumper \/Peugeot Boxer NUEVO ORIGINAL"},"content":{"rendered":"<p>Soporte del motor del lado de la distribuci\u00f3n de:<\/p>\n<p>CITRO\u00cbN Jumper I (230)<br \/>\n1.9 D, A\u00f1o 01.1999 &#8211; 04.2002, 1905 , 69<br \/>\n1.9 TD, A\u00f1o 08.1994 &#8211; 04.2002, 1905 , 90<br \/>\n1.9 TD, A\u00f1o 03.1994 &#8211; 04.2002, 1905 , 92<br \/>\n2.0, A\u00f1o 03.1994 &#8211; 04.2002, 1998 , 109<br \/>\nCITRO\u00cbN Jumper I (244)<br \/>\n2.0, A\u00f1o 04.2002 &#8211; &#8230;, 1998 , 110<br \/>\n2.0 bivalent, A\u00f1o 03.2003 &#8211; &#8230;, 1998 , 110<\/p>\n<p>FIAT Ducato II Furg\u00f3n (230L)<br \/>\n1.9 D, A\u00f1o 04.1998 &#8211; 04.2002, 1905 , 68<br \/>\n1.9 D, A\u00f1o 03.1994 &#8211; 04.2002, 1929 , 69<br \/>\n1.9 TD, A\u00f1o 03.1994 &#8211; 04.2002, 1929 , 82<br \/>\n1.9 TD, A\u00f1o 04.1998 &#8211; 04.2002, 1905 , 90<br \/>\n1.9 TD CAT, A\u00f1o 08.1994 &#8211; 04.2002, 1929 , 80<br \/>\n2.0, A\u00f1o 03.1994 &#8211; 04.2002, 1998 , 109<br \/>\n2.0 4&#215;4, A\u00f1o 11.1994 &#8211; 04.2002, 1998 , 109<\/p>\n<p>PEUGEOT Boxer (230)<br \/>\n1.9 D, A\u00f1o 07.1999 &#8211; 04.2002, 1905 , 68<br \/>\n1.9 D, A\u00f1o 03.1994 &#8211; 04.2002, 1905 , 69<br \/>\n1.9 DT 4&#215;4, A\u00f1o 03.1996 &#8211; 09.1998, 1905 , 90<br \/>\n1.9 TD, A\u00f1o 07.1999 &#8211; 04.2002, 1905 , 90<br \/>\n2.0 4&#215;4, A\u00f1o 03.1996 &#8211; 09.1998, 1998 , 109<br \/>\n2.0 i, A\u00f1o 06.1994 &#8211; 04.2002, 1998 , 109<br \/>\nPEUGEOT Boxer Cami\u00f3n de plataforma\/Chasis (244)<br \/>\n2.0 BiFuel, A\u00f1o 12.2001 &#8211; 06.2006, 1998 , 110<\/p>\n<p>LA PIEZA ES NUEVA Y ORIGINAL.<\/p>\n","protected":false},"excerpt":{"rendered":"<p>Soporte del motor del lado de la distribuci\u00f3n de: CITRO\u00cbN Jumper I (230) 1.9 D, A\u00f1o 01.1999 &#8211; 04.2002, 1905 , 69 1.9 TD, A\u00f1o 08.1994 &#8211; 04.2002, 1905 , 90 1.9 TD, A\u00f1o 03.1994 &#8211; 04.2002, 1905 , 92 2.0, A\u00f1o 03.1994 &#8211; 04.2002, 1998 , 109 CITRO\u00cbN Jumper I (244) 2.0, A\u00f1o 04.2002 [&hellip;]<\/p>\n","protected":false},"featured_media":63945,"template":"","meta":{"_seopress_robots_primary_cat":"","_seopress_titles_title":"","_seopress_titles_desc":"","_seopress_robots_index":""},"product_cat":[155,23,88,20,137,24],"product_tag":[],"class_list":{"0":"post-63941","1":"product","2":"type-product","3":"status-publish","4":"has-post-thumbnail","6":"product_cat-recambios-peugeot-boxer","7":"product_cat-recambios-citroen","8":"product_cat-recambios-fiat-ducato","9":"product_cat-recambios-fiat","10":"product_cat-recambios-citroen-jumper","11":"product_cat-recambios-peugeot","13":"first","14":"instock","15":"taxable","16":"shipping-taxable","17":"purchasable","18":"product-type-simple"},"_links":{"self":[{"href":"https:\/\/galicianparts.com\/shop\/wp-json\/wp\/v2\/product\/63941"}],"collection":[{"href":"https:\/\/galicianparts.com\/shop\/wp-json\/wp\/v2\/product"}],"about":[{"href":"https:\/\/galicianparts.com\/shop\/wp-json\/wp\/v2\/types\/product"}],"wp:featuredmedia":[{"embeddable":true,"href":"https:\/\/galicianparts.com\/shop\/wp-json\/wp\/v2\/media\/63945"}],"wp:attachment":[{"href":"https:\/\/galicianparts.com\/shop\/wp-json\/wp\/v2\/media?parent=63941"}],"wp:term":[{"taxonomy":"product_cat","embeddable":true,"href":"https:\/\/galicianparts.com\/shop\/wp-json\/wp\/v2\/product_cat?post=63941"},{"taxonomy":"product_tag","embeddable":true,"href":"https:\/\/galicianparts.com\/shop\/wp-json\/wp\/v2\/product_tag?post=63941"}],"curies":[{"name":"wp","href":"https:\/\/api.w.org\/{rel}","templated":true}]}}